{"id":5147,"date":"2025-11-27T10:26:52","date_gmt":"2025-11-27T10:26:52","guid":{"rendered":"https:\/\/raytalkcomms.com\/?post_type=product&#038;p=5147"},"modified":"2025-12-05T03:50:31","modified_gmt":"2025-12-05T03:50:31","slug":"rpb-nntn7038a-rpb-nntn8930a-high-capacity-li-ion-battery-for-motorola-apx6000-apx7000-apx8000-spx-2200","status":"publish","type":"product","link":"https:\/\/raytalkcomms.com\/de\/produkt\/rpb-nntn7038a-rpb-nntn8930a-high-capacity-li-ion-battery-for-motorola-apx6000-apx7000-apx8000-spx-2200\/","title":{"rendered":"RPB-NNTN7038A RPB-NNTN8930A Li-Ion Akku mit hoher Kapazit\u00e4t f\u00fcr Motorola APX6000 APX7000 APX8000 SPX 2200"},"content":{"rendered":"<h3>Merkmale:<\/h3>\n<ul>\n<li>Kompatibel mit Motorola-Funkger\u00e4ten der APX-Serie und SPX-Funkger\u00e4ten, einschlie\u00dflich APX 6000, APX 7000, APX 8000 und SPX 2200.<\/li>\n<li>Der leistungsstarke 3000-mAh-Akku erm\u00f6glicht einen l\u00e4ngeren Einsatz im Schichtbetrieb und lange Arbeitszyklen.<\/li>\n<li>Leistungsstarke Li-Ionen-Batterien<\/li>\n<li>Erm\u00f6glicht bis zu lange Betriebsstunden im Dauerbetrieb.<\/li>\n<li>Original RayTalk-Ersatzakkus sind eine kosteng\u00fcnstige Alternative zu OEM\/ODM-Akkus.<\/li>\n<li>Entwickelt f\u00fcr unternehmenskritische Anwendungen mit stabiler Leistung unter hoher Beanspruchung.<\/li>\n<\/ul>","protected":false},"excerpt":{"rendered":"<p>Dies ist ein hochkapazitiver Li-Ionen-Akku f\u00fcr Motorola APX-Funkger\u00e4te. Dieser RayTalk-Ersatzakku ist f\u00fcr Motorola APX-Funkger\u00e4te und SPX-Funkger\u00e4te, einschlie\u00dflich APX 6000, APX 7000, APX 8000 und SPX 2200, geeignet.<br \/>\nDer Hochleistungsakku mit einer Kapazit\u00e4t von bis zu 3000 mAh, optional mit Panasonic 3400 mAh (erh\u00e4ltlich f\u00fcr impres), liefert lang anhaltende Energie und reduziert die H\u00e4ufigkeit des Aufladens.<br \/>\nDieser Li-Ionen-Akku mit Li-Ionen-Chemie bietet eine h\u00f6here Energiedichte und eine stabilere Leistung als Standardakkus.<br \/>\nEs bietet eine zuverl\u00e4ssige, leistungsstarke Stromversorgung f\u00fcr Motorola-Funkger\u00e4te im anspruchsvollen t\u00e4glichen Einsatz.<br \/>\nRayTalk bietet eine zuverl\u00e4ssige Ersatzbatterie von Motorola an, die entwickelt wurde, um eine gleichbleibende Stromversorgung f\u00fcr verschiedene Kommunikationssysteme und Produkte zu gew\u00e4hrleisten.<\/p>\n<div id=\"gtx-trans\" style=\"position: absolute; left: 362px; top: 87.2px;\">\n<div class=\"gtx-trans-icon\"><\/div>\n<\/div>","protected":false},"featured_media":5150,"template":"","meta":[],"product_brand":[],"product_cat":[219,214,271],"product_tag":[],"class_list":{"0":"post-5147","1":"product","2":"type-product","3":"status-publish","4":"has-post-thumbnail","6":"product_cat-batteries-and-chargers","7":"product_cat-two-way-radio-accessories","8":"product_cat-motorola","10":"first","11":"instock","12":"shipping-taxable","13":"purchasable","14":"product-type-simple"},"_links":{"self":[{"href":"https:\/\/raytalkcomms.com\/de\/wp-json\/wp\/v2\/product\/5147","targetHints":{"allow":["GET"]}}],"collection":[{"href":"https:\/\/raytalkcomms.com\/de\/wp-json\/wp\/v2\/product"}],"about":[{"href":"https:\/\/raytalkcomms.com\/de\/wp-json\/wp\/v2\/types\/product"}],"wp:featuredmedia":[{"embeddable":true,"href":"https:\/\/raytalkcomms.com\/de\/wp-json\/wp\/v2\/media\/5150"}],"wp:attachment":[{"href":"https:\/\/raytalkcomms.com\/de\/wp-json\/wp\/v2\/media?parent=5147"}],"wp:term":[{"taxonomy":"product_brand","embeddable":true,"href":"https:\/\/raytalkcomms.com\/de\/wp-json\/wp\/v2\/product_brand?post=5147"},{"taxonomy":"product_cat","embeddable":true,"href":"https:\/\/raytalkcomms.com\/de\/wp-json\/wp\/v2\/product_cat?post=5147"},{"taxonomy":"product_tag","embeddable":true,"href":"https:\/\/raytalkcomms.com\/de\/wp-json\/wp\/v2\/product_tag?post=5147"}],"curies":[{"name":"wp","href":"https:\/\/api.w.org\/{rel}","templated":true}]}}