{"id":5131,"date":"2025-11-28T09:23:32","date_gmt":"2025-11-28T09:23:32","guid":{"rendered":"https:\/\/raytalkcomms.com\/?post_type=product&#038;p=5131"},"modified":"2025-12-05T03:51:32","modified_gmt":"2025-12-05T03:51:32","slug":"rpb-pmnn4082br-replacement-rechargeable-battery-for-motorola-radio","status":"publish","type":"product","link":"https:\/\/raytalkcomms.com\/de\/produkt\/rpb-pmnn4082br-replacement-rechargeable-battery-for-motorola-radio\/","title":{"rendered":"RPB-PMNN4082BR Akku Ersatz-Akku f\u00fcr Motorola Funkger\u00e4t"},"content":{"rendered":"<h3>Eigenschaften\uff1a<\/h3>\n<ul>\n<li>Kompatibel mit Motorola CP1200 CP1300 CP1660 C2620 CP185 EP350 P145 tragbaren Funkger\u00e4ten.<\/li>\n<li>NI-MH-Zellen mit hoher Kapazit\u00e4t erm\u00f6glichen einen l\u00e4ngeren Einsatz im Schichtbetrieb und lange Arbeitszyklen.<\/li>\n<li>Explosionsgesch\u00fctzte Hochleistungs-Lithium-Batterien<\/li>\n<li>Erm\u00f6glicht bis zu lange Betriebsstunden im Dauerbetrieb.<\/li>\n<li>Original RayTalk-Ersatzakkus sind eine kosteng\u00fcnstige Alternative zu OEM\/ODM-Akkus.<\/li>\n<li>Gebaut f\u00fcr den unternehmenskritischen Einsatz mit stabiler Leistung unter hoher Beanspruchung\u201d.\u201d<\/li>\n<\/ul>","protected":false},"excerpt":{"rendered":"<p>Dies ist ein professioneller, hochwertiger Ersatzakku f\u00fcr Motorola-Funkger\u00e4te. Dieser RayTalk-Akku ist f\u00fcr Motorola-Funkger\u00e4te konzipiert, einschlie\u00dflich CP1200 CP1300 CP1660 C2620 CP185 EP350 P145<br \/>\nEs liefert lange Zeit Energie, ohne dass es aufgeladen werden muss, selbst bei starker Beanspruchung.<br \/>\nDie Akkukapazit\u00e4t betr\u00e4gt panasonic panasonic 1800mAh, und andere Kapazit\u00e4ten k\u00f6nnen auf Anfrage durch Kontaktaufnahme mit unserem Team angepasst werden.<br \/>\nHergestellt mit NI-MH-Zellen, bietet es zuverl\u00e4ssige, kosteng\u00fcnstige Energie f\u00fcr Motorola Funkger\u00e4te im anspruchsvollen t\u00e4glichen Einsatz.<br \/>\nRayTalk bietet zuverl\u00e4ssige Motorola-Funkbatterien an, die eine konstante Stromversorgung f\u00fcr verschiedene Kommunikationssysteme und -ger\u00e4te gew\u00e4hrleisten.<\/p>","protected":false},"featured_media":5200,"template":"","meta":[],"product_brand":[],"product_cat":[214,219,271],"product_tag":[],"class_list":{"0":"post-5131","1":"product","2":"type-product","3":"status-publish","4":"has-post-thumbnail","6":"product_cat-two-way-radio-accessories","7":"product_cat-batteries-and-chargers","8":"product_cat-motorola","10":"first","11":"instock","12":"shipping-taxable","13":"purchasable","14":"product-type-simple"},"_links":{"self":[{"href":"https:\/\/raytalkcomms.com\/de\/wp-json\/wp\/v2\/product\/5131","targetHints":{"allow":["GET"]}}],"collection":[{"href":"https:\/\/raytalkcomms.com\/de\/wp-json\/wp\/v2\/product"}],"about":[{"href":"https:\/\/raytalkcomms.com\/de\/wp-json\/wp\/v2\/types\/product"}],"wp:featuredmedia":[{"embeddable":true,"href":"https:\/\/raytalkcomms.com\/de\/wp-json\/wp\/v2\/media\/5200"}],"wp:attachment":[{"href":"https:\/\/raytalkcomms.com\/de\/wp-json\/wp\/v2\/media?parent=5131"}],"wp:term":[{"taxonomy":"product_brand","embeddable":true,"href":"https:\/\/raytalkcomms.com\/de\/wp-json\/wp\/v2\/product_brand?post=5131"},{"taxonomy":"product_cat","embeddable":true,"href":"https:\/\/raytalkcomms.com\/de\/wp-json\/wp\/v2\/product_cat?post=5131"},{"taxonomy":"product_tag","embeddable":true,"href":"https:\/\/raytalkcomms.com\/de\/wp-json\/wp\/v2\/product_tag?post=5131"}],"curies":[{"name":"wp","href":"https:\/\/api.w.org\/{rel}","templated":true}]}}