{"id":5116,"date":"2025-11-27T07:45:12","date_gmt":"2025-11-27T07:45:12","guid":{"rendered":"https:\/\/raytalkcomms.com\/?post_type=product&#038;p=5116"},"modified":"2025-12-05T03:33:12","modified_gmt":"2025-12-05T03:33:12","slug":"rpb-bl502-bl2010-bl1504-rechargeable-battery-for-hytera-pd-series-radios","status":"publish","type":"product","link":"https:\/\/raytalkcomms.com\/de\/produkt\/rpb-bl502-bl2010-bl1504-rechargeable-battery-for-hytera-pd-series-radios\/","title":{"rendered":"RPB-BL502 BL2010 &amp;BL1504 Wiederaufladbare Batterie f\u00fcr Hytera PD-Serie Funkger\u00e4te"},"content":{"rendered":"<h3>Merkmale:<\/h3>\n<ul>\n<li>Compatible with Hytera two way radios, including PD500\/PD600, PD560\/PD660, and PD590\/PD680.<\/li>\n<li>Li-Ionen-Zellen mit hoher Kapazit\u00e4t erm\u00f6glichen einen l\u00e4ngeren Einsatz im Schichtbetrieb und lange Arbeitszyklen.<\/li>\n<li>Wiederaufladbare Batterie Leistungsstarke Li-Ionen-Batterien<\/li>\n<li>Erm\u00f6glicht bis zu lange Betriebsstunden im Dauerbetrieb.<\/li>\n<li>Original RayTalk-Ersatzakkus sind eine kosteng\u00fcnstige Alternative zu OEM\/ODM-Akkus.<\/li>\n<li>Entwickelt f\u00fcr unternehmenskritische Anwendungen mit stabiler Leistung unter hoher Beanspruchung.<\/li>\n<\/ul>","protected":false},"excerpt":{"rendered":"<p>This is a professional, high-quality replacement battery for an Icom radio. This RayTalk replacement Rechargeable Battery is designed for Hytera radios, including the PD500\/PD600, PD560\/PD660, and PD590\/PD680.<br \/>\nEs liefert selbst bei starker Beanspruchung lang anhaltende Energie, ohne dass ein Aufladen erforderlich ist.<br \/>\nThe battery capacity is 1500 mAh and 2000 mAh. Made with Li-ion chemistry, this battery delivers higher energy density and longer runtime than standard packs.<br \/>\nEs bietet eine zuverl\u00e4ssige, kosteng\u00fcnstige Stromversorgung f\u00fcr die Hytera Walkie-Talkies im anspruchsvollen t\u00e4glichen Einsatz.<br \/>\nRayTalk bietet einen zuverl\u00e4ssigen Hytera-Funkakku an, der f\u00fcr eine gleichbleibende Stromversorgung verschiedener Kommunikationssysteme und -ger\u00e4te ausgelegt ist.<\/p>","protected":false},"featured_media":5158,"template":"","meta":[],"product_brand":[],"product_cat":[219,214,272],"product_tag":[],"class_list":{"0":"post-5116","1":"product","2":"type-product","3":"status-publish","4":"has-post-thumbnail","6":"product_cat-batteries-and-chargers","7":"product_cat-two-way-radio-accessories","8":"product_cat-hytera","10":"first","11":"instock","12":"shipping-taxable","13":"purchasable","14":"product-type-simple"},"_links":{"self":[{"href":"https:\/\/raytalkcomms.com\/de\/wp-json\/wp\/v2\/product\/5116","targetHints":{"allow":["GET"]}}],"collection":[{"href":"https:\/\/raytalkcomms.com\/de\/wp-json\/wp\/v2\/product"}],"about":[{"href":"https:\/\/raytalkcomms.com\/de\/wp-json\/wp\/v2\/types\/product"}],"wp:featuredmedia":[{"embeddable":true,"href":"https:\/\/raytalkcomms.com\/de\/wp-json\/wp\/v2\/media\/5158"}],"wp:attachment":[{"href":"https:\/\/raytalkcomms.com\/de\/wp-json\/wp\/v2\/media?parent=5116"}],"wp:term":[{"taxonomy":"product_brand","embeddable":true,"href":"https:\/\/raytalkcomms.com\/de\/wp-json\/wp\/v2\/product_brand?post=5116"},{"taxonomy":"product_cat","embeddable":true,"href":"https:\/\/raytalkcomms.com\/de\/wp-json\/wp\/v2\/product_cat?post=5116"},{"taxonomy":"product_tag","embeddable":true,"href":"https:\/\/raytalkcomms.com\/de\/wp-json\/wp\/v2\/product_tag?post=5116"}],"curies":[{"name":"wp","href":"https:\/\/api.w.org\/{rel}","templated":true}]}}