{"id":5107,"date":"2025-11-27T07:17:54","date_gmt":"2025-11-27T07:17:54","guid":{"rendered":"https:\/\/raytalkcomms.com\/?post_type=product&#038;p=5107"},"modified":"2025-12-05T03:50:31","modified_gmt":"2025-12-05T03:50:31","slug":"rpb-pmnn4807-replacement-rechargeable-battery-for-motorola-r7-radio","status":"publish","type":"product","link":"https:\/\/raytalkcomms.com\/de\/produkt\/rpb-pmnn4807-replacement-rechargeable-battery-for-motorola-r7-radio\/","title":{"rendered":"RPB-PMNN4807 Ersatz-Akku f\u00fcr Motorola R7 Funkger\u00e4t"},"content":{"rendered":"<h3>Eigenschaften\uff1a<\/h3>\n<ul>\n<li>Compatible with Motorola R7 portable radios.<\/li>\n<li>LI-ION-Zellen mit hoher Kapazit\u00e4t erm\u00f6glichen einen l\u00e4ngeren Einsatz im Schichtbetrieb und lange Arbeitszyklen.<\/li>\n<li>High-performance LI-ION batteries for Motorola R7 Radio<\/li>\n<li>Erm\u00f6glicht bis zu lange Betriebsstunden im Dauerbetrieb.<\/li>\n<li>Original RayTalk-Ersatzakkus sind eine kosteng\u00fcnstige Alternative zu OEM\/ODM-Akkus.<\/li>\n<li>Gebaut f\u00fcr den unternehmenskritischen Einsatz mit stabiler Leistung unter hoher Beanspruchung\u201d.\u201d<\/li>\n<\/ul>","protected":false},"excerpt":{"rendered":"<p>This is a professional, high-quality replacement battery for Motorola R7 Radio. This RayTalk replacement battery is designed for Motorola radios, including R7<br \/>\nEs liefert lange Zeit Energie, ohne dass es aufgeladen werden muss, selbst bei starker Beanspruchung.<br \/>\nThe battery capacity is panasonic 2250mAh, and other capacities can be customized upon request by contacting our team.<br \/>\nHergestellt mit LI-ION-Zellen, bietet es zuverl\u00e4ssige, kosteng\u00fcnstige Energie f\u00fcr Motorola Funkger\u00e4te im anspruchsvollen t\u00e4glichen Einsatz.<br \/>\nRayTalk bietet zuverl\u00e4ssige Motorola-Funkbatterien an, die eine konstante Stromversorgung f\u00fcr verschiedene Kommunikationssysteme und -ger\u00e4te gew\u00e4hrleisten.<\/p>","protected":false},"featured_media":5105,"template":"","meta":[],"product_brand":[],"product_cat":[214,219,271],"product_tag":[],"class_list":{"0":"post-5107","1":"product","2":"type-product","3":"status-publish","4":"has-post-thumbnail","6":"product_cat-two-way-radio-accessories","7":"product_cat-batteries-and-chargers","8":"product_cat-motorola","10":"first","11":"instock","12":"shipping-taxable","13":"purchasable","14":"product-type-simple"},"_links":{"self":[{"href":"https:\/\/raytalkcomms.com\/de\/wp-json\/wp\/v2\/product\/5107","targetHints":{"allow":["GET"]}}],"collection":[{"href":"https:\/\/raytalkcomms.com\/de\/wp-json\/wp\/v2\/product"}],"about":[{"href":"https:\/\/raytalkcomms.com\/de\/wp-json\/wp\/v2\/types\/product"}],"wp:featuredmedia":[{"embeddable":true,"href":"https:\/\/raytalkcomms.com\/de\/wp-json\/wp\/v2\/media\/5105"}],"wp:attachment":[{"href":"https:\/\/raytalkcomms.com\/de\/wp-json\/wp\/v2\/media?parent=5107"}],"wp:term":[{"taxonomy":"product_brand","embeddable":true,"href":"https:\/\/raytalkcomms.com\/de\/wp-json\/wp\/v2\/product_brand?post=5107"},{"taxonomy":"product_cat","embeddable":true,"href":"https:\/\/raytalkcomms.com\/de\/wp-json\/wp\/v2\/product_cat?post=5107"},{"taxonomy":"product_tag","embeddable":true,"href":"https:\/\/raytalkcomms.com\/de\/wp-json\/wp\/v2\/product_tag?post=5107"}],"curies":[{"name":"wp","href":"https:\/\/api.w.org\/{rel}","templated":true}]}}