{"id":5067,"date":"2025-11-25T10:13:12","date_gmt":"2025-11-25T10:13:12","guid":{"rendered":"https:\/\/raytalkcomms.com\/?post_type=product&#038;p=5067"},"modified":"2025-12-05T03:50:31","modified_gmt":"2025-12-05T03:50:31","slug":"rpb-nntn8359a-replacement-rechargeable-battery-for-motorola-p8608ex-radio","status":"publish","type":"product","link":"https:\/\/raytalkcomms.com\/de\/produkt\/rpb-nntn8359a-replacement-rechargeable-battery-for-motorola-p8608ex-radio\/","title":{"rendered":"RPB-NNTN8359A Ersatz-Akku f\u00fcr Motorola P8608EX Funkger\u00e4t"},"content":{"rendered":"<h3>Eigenschaften\uff1a<\/h3>\n<ul>\n<li>Compatible with Motorola P8608EX portable radios.<\/li>\n<li>High-capacity explosionproof lithium batter cells support extended use across shifts and long duty cycles.<\/li>\n<li>Wiederaufladbare Batterie Leistungsstarke Li-Ionen-Batterien<\/li>\n<li>Erm\u00f6glicht bis zu lange Betriebsstunden im Dauerbetrieb.<\/li>\n<li>Original RayTalk-Ersatzakkus sind eine kosteng\u00fcnstige Alternative zu OEM\/ODM-Akkus.<\/li>\n<li>Gebaut f\u00fcr den unternehmenskritischen Einsatz mit stabiler Leistung unter hoher Beanspruchung\u201d.\u201d<\/li>\n<\/ul>","protected":false},"excerpt":{"rendered":"<p>This is a professional, high-quality replacement battery for Motorola radios. This RayTalk Rechargeable Battery is designed for Motorola radios, including P8608EX<br \/>\nEs liefert lange Zeit Energie, ohne dass es aufgeladen werden muss, selbst bei starker Beanspruchung.<br \/>\nDie Akkukapazit\u00e4t betr\u00e4gt 2200mAh, andere Kapazit\u00e4ten k\u00f6nnen auf Anfrage von unserem Team angepasst werden.<br \/>\nMade with explosionproof lithium batter cells, it offers reliable, cost-effective power for Motorola two-way radios in demanding daily use.<br \/>\nRayTalk bietet zuverl\u00e4ssige Motorola-Funkbatterien an, die eine konstante Stromversorgung f\u00fcr verschiedene Kommunikationssysteme und -ger\u00e4te gew\u00e4hrleisten.<\/p>","protected":false},"featured_media":5220,"template":"","meta":[],"product_brand":[],"product_cat":[219,271,214],"product_tag":[],"class_list":{"0":"post-5067","1":"product","2":"type-product","3":"status-publish","4":"has-post-thumbnail","6":"product_cat-batteries-and-chargers","7":"product_cat-motorola","8":"product_cat-two-way-radio-accessories","10":"first","11":"instock","12":"shipping-taxable","13":"purchasable","14":"product-type-simple"},"_links":{"self":[{"href":"https:\/\/raytalkcomms.com\/de\/wp-json\/wp\/v2\/product\/5067","targetHints":{"allow":["GET"]}}],"collection":[{"href":"https:\/\/raytalkcomms.com\/de\/wp-json\/wp\/v2\/product"}],"about":[{"href":"https:\/\/raytalkcomms.com\/de\/wp-json\/wp\/v2\/types\/product"}],"wp:featuredmedia":[{"embeddable":true,"href":"https:\/\/raytalkcomms.com\/de\/wp-json\/wp\/v2\/media\/5220"}],"wp:attachment":[{"href":"https:\/\/raytalkcomms.com\/de\/wp-json\/wp\/v2\/media?parent=5067"}],"wp:term":[{"taxonomy":"product_brand","embeddable":true,"href":"https:\/\/raytalkcomms.com\/de\/wp-json\/wp\/v2\/product_brand?post=5067"},{"taxonomy":"product_cat","embeddable":true,"href":"https:\/\/raytalkcomms.com\/de\/wp-json\/wp\/v2\/product_cat?post=5067"},{"taxonomy":"product_tag","embeddable":true,"href":"https:\/\/raytalkcomms.com\/de\/wp-json\/wp\/v2\/product_tag?post=5067"}],"curies":[{"name":"wp","href":"https:\/\/api.w.org\/{rel}","templated":true}]}}