{"id":5040,"date":"2025-11-25T09:08:06","date_gmt":"2025-11-25T09:08:06","guid":{"rendered":"https:\/\/raytalkcomms.com\/?post_type=product&#038;p=5040"},"modified":"2025-12-05T03:49:21","modified_gmt":"2025-12-05T03:49:21","slug":"rpb-ftn6574-replacement-rechargeable-battery-for-motorola-mtp800-mtp850-ptx850-radio","status":"publish","type":"product","link":"https:\/\/raytalkcomms.com\/de\/produkt\/rpb-ftn6574-replacement-rechargeable-battery-for-motorola-mtp800-mtp850-ptx850-radio\/","title":{"rendered":"RPB-FTN6574 Ersatz-Akku f\u00fcr Motorola MTP800 MTP850 PTX850 Funkger\u00e4t"},"content":{"rendered":"<h3>Eigenschaften\uff1a<\/h3>\n<ul>\n<li>Kompatibel mit Motorola MTP800, MTP850, PTX850 tragbaren Funkger\u00e4ten.<\/li>\n<li>LI-ION-Zellen mit hoher Kapazit\u00e4t erm\u00f6glichen einen l\u00e4ngeren Einsatz im Schichtbetrieb und lange Arbeitszyklen.<\/li>\n<li>Wiederaufladbare Batterie Leistungsstarke Li-Ionen-Batterien<\/li>\n<li>Erm\u00f6glicht bis zu lange Betriebsstunden im Dauerbetrieb.<\/li>\n<li>Original RayTalk-Ersatzakkus sind eine kosteng\u00fcnstige Alternative zu OEM\/ODM-Akkus.<\/li>\n<li>Gebaut f\u00fcr den unternehmenskritischen Einsatz mit stabiler Leistung unter hoher Beanspruchung\u201d.\u201d<\/li>\n<\/ul>","protected":false},"excerpt":{"rendered":"<p>Dies ist ein professioneller, hochwertiger Ersatzakku f\u00fcr Motorola-Funkger\u00e4te. Dieser RayTalk-Akku wurde f\u00fcr Motorola-Funkger\u00e4te entwickelt, einschlie\u00dflich MTP800 MTP850 PTX850<br \/>\nEs liefert lange Zeit Energie, ohne dass es aufgeladen werden muss, selbst bei starker Beanspruchung.<br \/>\nDie Akkukapazit\u00e4t betr\u00e4gt 2100 mAh, andere Kapazit\u00e4ten k\u00f6nnen auf Anfrage bei unserem Team angepasst werden.<br \/>\nHergestellt mit LI-ION-Zellen, bietet es zuverl\u00e4ssige, kosteng\u00fcnstige Energie f\u00fcr Motorola Funkger\u00e4te im anspruchsvollen t\u00e4glichen Einsatz.<br \/>\nRayTalk bietet zuverl\u00e4ssige Motorola-Funkakkus an, die eine konstante Stromversorgung f\u00fcr verschiedene Kommunikationssysteme und -ger\u00e4te gew\u00e4hrleisten.\u201d<\/p>","protected":false},"featured_media":5041,"template":"","meta":[],"product_brand":[],"product_cat":[214,219,271],"product_tag":[],"class_list":{"0":"post-5040","1":"product","2":"type-product","3":"status-publish","4":"has-post-thumbnail","6":"product_cat-two-way-radio-accessories","7":"product_cat-batteries-and-chargers","8":"product_cat-motorola","10":"first","11":"instock","12":"shipping-taxable","13":"purchasable","14":"product-type-simple"},"_links":{"self":[{"href":"https:\/\/raytalkcomms.com\/de\/wp-json\/wp\/v2\/product\/5040","targetHints":{"allow":["GET"]}}],"collection":[{"href":"https:\/\/raytalkcomms.com\/de\/wp-json\/wp\/v2\/product"}],"about":[{"href":"https:\/\/raytalkcomms.com\/de\/wp-json\/wp\/v2\/types\/product"}],"wp:featuredmedia":[{"embeddable":true,"href":"https:\/\/raytalkcomms.com\/de\/wp-json\/wp\/v2\/media\/5041"}],"wp:attachment":[{"href":"https:\/\/raytalkcomms.com\/de\/wp-json\/wp\/v2\/media?parent=5040"}],"wp:term":[{"taxonomy":"product_brand","embeddable":true,"href":"https:\/\/raytalkcomms.com\/de\/wp-json\/wp\/v2\/product_brand?post=5040"},{"taxonomy":"product_cat","embeddable":true,"href":"https:\/\/raytalkcomms.com\/de\/wp-json\/wp\/v2\/product_cat?post=5040"},{"taxonomy":"product_tag","embeddable":true,"href":"https:\/\/raytalkcomms.com\/de\/wp-json\/wp\/v2\/product_tag?post=5040"}],"curies":[{"name":"wp","href":"https:\/\/api.w.org\/{rel}","templated":true}]}}