{"id":5004,"date":"2025-11-24T09:16:32","date_gmt":"2025-11-24T09:16:32","guid":{"rendered":"https:\/\/raytalkcomms.com\/?post_type=product&#038;p=5004"},"modified":"2025-12-19T13:14:14","modified_gmt":"2025-12-19T13:14:14","slug":"ph-210-ground-support-headset-with-muff-mic","status":"publish","type":"product","link":"https:\/\/raytalkcomms.com\/de\/produkt\/ph-210-ground-support-headset-with-muff-mic\/","title":{"rendered":"PH-210 Ground Support Headset mit Muff-Mic"},"content":{"rendered":"<h3>Merkmale:<\/h3>\n<ul>\n<li>Ger\u00e4uschgesch\u00fctztes Mikrofon mit PTT-Schalter.<\/li>\n<li>Ger\u00e4uschunterdr\u00fcckung: 23 dB.<\/li>\n<li>Verst\u00e4rktes dynamisches Mikrofon mit Ger\u00e4uschunterdr\u00fcckung.<\/li>\n<li>Kurzzeitiger PTT-Schalter auf der Mikrofonabschirmung.<\/li>\n<li>Perfekt f\u00fcr Wartungsarbeiten oder den Betrieb an der Rampe.<\/li>\n<\/ul>\n<h3>Vorteile:<\/h3>\n<p>Ger\u00e4uschd\u00e4mpfende Ohrmuscheln sorgen f\u00fcr klaren, isolierten Audioempfang, w\u00e4hrend das ger\u00e4uschabgeschirmte Mikrofon (Muff) mit einem PTT-Schalter (Push-to-Talk) eine schnelle einh\u00e4ndige Kommunikation erm\u00f6glicht. Wenn das Ger\u00e4t nicht in Gebrauch ist, h\u00e4ngt es frei und ist f\u00fcr den regelm\u00e4\u00dfigen oder bedarfsgerechten Betrieb bereit.<br \/>\nUnsere Headsets f\u00fcr die Bodenunterst\u00fctzung bieten Geh\u00f6rschutz, und die Mikrofone mit Ger\u00e4uschunterdr\u00fcckung sorgen f\u00fcr eine einwandfreie, klare \u00dcbertragung unabh\u00e4ngig vom Ger\u00e4uschpegel und verhindern, dass das Flugzeug unbemerkt bleibt.<br \/>\nUnf\u00e4lle.<\/p>\n<div id=\"gtx-trans\" style=\"position: absolute; left: 152px; top: 308.225px;\">\n<div class=\"gtx-trans-icon\"><\/div>\n<\/div>","protected":false},"excerpt":{"rendered":"<p>RayTalk-Headsets f\u00fcr das Bodenpersonal von Flugh\u00e4fen bieten eine verzerrungsfreie Kommunikation und hervorragenden Geh\u00f6rschutz. Das PH-210 Over-the-Head Muff-Mic-Headset kann mit verschiedenen Flughafensystemen f\u00fcr Pushback, Ramp-Operationen, Wartung und Enteisung verwendet werden und bietet einen hohen Tragekomfort und eine klare Kommunikation selbst in den rauesten Umgebungen.<\/p>\n<p>Dieses ger\u00e4uschabgeschirmte, verst\u00e4rkte dynamische Mikrofon mit Rauschunterdr\u00fcckung wurde f\u00fcr eine klare Kommunikation in lauten Bereichen entwickelt. Mit einem eingebauten PTT-Taster erm\u00f6glicht es dem Bediener eine pr\u00e4zise Push-to-Talk-Steuerung und ist damit ideal f\u00fcr Wartungsteams, Rampenbetrieb und andere anspruchsvolle Aufgaben der Bodenunterst\u00fctzung.<\/p>\n<p>Das Ground Support Headset ist eine strapazierf\u00e4hige, ger\u00e4uschreduzierende Kommunikationsl\u00f6sung mit einem robusten Windschutzmikrofon, das die durch Windger\u00e4usche verursachten Kommunikationsschwierigkeiten effektiv beseitigt.<\/p>","protected":false},"featured_media":5006,"template":"","meta":[],"product_brand":[],"product_cat":[208,316],"product_tag":[],"class_list":{"0":"post-5004","1":"product","2":"type-product","3":"status-publish","4":"has-post-thumbnail","6":"product_cat-aviation","7":"product_cat-ground-support-headset","9":"first","10":"instock","11":"shipping-taxable","12":"purchasable","13":"product-type-simple"},"_links":{"self":[{"href":"https:\/\/raytalkcomms.com\/de\/wp-json\/wp\/v2\/product\/5004","targetHints":{"allow":["GET"]}}],"collection":[{"href":"https:\/\/raytalkcomms.com\/de\/wp-json\/wp\/v2\/product"}],"about":[{"href":"https:\/\/raytalkcomms.com\/de\/wp-json\/wp\/v2\/types\/product"}],"wp:featuredmedia":[{"embeddable":true,"href":"https:\/\/raytalkcomms.com\/de\/wp-json\/wp\/v2\/media\/5006"}],"wp:attachment":[{"href":"https:\/\/raytalkcomms.com\/de\/wp-json\/wp\/v2\/media?parent=5004"}],"wp:term":[{"taxonomy":"product_brand","embeddable":true,"href":"https:\/\/raytalkcomms.com\/de\/wp-json\/wp\/v2\/product_brand?post=5004"},{"taxonomy":"product_cat","embeddable":true,"href":"https:\/\/raytalkcomms.com\/de\/wp-json\/wp\/v2\/product_cat?post=5004"},{"taxonomy":"product_tag","embeddable":true,"href":"https:\/\/raytalkcomms.com\/de\/wp-json\/wp\/v2\/product_tag?post=5004"}],"curies":[{"name":"wp","href":"https:\/\/api.w.org\/{rel}","templated":true}]}}