{"id":4907,"date":"2025-11-21T02:54:46","date_gmt":"2025-11-21T02:54:46","guid":{"rendered":"https:\/\/raytalkcomms.com\/?post_type=product&#038;p=4907"},"modified":"2025-12-03T13:03:00","modified_gmt":"2025-12-03T13:03:00","slug":"epac-05-qd-clip-holder-for-surveillance-earpiece","status":"publish","type":"product","link":"https:\/\/raytalkcomms.com\/de\/produkt\/epac-05-qd-clip-holder-for-surveillance-earpiece\/","title":{"rendered":"EPAC-05 QD-Clip-Halterung f\u00fcr \u00dcberwachungs-Ohrh\u00f6rer"},"content":{"rendered":"<h3>Merkmale:<\/h3>\n<ul>\n<li>QD Clip Holder Schallwandlergeh\u00e4use f\u00fcr Klarrohrmikrofone und H\u00f6rkapseln<\/li>\n<li>Arbeitet mit dem EPAC-12-Wandler zusammen, um kundenspezifische Ersatz-Schallrohrmodule zu bauen<\/li>\n<li>Erh\u00e4ltlich in den Farben Schwarz und Beige, geeignet f\u00fcr die Montage vieler g\u00e4ngiger H\u00f6rrohrtypen<\/li>\n<li>Schnelltrennungsmechanismus f\u00fcr einfache Verwendung<\/li>\n<\/ul>","protected":false},"excerpt":{"rendered":"<p>EPAC-05 QD Clip Holder (Schwarz &amp; Beige) ist ein Schallwandlergeh\u00e4use f\u00fcr Klarrohrmikrofone und H\u00f6rkapseln. Es ist so konzipiert, dass es zusammen mit dem EPAC-12 Farbwandler (separat erh\u00e4ltlich) eine komplette akustische Wandlereinheit mit einem Bekleidungsclip bildet. Nach einfacher Montage im Haus kann es als Ersatzteil f\u00fcr viele auf dem Markt befindliche Ohrst\u00fccke mit klarem Schlauch verwendet werden.<\/p>\n<p>Mit dem Schnellverschluss-Clip kann der Benutzer die Komponenten schnell und m\u00fchelos verbinden und l\u00f6sen.<\/p>\n<p>F\u00fcr Kunden, die eine komplett vorgefertigte L\u00f6sung bevorzugen, bietet RayTalk auch den EPAC-18 an, der direkt an unseren EPAC-01X-Schallschlauch-Ohrhaken angeschlossen wird.<\/p>","protected":false},"featured_media":4905,"template":"","meta":[],"product_brand":[],"product_cat":[218,214],"product_tag":[],"class_list":{"0":"post-4907","1":"product","2":"type-product","3":"status-publish","4":"has-post-thumbnail","6":"product_cat-spare-parts","7":"product_cat-two-way-radio-accessories","9":"first","10":"instock","11":"shipping-taxable","12":"purchasable","13":"product-type-simple"},"_links":{"self":[{"href":"https:\/\/raytalkcomms.com\/de\/wp-json\/wp\/v2\/product\/4907","targetHints":{"allow":["GET"]}}],"collection":[{"href":"https:\/\/raytalkcomms.com\/de\/wp-json\/wp\/v2\/product"}],"about":[{"href":"https:\/\/raytalkcomms.com\/de\/wp-json\/wp\/v2\/types\/product"}],"wp:featuredmedia":[{"embeddable":true,"href":"https:\/\/raytalkcomms.com\/de\/wp-json\/wp\/v2\/media\/4905"}],"wp:attachment":[{"href":"https:\/\/raytalkcomms.com\/de\/wp-json\/wp\/v2\/media?parent=4907"}],"wp:term":[{"taxonomy":"product_brand","embeddable":true,"href":"https:\/\/raytalkcomms.com\/de\/wp-json\/wp\/v2\/product_brand?post=4907"},{"taxonomy":"product_cat","embeddable":true,"href":"https:\/\/raytalkcomms.com\/de\/wp-json\/wp\/v2\/product_cat?post=4907"},{"taxonomy":"product_tag","embeddable":true,"href":"https:\/\/raytalkcomms.com\/de\/wp-json\/wp\/v2\/product_tag?post=4907"}],"curies":[{"name":"wp","href":"https:\/\/api.w.org\/{rel}","templated":true}]}}