{"id":4887,"date":"2025-11-20T06:27:14","date_gmt":"2025-11-20T06:27:14","guid":{"rendered":"https:\/\/raytalkcomms.com\/?post_type=product&#038;p=4887"},"modified":"2025-12-04T01:53:54","modified_gmt":"2025-12-04T01:53:54","slug":"epac-08b-replacement-mic-wind-cover","status":"publish","type":"product","link":"https:\/\/raytalkcomms.com\/de\/produkt\/epac-08b-replacement-mic-wind-cover\/","title":{"rendered":"EPAC-08B Ersatz-Mikrofon-Windschutz"},"content":{"rendered":"<h3>Merkmale:<\/h3>\n<ul>\n<li>Hygienische Schaumstoff-Windschutzhaube f\u00fcr REMB-02 Schiedsrichter-B\u00fcgelmikrofone<\/li>\n<li>14 mm Durchmesser \u00d7 21 mm H\u00f6he f\u00fcr einen passgenauen, sicheren Sitz<\/li>\n<li>Reduziert Wind- und Atemger\u00e4usche, sch\u00fctzt und verl\u00e4ngert die Lebensdauer des Mikrofons<\/li>\n<\/ul>\n<div id=\"gtx-trans\" style=\"position: absolute; left: 219px; top: 97.3125px;\">\n<div class=\"gtx-trans-icon\"><\/div>\n<\/div>","protected":false},"excerpt":{"rendered":"<p>Der EPAC-08B Ersatzmikrofon-Windschutz ist ein hygienischer Schaumstoff-Mikrofon-Windschutz, der speziell f\u00fcr REMB-02 B\u00fcgelmikrofon-Referee-Headsets entwickelt wurde. Mit einem Durchmesser von 14 mm und einer H\u00f6he von 21 mm bietet er einen passgenauen, sicheren Sitz f\u00fcr kleine B\u00fcgelmikrofone. Wenn Schiedsrichter, Trainer, Reiseleiter und andere Benutzer Boom-Mikrofon-Headsets tragen, hilft sie, starke Windger\u00e4usche und Staub, die durch Bewegung entstehen, zu reduzieren und die Sprach\u00fcbertragung klarer zu halten.<\/p>\n<p>EPAC-08B ist unsere Mikrofonabdeckung mit dem kleinsten Durchmesser und damit eine ideale Schutzl\u00f6sung f\u00fcr kompakte B\u00fcgelmikrofone. Die EPAC-08B ist ideal f\u00fcr Sportfunktion\u00e4re und Veranstaltungsmitarbeiter und sorgt daf\u00fcr, dass gemeinsam genutzte Headsets sauber, professionell und f\u00fcr eine zuverl\u00e4ssige Sprach\u00fcbertragung bereit sind.<\/p>\n<div id=\"gtx-trans\" style=\"position: absolute; left: 287px; top: 149.8px;\">\n<div class=\"gtx-trans-icon\"><\/div>\n<\/div>","protected":false},"featured_media":4885,"template":"","meta":[],"product_brand":[],"product_cat":[214,218],"product_tag":[],"class_list":{"0":"post-4887","1":"product","2":"type-product","3":"status-publish","4":"has-post-thumbnail","6":"product_cat-two-way-radio-accessories","7":"product_cat-spare-parts","9":"first","10":"instock","11":"shipping-taxable","12":"purchasable","13":"product-type-simple"},"_links":{"self":[{"href":"https:\/\/raytalkcomms.com\/de\/wp-json\/wp\/v2\/product\/4887","targetHints":{"allow":["GET"]}}],"collection":[{"href":"https:\/\/raytalkcomms.com\/de\/wp-json\/wp\/v2\/product"}],"about":[{"href":"https:\/\/raytalkcomms.com\/de\/wp-json\/wp\/v2\/types\/product"}],"wp:featuredmedia":[{"embeddable":true,"href":"https:\/\/raytalkcomms.com\/de\/wp-json\/wp\/v2\/media\/4885"}],"wp:attachment":[{"href":"https:\/\/raytalkcomms.com\/de\/wp-json\/wp\/v2\/media?parent=4887"}],"wp:term":[{"taxonomy":"product_brand","embeddable":true,"href":"https:\/\/raytalkcomms.com\/de\/wp-json\/wp\/v2\/product_brand?post=4887"},{"taxonomy":"product_cat","embeddable":true,"href":"https:\/\/raytalkcomms.com\/de\/wp-json\/wp\/v2\/product_cat?post=4887"},{"taxonomy":"product_tag","embeddable":true,"href":"https:\/\/raytalkcomms.com\/de\/wp-json\/wp\/v2\/product_tag?post=4887"}],"curies":[{"name":"wp","href":"https:\/\/api.w.org\/{rel}","templated":true}]}}