{"id":4883,"date":"2025-11-20T03:45:07","date_gmt":"2025-11-20T03:45:07","guid":{"rendered":"https:\/\/raytalkcomms.com\/?post_type=product&#038;p=4883"},"modified":"2025-12-04T01:54:06","modified_gmt":"2025-12-04T01:54:06","slug":"epac-08a-soft-mic-cover-for-boom-mic","status":"publish","type":"product","link":"https:\/\/raytalkcomms.com\/de\/produkt\/epac-08a-soft-mic-cover-for-boom-mic\/","title":{"rendered":"EPAC-08A Weiche Mikrofonabdeckung f\u00fcr Boom-Mikrofone"},"content":{"rendered":"<h3>Merkmale:<\/h3>\n<ul>\n<li>Weiche Schaumstoff-Mikrofonabdeckung f\u00fcr B\u00fcgelmikrofone und leichte Headsets RHS-02<\/li>\n<li>25 mm Durchmesser \u00d7 30 mm L\u00e4nge f\u00fcr einen sicheren, effektiven Sitz<\/li>\n<li>Verbessert die Hygiene und sch\u00fctzt und verl\u00e4ngert die Lebensdauer des Mikrofons<\/li>\n<\/ul>","protected":false},"excerpt":{"rendered":"<p>Die weiche Mikrofonabdeckung EPAC-08A ist eine hygienische Schaumstoff-Mikrofonabdeckung f\u00fcr B\u00fcgelmikrofone an leichten Headsets, einschlie\u00dflich der Headset-Serie RHS-02.<\/p>\n<p>Mit einem Durchmesser von 25 mm und einer L\u00e4nge von 30 mm bietet der EPAC-08A Soft Mic Muff unser gr\u00f6\u00dftes Mikrofonabdeckungsprofil mit einem gr\u00f6\u00dferen Windschutz, der mehr Arten von Boom-Mikrofonen aufnehmen kann.<\/p>\n<p>Es bietet einen sicheren Sitz, so dass unn\u00f6tige Ger\u00e4usche reduziert werden und die Mikrofone des Headsets besser gesch\u00fctzt sind, was zu einer l\u00e4ngeren Lebensdauer dieser Komponenten beitr\u00e4gt.<\/p>\n<p>Der weiche Schaumstoff sch\u00fctzt das Mikrofon vor Schwei\u00df, Staub und kleinen Verunreinigungen wie Bakterien. Diese unsichtbaren Partikel k\u00f6nnen das Mikrofon im Laufe der Zeit besch\u00e4digen und sind eine der Hauptursachen f\u00fcr eine verschlechterte Audioqualit\u00e4t.<\/p>\n<p>Der Kauf von EPAC-08A in gro\u00dfen Mengen hilft Verleihern, ihre Kommunikationsmittel zu sch\u00fctzen, den Verschlei\u00df von Headset-Mikrofonen zu verringern und den Betrieb effizienter und nachhaltiger zu gestalten.<\/p>","protected":false},"featured_media":4881,"template":"","meta":[],"product_brand":[],"product_cat":[214,218],"product_tag":[],"class_list":{"0":"post-4883","1":"product","2":"type-product","3":"status-publish","4":"has-post-thumbnail","6":"product_cat-two-way-radio-accessories","7":"product_cat-spare-parts","9":"first","10":"instock","11":"shipping-taxable","12":"purchasable","13":"product-type-simple"},"_links":{"self":[{"href":"https:\/\/raytalkcomms.com\/de\/wp-json\/wp\/v2\/product\/4883","targetHints":{"allow":["GET"]}}],"collection":[{"href":"https:\/\/raytalkcomms.com\/de\/wp-json\/wp\/v2\/product"}],"about":[{"href":"https:\/\/raytalkcomms.com\/de\/wp-json\/wp\/v2\/types\/product"}],"wp:featuredmedia":[{"embeddable":true,"href":"https:\/\/raytalkcomms.com\/de\/wp-json\/wp\/v2\/media\/4881"}],"wp:attachment":[{"href":"https:\/\/raytalkcomms.com\/de\/wp-json\/wp\/v2\/media?parent=4883"}],"wp:term":[{"taxonomy":"product_brand","embeddable":true,"href":"https:\/\/raytalkcomms.com\/de\/wp-json\/wp\/v2\/product_brand?post=4883"},{"taxonomy":"product_cat","embeddable":true,"href":"https:\/\/raytalkcomms.com\/de\/wp-json\/wp\/v2\/product_cat?post=4883"},{"taxonomy":"product_tag","embeddable":true,"href":"https:\/\/raytalkcomms.com\/de\/wp-json\/wp\/v2\/product_tag?post=4883"}],"curies":[{"name":"wp","href":"https:\/\/api.w.org\/{rel}","templated":true}]}}