{"id":4836,"date":"2025-11-18T08:35:56","date_gmt":"2025-11-18T08:35:56","guid":{"rendered":"https:\/\/raytalkcomms.com\/?post_type=product&#038;p=4836"},"modified":"2025-12-03T11:50:07","modified_gmt":"2025-12-03T11:50:07","slug":"elm-02-electret-microphone-for-ran-1000mq-metal-boom","status":"publish","type":"product","link":"https:\/\/raytalkcomms.com\/de\/produkt\/elm-02-electret-microphone-for-ran-1000mq-metal-boom\/","title":{"rendered":"ELM-02 Elektretmikrofon f\u00fcr RAN-1000MQ Metall-Ausleger"},"content":{"rendered":"<h3>Merkmale:<\/h3>\n<ul>\n<li>Leichtes, robustes Elektretmikrofon f\u00fcr den anspruchsvollen Einsatz in der Industrie und im Baugewerbe.<\/li>\n<li>Die integrierte Montageh\u00fclse ist fest mit den Metallauslegern verbunden und sorgt f\u00fcr eine stabile, sturzsichere Verbindung.<\/li>\n<li>Liefert eine klare, verst\u00e4ndliche Sprach\u00fcbertragung f\u00fcr eine zuverl\u00e4ssige Kommunikation mit RAN-1000MQ und \u00e4hnlichen Headsets.<\/li>\n<\/ul>","protected":false},"excerpt":{"rendered":"<p>Das ELM-02 ist ein leichtes, robustes Headset-Elektretmikrofon, das f\u00fcr Anwendungen entwickelt wurde, bei denen eine klare Kommunikation entscheidend ist. Es wurde f\u00fcr die Verwendung mit Industrie-Headsets mit Metallauslegerarm, wie z. B. unserem RAN-1000MQ, entwickelt und liefert selbst in lauten Bau- und Arbeitsumgebungen eine hohe Sprachverst\u00e4ndlichkeit.<br \/>\nIn das Mikrofongeh\u00e4use ist eine spezielle Befestigungsh\u00fclse integriert, die sicher am Metallarm einrastet. Diese robuste mechanische Verbindung verhindert, dass sich das Mikrofon lockert oder abf\u00e4llt, und sorgt f\u00fcr eine stabile Positionierung und eine gleichbleibende Audioaufnahme und -\u00fcbertragung w\u00e4hrend des gesamten Arbeitstages.<\/p>\n<div id=\"gtx-trans\" style=\"position: absolute; left: 322px; top: 37.8px;\">\n<div class=\"gtx-trans-icon\"><\/div>\n<\/div>","protected":false},"featured_media":4835,"template":"","meta":[],"product_brand":[],"product_cat":[214,218],"product_tag":[],"class_list":{"0":"post-4836","1":"product","2":"type-product","3":"status-publish","4":"has-post-thumbnail","6":"product_cat-two-way-radio-accessories","7":"product_cat-spare-parts","9":"first","10":"instock","11":"shipping-taxable","12":"purchasable","13":"product-type-simple"},"_links":{"self":[{"href":"https:\/\/raytalkcomms.com\/de\/wp-json\/wp\/v2\/product\/4836","targetHints":{"allow":["GET"]}}],"collection":[{"href":"https:\/\/raytalkcomms.com\/de\/wp-json\/wp\/v2\/product"}],"about":[{"href":"https:\/\/raytalkcomms.com\/de\/wp-json\/wp\/v2\/types\/product"}],"wp:featuredmedia":[{"embeddable":true,"href":"https:\/\/raytalkcomms.com\/de\/wp-json\/wp\/v2\/media\/4835"}],"wp:attachment":[{"href":"https:\/\/raytalkcomms.com\/de\/wp-json\/wp\/v2\/media?parent=4836"}],"wp:term":[{"taxonomy":"product_brand","embeddable":true,"href":"https:\/\/raytalkcomms.com\/de\/wp-json\/wp\/v2\/product_brand?post=4836"},{"taxonomy":"product_cat","embeddable":true,"href":"https:\/\/raytalkcomms.com\/de\/wp-json\/wp\/v2\/product_cat?post=4836"},{"taxonomy":"product_tag","embeddable":true,"href":"https:\/\/raytalkcomms.com\/de\/wp-json\/wp\/v2\/product_tag?post=4836"}],"curies":[{"name":"wp","href":"https:\/\/api.w.org\/{rel}","templated":true}]}}