{"id":4820,"date":"2025-11-17T10:31:43","date_gmt":"2025-11-17T10:31:43","guid":{"rendered":"https:\/\/raytalkcomms.com\/?post_type=product&#038;p=4820"},"modified":"2025-12-04T02:06:44","modified_gmt":"2025-12-04T02:06:44","slug":"epac-04e-soft-rubber-eartip-for-ear-hook-earpiece","status":"publish","type":"product","link":"https:\/\/raytalkcomms.com\/de\/produkt\/epac-04e-soft-rubber-eartip-for-ear-hook-earpiece\/","title":{"rendered":"EPAC-04E Weiche Gummiohrst\u00f6psel f\u00fcr Ohrb\u00fcgel H\u00f6rer"},"content":{"rendered":"<h3>Merkmale:<\/h3>\n<ul>\n<li>Soft Rubber Ear Buds<\/li>\n<li>For E-30 Earpiece<\/li>\n<\/ul>","protected":false},"excerpt":{"rendered":"<p>The EPAC-04E is a replacement rubber eartip for the E-30 ear hook surveillance kit. It fits snugly for stable wear. Made of transparent material, it is easy to clean and hygienic. Simple to install and replace, it combines functionality with comfort.<\/p>\n<div id=\"gtx-trans\" style=\"position: absolute; left: 417px; top: -8.8px;\">\n<div class=\"gtx-trans-icon\"><\/div>\n<\/div>","protected":false},"featured_media":4821,"template":"","meta":[],"product_brand":[],"product_cat":[214,218],"product_tag":[],"class_list":{"0":"post-4820","1":"product","2":"type-product","3":"status-publish","4":"has-post-thumbnail","6":"product_cat-two-way-radio-accessories","7":"product_cat-spare-parts","9":"first","10":"instock","11":"shipping-taxable","12":"purchasable","13":"product-type-simple"},"_links":{"self":[{"href":"https:\/\/raytalkcomms.com\/de\/wp-json\/wp\/v2\/product\/4820","targetHints":{"allow":["GET"]}}],"collection":[{"href":"https:\/\/raytalkcomms.com\/de\/wp-json\/wp\/v2\/product"}],"about":[{"href":"https:\/\/raytalkcomms.com\/de\/wp-json\/wp\/v2\/types\/product"}],"wp:featuredmedia":[{"embeddable":true,"href":"https:\/\/raytalkcomms.com\/de\/wp-json\/wp\/v2\/media\/4821"}],"wp:attachment":[{"href":"https:\/\/raytalkcomms.com\/de\/wp-json\/wp\/v2\/media?parent=4820"}],"wp:term":[{"taxonomy":"product_brand","embeddable":true,"href":"https:\/\/raytalkcomms.com\/de\/wp-json\/wp\/v2\/product_brand?post=4820"},{"taxonomy":"product_cat","embeddable":true,"href":"https:\/\/raytalkcomms.com\/de\/wp-json\/wp\/v2\/product_cat?post=4820"},{"taxonomy":"product_tag","embeddable":true,"href":"https:\/\/raytalkcomms.com\/de\/wp-json\/wp\/v2\/product_tag?post=4820"}],"curies":[{"name":"wp","href":"https:\/\/api.w.org\/{rel}","templated":true}]}}