{"id":4809,"date":"2025-11-17T09:32:33","date_gmt":"2025-11-17T09:32:33","guid":{"rendered":"https:\/\/raytalkcomms.com\/?post_type=product&#038;p=4809"},"modified":"2025-12-04T02:27:48","modified_gmt":"2025-12-04T02:27:48","slug":"epac-02-molded-gel-ear-inserts","status":"publish","type":"product","link":"https:\/\/raytalkcomms.com\/de\/produkt\/epac-02-molded-gel-ear-inserts\/","title":{"rendered":"EPAC-02 Geformte Gel-Ohreins\u00e4tze"},"content":{"rendered":"<h3>Merkmale:<\/h3>\n<ul>\n<li>Geformte Gel-Ohreins\u00e4tze<\/li>\n<li>Zur Verwendung f\u00fcr alle Zubeh\u00f6rteile f\u00fcr akustische R\u00f6hren.<\/li>\n<li>Erh\u00e4ltlich in den Gr\u00f6\u00dfen S, M oder L f\u00fcr das linke oder rechte Ohr<\/li>\n<li>Erh\u00e4ltlich mit Ohrst\u00f6pseln in drei Farben: rosa (EPAC-02A), klar (EPAC-02B) und schwarz (EPAC-02C)<\/li>\n<\/ul>","protected":false},"excerpt":{"rendered":"<p>EPAC-02 ist eine Serie geformter Gel-Ohrst\u00f6psel. Sie umfasst den rosa Ohrst\u00f6psel (EPAC-02A), den transparenten Ohrst\u00f6psel (EPAC-02B) und den schwarzen Ohrst\u00f6psel (EPAC-02C). Diese geformten Gel-Ohrst\u00f6psel sind mit dem gesamten Zubeh\u00f6r f\u00fcr Schallschl\u00e4uche kompatibel. Sie sind in drei Gr\u00f6\u00dfen erh\u00e4ltlich: S, M und L. Ob f\u00fcr das linke oder das rechte Ohr, diese Ohrst\u00f6psel sorgen f\u00fcr mehr Komfort bei der Arbeit.<\/p>","protected":false},"featured_media":4808,"template":"","meta":[],"product_brand":[],"product_cat":[218,214],"product_tag":[],"class_list":{"0":"post-4809","1":"product","2":"type-product","3":"status-publish","4":"has-post-thumbnail","6":"product_cat-spare-parts","7":"product_cat-two-way-radio-accessories","9":"first","10":"instock","11":"shipping-taxable","12":"purchasable","13":"product-type-simple"},"_links":{"self":[{"href":"https:\/\/raytalkcomms.com\/de\/wp-json\/wp\/v2\/product\/4809","targetHints":{"allow":["GET"]}}],"collection":[{"href":"https:\/\/raytalkcomms.com\/de\/wp-json\/wp\/v2\/product"}],"about":[{"href":"https:\/\/raytalkcomms.com\/de\/wp-json\/wp\/v2\/types\/product"}],"wp:featuredmedia":[{"embeddable":true,"href":"https:\/\/raytalkcomms.com\/de\/wp-json\/wp\/v2\/media\/4808"}],"wp:attachment":[{"href":"https:\/\/raytalkcomms.com\/de\/wp-json\/wp\/v2\/media?parent=4809"}],"wp:term":[{"taxonomy":"product_brand","embeddable":true,"href":"https:\/\/raytalkcomms.com\/de\/wp-json\/wp\/v2\/product_brand?post=4809"},{"taxonomy":"product_cat","embeddable":true,"href":"https:\/\/raytalkcomms.com\/de\/wp-json\/wp\/v2\/product_cat?post=4809"},{"taxonomy":"product_tag","embeddable":true,"href":"https:\/\/raytalkcomms.com\/de\/wp-json\/wp\/v2\/product_tag?post=4809"}],"curies":[{"name":"wp","href":"https:\/\/api.w.org\/{rel}","templated":true}]}}