{"id":4792,"date":"2025-11-17T07:46:33","date_gmt":"2025-11-17T07:46:33","guid":{"rendered":"https:\/\/raytalkcomms.com\/?post_type=product&#038;p=4792"},"modified":"2025-12-04T02:36:49","modified_gmt":"2025-12-04T02:36:49","slug":"epac-03x-radio-earphone-coiled-acoustic-tube-with-earbud","status":"publish","type":"product","link":"https:\/\/raytalkcomms.com\/de\/produkt\/epac-03x-radio-earphone-coiled-acoustic-tube-with-earbud\/","title":{"rendered":"EPAC-03X Radio-Kopfh\u00f6rer Spiralschlauch mit Ohrst\u00f6psel"},"content":{"rendered":"<h3>Merkmale:<\/h3>\n<ul>\n<li>Klarer Schallschlauch<\/li>\n<li>Inklusive Ohrh\u00f6rer und Schraube<\/li>\n<li>Gewickeltes Design<\/li>\n<li>Kompatibel mit dem RayTalk E-44 Ohrb\u00fcgel<\/li>\n<\/ul>","protected":false},"excerpt":{"rendered":"<p>Der EPAC-03X ist ein austauschbarer, klarer, gewellter Ohrschlauch. Er ist ein Ersatzteil f\u00fcr einen Funkkopfh\u00f6rer. Durch den Einbau w\u00e4hrend der Wartung kann der Funkkopfh\u00f6rer wieder in einen neuwertigen Zustand versetzt werden. Er wird haupts\u00e4chlich als Ersatz f\u00fcr den Funkkopfh\u00f6rer der Serie E-44 verwendet. Er enth\u00e4lt sowohl Ohrst\u00f6psel als auch Schraube. Dieses Zubeh\u00f6r erm\u00f6glicht den In-Ear-Empfang.<\/p>\n<p>EPAC-03X l\u00e4sst sich leicht ein- und ausbauen. F\u00fcr Teams, die kosteng\u00fcnstige Teile und h\u00e4ufige Wartung ben\u00f6tigen, ist EPAC-03X eine intelligente L\u00f6sung f\u00fcr eine Bestellung. Wenn Sie den E-44-Ohrb\u00fcgel von RayTalk gekauft haben, ist dieser Schlauch ein direkter Ersatz. RayTalk hat es sich zur Aufgabe gemacht, akustische R\u00f6hrenteile von h\u00f6chster Qualit\u00e4t f\u00fcr Funkger\u00e4te herzustellen.<\/p>","protected":false},"featured_media":4793,"template":"","meta":[],"product_brand":[],"product_cat":[214,218],"product_tag":[],"class_list":{"0":"post-4792","1":"product","2":"type-product","3":"status-publish","4":"has-post-thumbnail","6":"product_cat-two-way-radio-accessories","7":"product_cat-spare-parts","9":"first","10":"instock","11":"shipping-taxable","12":"purchasable","13":"product-type-simple"},"_links":{"self":[{"href":"https:\/\/raytalkcomms.com\/de\/wp-json\/wp\/v2\/product\/4792","targetHints":{"allow":["GET"]}}],"collection":[{"href":"https:\/\/raytalkcomms.com\/de\/wp-json\/wp\/v2\/product"}],"about":[{"href":"https:\/\/raytalkcomms.com\/de\/wp-json\/wp\/v2\/types\/product"}],"wp:featuredmedia":[{"embeddable":true,"href":"https:\/\/raytalkcomms.com\/de\/wp-json\/wp\/v2\/media\/4793"}],"wp:attachment":[{"href":"https:\/\/raytalkcomms.com\/de\/wp-json\/wp\/v2\/media?parent=4792"}],"wp:term":[{"taxonomy":"product_brand","embeddable":true,"href":"https:\/\/raytalkcomms.com\/de\/wp-json\/wp\/v2\/product_brand?post=4792"},{"taxonomy":"product_cat","embeddable":true,"href":"https:\/\/raytalkcomms.com\/de\/wp-json\/wp\/v2\/product_cat?post=4792"},{"taxonomy":"product_tag","embeddable":true,"href":"https:\/\/raytalkcomms.com\/de\/wp-json\/wp\/v2\/product_tag?post=4792"}],"curies":[{"name":"wp","href":"https:\/\/api.w.org\/{rel}","templated":true}]}}