{"id":4743,"date":"2025-11-14T09:03:16","date_gmt":"2025-11-14T09:03:16","guid":{"rendered":"https:\/\/raytalkcomms.com\/?post_type=product&#038;p=4743"},"modified":"2025-12-30T06:51:13","modified_gmt":"2025-12-30T06:51:13","slug":"qdc-m1-quick-connect-disconnect-cable-with-round-ptt","status":"publish","type":"product","link":"https:\/\/raytalkcomms.com\/de\/produkt\/qdc-m1-quick-connect-disconnect-cable-with-round-ptt\/","title":{"rendered":"QDC-53-M1\/CC Schnellverbindungs-Trennkabel mit runder PTT"},"content":{"rendered":"<h3>Eigenschaften<\/h3>\n<ul>\n<li>eine gut sichtbare, leicht zu dr\u00fcckende runde PTT-Taste in der Leitung.<\/li>\n<li>Entwickelt f\u00fcr schnelles Verbinden und L\u00f6sen mit dem QDC-System.<\/li>\n<li>Anpassbare Kabell\u00e4nge zur Erf\u00fcllung Ihrer spezifischen betrieblichen Anforderungen.<\/li>\n<\/ul>","protected":false},"excerpt":{"rendered":"<p>Eine erstklassige Schnelltrennl\u00f6sung mit einer \u00fcbergro\u00dfen, taktilen PTT-Taste und einem Kabel, das auf die von Ihnen gew\u00fcnschte L\u00e4nge zugeschnitten werden kann, f\u00fcr maximale Flexibilit\u00e4t und Kontrolle.<\/p>","protected":false},"featured_media":4744,"template":"","meta":[],"product_brand":[],"product_cat":[214,307],"product_tag":[],"class_list":{"0":"post-4743","1":"product","2":"type-product","3":"status-publish","4":"has-post-thumbnail","6":"product_cat-two-way-radio-accessories","7":"product_cat-audio-adapter","9":"first","10":"instock","11":"shipping-taxable","12":"purchasable","13":"product-type-simple"},"_links":{"self":[{"href":"https:\/\/raytalkcomms.com\/de\/wp-json\/wp\/v2\/product\/4743","targetHints":{"allow":["GET"]}}],"collection":[{"href":"https:\/\/raytalkcomms.com\/de\/wp-json\/wp\/v2\/product"}],"about":[{"href":"https:\/\/raytalkcomms.com\/de\/wp-json\/wp\/v2\/types\/product"}],"wp:featuredmedia":[{"embeddable":true,"href":"https:\/\/raytalkcomms.com\/de\/wp-json\/wp\/v2\/media\/4744"}],"wp:attachment":[{"href":"https:\/\/raytalkcomms.com\/de\/wp-json\/wp\/v2\/media?parent=4743"}],"wp:term":[{"taxonomy":"product_brand","embeddable":true,"href":"https:\/\/raytalkcomms.com\/de\/wp-json\/wp\/v2\/product_brand?post=4743"},{"taxonomy":"product_cat","embeddable":true,"href":"https:\/\/raytalkcomms.com\/de\/wp-json\/wp\/v2\/product_cat?post=4743"},{"taxonomy":"product_tag","embeddable":true,"href":"https:\/\/raytalkcomms.com\/de\/wp-json\/wp\/v2\/product_tag?post=4743"}],"curies":[{"name":"wp","href":"https:\/\/api.w.org\/{rel}","templated":true}]}}