{"id":4725,"date":"2025-11-13T08:14:00","date_gmt":"2025-11-13T08:14:00","guid":{"rendered":"https:\/\/raytalkcomms.com\/?post_type=product&#038;p=4725"},"modified":"2025-12-30T06:52:58","modified_gmt":"2025-12-30T06:52:58","slug":"ap-m16-m1-earpiece-adapter-for-motorola-apx-radio-to-2-pin-connector","status":"publish","type":"product","link":"https:\/\/raytalkcomms.com\/de\/produkt\/ap-m16-m1-earpiece-adapter-for-motorola-apx-radio-to-2-pin-connector\/","title":{"rendered":"AP-M16-M1 H\u00f6reradapter f\u00fcr Motorola APX-Funkger\u00e4t auf 2-poligen Anschluss"},"content":{"rendered":"<h3>Merkmale:<\/h3>\n<ul>\n<li>Passt Motorola R7 und APX Serie Multi-Pin-Funkger\u00e4te an Motorola 2-Pin-Zubeh\u00f6r an<\/li>\n<li>Hergestellt aus hochwertigen Materialien f\u00fcr robuste Haltbarkeit<\/li>\n<li>Klarer Audioweg f\u00fcr unternehmenskritische Kommunikationen<\/li>\n<li>Lassen Sie einen Adapter am Radio, um die Anzahl der Steckvorg\u00e4nge zu minimieren und Sch\u00e4den an der Buchse zu vermeiden.<\/li>\n<\/ul>","protected":false},"excerpt":{"rendered":"<p>Der H\u00f6reradapter AP-M16-M1 f\u00fcr Funkger\u00e4te der Serien Motorola R7, R7A, Motorola ION, TETRA MXP600 und APX wird an 2-poliges Zubeh\u00f6r angeschlossen und sorgt f\u00fcr eine klarere und stabilere Zwei-Wege-Kommunikation. Er hilft Teams, enger miteinander verbunden zu bleiben.<\/p>\n<p>Verschiedene Motorola-Funkger\u00e4te verwenden unterschiedliche Multi-Pin-Layouts, was den Einsatz von Standardzubeh\u00f6r erschwert. RayTalk l\u00f6st dieses Problem mit flexiblen Adapterl\u00f6sungen. AP-M16-M1 ist ein hochwertiger Adapter, mit dem Motorola APX-Funkger\u00e4te mit mehreren Pins mit Motorola 2-Pin-Ohrst\u00fccken, Headsets und PTTs verwendet werden k\u00f6nnen. Behalten Sie Ihr vorhandenes 2-Pin-Inventar, beschleunigen Sie die Einf\u00fchrung in den Teams und senken Sie Schulungs- und Kostenaufwand, w\u00e4hrend Sie gleichzeitig eine klare, zuverl\u00e4ssige Audioqualit\u00e4t im t\u00e4glichen Betrieb beibehalten.<\/p>","protected":false},"featured_media":4726,"template":"","meta":[],"product_brand":[],"product_cat":[214,307],"product_tag":[],"class_list":{"0":"post-4725","1":"product","2":"type-product","3":"status-publish","4":"has-post-thumbnail","6":"product_cat-two-way-radio-accessories","7":"product_cat-audio-adapter","9":"first","10":"instock","11":"shipping-taxable","12":"purchasable","13":"product-type-simple"},"_links":{"self":[{"href":"https:\/\/raytalkcomms.com\/de\/wp-json\/wp\/v2\/product\/4725","targetHints":{"allow":["GET"]}}],"collection":[{"href":"https:\/\/raytalkcomms.com\/de\/wp-json\/wp\/v2\/product"}],"about":[{"href":"https:\/\/raytalkcomms.com\/de\/wp-json\/wp\/v2\/types\/product"}],"wp:featuredmedia":[{"embeddable":true,"href":"https:\/\/raytalkcomms.com\/de\/wp-json\/wp\/v2\/media\/4726"}],"wp:attachment":[{"href":"https:\/\/raytalkcomms.com\/de\/wp-json\/wp\/v2\/media?parent=4725"}],"wp:term":[{"taxonomy":"product_brand","embeddable":true,"href":"https:\/\/raytalkcomms.com\/de\/wp-json\/wp\/v2\/product_brand?post=4725"},{"taxonomy":"product_cat","embeddable":true,"href":"https:\/\/raytalkcomms.com\/de\/wp-json\/wp\/v2\/product_cat?post=4725"},{"taxonomy":"product_tag","embeddable":true,"href":"https:\/\/raytalkcomms.com\/de\/wp-json\/wp\/v2\/product_tag?post=4725"}],"curies":[{"name":"wp","href":"https:\/\/api.w.org\/{rel}","templated":true}]}}