{"id":4703,"date":"2025-11-13T07:04:57","date_gmt":"2025-11-13T07:04:57","guid":{"rendered":"https:\/\/raytalkcomms.com\/?post_type=product&#038;p=4703"},"modified":"2025-12-30T06:55:54","modified_gmt":"2025-12-30T06:55:54","slug":"ap-m2-hrs6f-radio-headset-adapter-for-motorola-gp328-gp338-gp340-to-hirose-6-pin-connector","status":"publish","type":"product","link":"https:\/\/raytalkcomms.com\/de\/produkt\/ap-m2-hrs6f-radio-headset-adapter-for-motorola-gp328-gp338-gp340-to-hirose-6-pin-connector\/","title":{"rendered":"AP-M2-HRS6F Funkkopfh\u00f6rer-Adapter f\u00fcr Motorola GP328\/GP338\/GP340 auf Hirose 6 Pin Anschluss"},"content":{"rendered":"<h3>Merkmale:<\/h3>\n<ul>\n<li>Quick-Swap-F\u00e4higkeit und sichere Verbindung<\/li>\n<li>Wechseln Sie m\u00fchelos zwischen einer breiten Palette von Audiozubeh\u00f6r - von Mikrofonen und Ohrst\u00fccken bis hin zu Headsets und PTT-Kabeln.<\/li>\n<li>Ein sicherer und dennoch einfacher Befestigungsmechanismus sorgt f\u00fcr eine zuverl\u00e4ssige Verbindung zu Ihrem Funkger\u00e4t, so dass der Wechsel schnell und problemlos vonstatten geht.\u201d<\/li>\n<\/ul>","protected":false},"excerpt":{"rendered":"<p>AP-M2-HRS6F motorola radio headset adapter konvertiert einen motorola GP328\/GP338\/GP340 Stecker (M2) in einen Hirose 6 Pin Audio Stecker Adapter f\u00fcr Ihr Funkger\u00e4t<\/p>","protected":false},"featured_media":4704,"template":"","meta":[],"product_brand":[],"product_cat":[214,307],"product_tag":[],"class_list":{"0":"post-4703","1":"product","2":"type-product","3":"status-publish","4":"has-post-thumbnail","6":"product_cat-two-way-radio-accessories","7":"product_cat-audio-adapter","9":"first","10":"instock","11":"shipping-taxable","12":"purchasable","13":"product-type-simple"},"_links":{"self":[{"href":"https:\/\/raytalkcomms.com\/de\/wp-json\/wp\/v2\/product\/4703","targetHints":{"allow":["GET"]}}],"collection":[{"href":"https:\/\/raytalkcomms.com\/de\/wp-json\/wp\/v2\/product"}],"about":[{"href":"https:\/\/raytalkcomms.com\/de\/wp-json\/wp\/v2\/types\/product"}],"wp:featuredmedia":[{"embeddable":true,"href":"https:\/\/raytalkcomms.com\/de\/wp-json\/wp\/v2\/media\/4704"}],"wp:attachment":[{"href":"https:\/\/raytalkcomms.com\/de\/wp-json\/wp\/v2\/media?parent=4703"}],"wp:term":[{"taxonomy":"product_brand","embeddable":true,"href":"https:\/\/raytalkcomms.com\/de\/wp-json\/wp\/v2\/product_brand?post=4703"},{"taxonomy":"product_cat","embeddable":true,"href":"https:\/\/raytalkcomms.com\/de\/wp-json\/wp\/v2\/product_cat?post=4703"},{"taxonomy":"product_tag","embeddable":true,"href":"https:\/\/raytalkcomms.com\/de\/wp-json\/wp\/v2\/product_tag?post=4703"}],"curies":[{"name":"wp","href":"https:\/\/api.w.org\/{rel}","templated":true}]}}