{"id":4632,"date":"2025-11-11T10:54:49","date_gmt":"2025-11-11T10:54:49","guid":{"rendered":"https:\/\/raytalkcomms.com\/?post_type=product&#038;p=4632"},"modified":"2025-12-04T09:46:12","modified_gmt":"2025-12-04T09:46:12","slug":"ran-1000mq-racing-headphones-for-drag-racing","status":"publish","type":"product","link":"https:\/\/raytalkcomms.com\/de\/produkt\/ran-1000mq-racing-headphones-for-drag-racing\/","title":{"rendered":"RAN-1000MQ Rennsport-Kopfh\u00f6rer f\u00fcr Drag Racing"},"content":{"rendered":"<h3>Merkmale:<\/h3>\n<ul>\n<li>\u00dcber-Kopf-Stil.<\/li>\n<li>Der vollflexible Metallarm l\u00e4sst sich f\u00fcr eine pr\u00e4zise Mikrofonplatzierung um 270 Grad drehen.<\/li>\n<li>Kopfband mit geringer Spannung.<\/li>\n<li>Ger\u00e4uschunterdr\u00fcckendes Elektretmikrofon f\u00fcr klare Kommunikation.<\/li>\n<li>Hochleistungs-Headset mit Mini-XLR-Schnelltrennbuchse.<\/li>\n<\/ul>","protected":false},"excerpt":{"rendered":"<p>Die Rennsport-Kopfh\u00f6rer RAN-1000MQ sind professionelle Hochleistungs-Headsets mit zwei Ohrmuscheln. Gebaut f\u00fcr Rennteams und Crews, die in lauten Boxen und Fahrerlagern leben. Diese Hochleistungs-Headsets mit zwei Ohrmuscheln verwenden 100% Echtkohlefaser-Muscheln f\u00fcr hohe Festigkeit ohne zus\u00e4tzliches Gewicht. Das ultraweiche, flexible B\u00fcgelmikrofon l\u00e4sst sich um 270\u00b0 drehen, so dass Sie es genau dort platzieren k\u00f6nnen, wo Sie es brauchen, damit Sie auch neben dr\u00f6hnenden Motoren klar sprechen k\u00f6nnen. Gel-Ohrpolster und ein dickes Kopfpolster erleichtern das lange Tragen.<br \/>\nDas \u00dcber-Kopf-Design bleibt stabil, der Kopfb\u00fcgel ist auf beiden Seiten verstellbar, und die integrierte Lautst\u00e4rkeregelung sowie die PTT-Funktion mit nur einem Tastendruck sorgen f\u00fcr schnelle und einfache Funkgespr\u00e4che.<\/p>","protected":false},"featured_media":4634,"template":"","meta":[],"product_brand":[],"product_cat":[217,214],"product_tag":[],"class_list":{"0":"post-4632","1":"product","2":"type-product","3":"status-publish","4":"has-post-thumbnail","6":"product_cat-heavy-duty-headset","7":"product_cat-two-way-radio-accessories","9":"first","10":"instock","11":"shipping-taxable","12":"purchasable","13":"product-type-simple"},"_links":{"self":[{"href":"https:\/\/raytalkcomms.com\/de\/wp-json\/wp\/v2\/product\/4632","targetHints":{"allow":["GET"]}}],"collection":[{"href":"https:\/\/raytalkcomms.com\/de\/wp-json\/wp\/v2\/product"}],"about":[{"href":"https:\/\/raytalkcomms.com\/de\/wp-json\/wp\/v2\/types\/product"}],"wp:featuredmedia":[{"embeddable":true,"href":"https:\/\/raytalkcomms.com\/de\/wp-json\/wp\/v2\/media\/4634"}],"wp:attachment":[{"href":"https:\/\/raytalkcomms.com\/de\/wp-json\/wp\/v2\/media?parent=4632"}],"wp:term":[{"taxonomy":"product_brand","embeddable":true,"href":"https:\/\/raytalkcomms.com\/de\/wp-json\/wp\/v2\/product_brand?post=4632"},{"taxonomy":"product_cat","embeddable":true,"href":"https:\/\/raytalkcomms.com\/de\/wp-json\/wp\/v2\/product_cat?post=4632"},{"taxonomy":"product_tag","embeddable":true,"href":"https:\/\/raytalkcomms.com\/de\/wp-json\/wp\/v2\/product_tag?post=4632"}],"curies":[{"name":"wp","href":"https:\/\/api.w.org\/{rel}","templated":true}]}}