{"id":4626,"date":"2025-11-11T10:26:48","date_gmt":"2025-11-11T10:26:48","guid":{"rendered":"https:\/\/raytalkcomms.com\/?post_type=product&#038;p=4626"},"modified":"2025-12-19T11:21:25","modified_gmt":"2025-12-19T11:21:25","slug":"em-4731-best-police-earpieces-for-law-enforcement","status":"publish","type":"product","link":"https:\/\/raytalkcomms.com\/de\/produkt\/em-4731-best-police-earpieces-for-law-enforcement\/","title":{"rendered":"EM-4731 Beste Polizei-Ohrst\u00f6psel f\u00fcr die Strafverfolgung"},"content":{"rendered":"<h3>Merkmale:<\/h3>\n<ul>\n<li>Ultraleichtes, flaches Design f\u00fcr ganzt\u00e4gigen Komfort<\/li>\n<li>Klarer Klang mit guter Situationserkennung<\/li>\n<li>3,5-mm-Audioanschluss f\u00fcr mehrere Ohrh\u00f6rer<\/li>\n<li>Unsichtbare und ganz schwarze Optionen<\/li>\n<li>Sicherer, komfortabler Sitz bei langen Arbeitsschichten<\/li>\n<li>Enth\u00e4lt 8 Ohrenschmalzfilter, Clip und Ohrst\u00f6psel<\/li>\n<li>Langlebige Konstruktion f\u00fcr den t\u00e4glichen Gebrauch<\/li>\n<\/ul>","protected":false},"excerpt":{"rendered":"<p>Der unsichtbare Ohrh\u00f6rer EM-4731 ist der beste Polizeiohrh\u00f6rer f\u00fcr Strafverfolgungsbeh\u00f6rden. Er liefert klare, diskrete Kommunikation in einem winzigen Paket. Das ultraleichte, flache Geh\u00e4use ist den ganzen Tag \u00fcber bequem und passt sicher unter die Uniform. Dank des 3,5-mm-Anschlusses k\u00f6nnen Sie das von Ihnen bevorzugte Ohrst\u00fcck w\u00e4hlen, einschlie\u00dflich unserer unsichtbaren Option und einer komplett schwarzen Ausf\u00fchrung. Der Ton bleibt auch in lauten Umgebungen klar, und das Set enth\u00e4lt acht Cerumenfilter, die f\u00fcr eine hohe Klangqualit\u00e4t sorgen. Agenturen erhalten eine zuverl\u00e4ssige, leicht zu wartende L\u00f6sung, die die Ausr\u00fcstung standardisiert und die Gesamtkosten senkt.<\/p>","protected":false},"featured_media":4623,"template":"","meta":[],"product_brand":[],"product_cat":[214,215,306],"product_tag":[],"class_list":{"0":"post-4626","1":"product","2":"type-product","3":"status-publish","4":"has-post-thumbnail","6":"product_cat-two-way-radio-accessories","7":"product_cat-earpieces","8":"product_cat-1-wire-earpiece","10":"first","11":"instock","12":"shipping-taxable","13":"purchasable","14":"product-type-simple"},"_links":{"self":[{"href":"https:\/\/raytalkcomms.com\/de\/wp-json\/wp\/v2\/product\/4626","targetHints":{"allow":["GET"]}}],"collection":[{"href":"https:\/\/raytalkcomms.com\/de\/wp-json\/wp\/v2\/product"}],"about":[{"href":"https:\/\/raytalkcomms.com\/de\/wp-json\/wp\/v2\/types\/product"}],"wp:featuredmedia":[{"embeddable":true,"href":"https:\/\/raytalkcomms.com\/de\/wp-json\/wp\/v2\/media\/4623"}],"wp:attachment":[{"href":"https:\/\/raytalkcomms.com\/de\/wp-json\/wp\/v2\/media?parent=4626"}],"wp:term":[{"taxonomy":"product_brand","embeddable":true,"href":"https:\/\/raytalkcomms.com\/de\/wp-json\/wp\/v2\/product_brand?post=4626"},{"taxonomy":"product_cat","embeddable":true,"href":"https:\/\/raytalkcomms.com\/de\/wp-json\/wp\/v2\/product_cat?post=4626"},{"taxonomy":"product_tag","embeddable":true,"href":"https:\/\/raytalkcomms.com\/de\/wp-json\/wp\/v2\/product_tag?post=4626"}],"curies":[{"name":"wp","href":"https:\/\/api.w.org\/{rel}","templated":true}]}}