{"id":4624,"date":"2025-11-11T10:23:00","date_gmt":"2025-11-11T10:23:00","guid":{"rendered":"https:\/\/raytalkcomms.com\/?post_type=product&#038;p=4624"},"modified":"2025-12-19T11:21:26","modified_gmt":"2025-12-19T11:21:26","slug":"em-4438-transparent-acoustic-tube-security-surveillance-headset","status":"publish","type":"product","link":"https:\/\/raytalkcomms.com\/de\/produkt\/em-4438-transparent-acoustic-tube-security-surveillance-headset\/","title":{"rendered":"EM-4438 Transparentes Akustikrohr Sicherheits\u00fcberwachungs-Headset"},"content":{"rendered":"<h3>Merkmale:<\/h3>\n<ul>\n<li>Ohrh\u00f6rer mit Schallschlauch, der unbemerkt bleibt<\/li>\n<li>Private Kommunikation, die nur Sie und Ihr Team h\u00f6ren k\u00f6nnen<\/li>\n<li>PTT-Taste f\u00fcr schnelle Koordination und Reaktion<\/li>\n<li>Der Metallclip l\u00e4sst sich leicht unter der Kleidung verstecken und bleibt sicher an seinem Platz<\/li>\n<li>Langlebiges Kabel und geformte Zugentlastung f\u00fcr den t\u00e4glichen Gebrauch<\/li>\n<li>Kompatibel mit den meisten Walkie-Talkie-Funkger\u00e4ten, einschlie\u00dflich Motorola, Vertex, und mehr<\/li>\n<\/ul>","protected":false},"excerpt":{"rendered":"<p>EM-4438 clear earpiece for walkie-talkies ist ein eindr\u00e4htiges, transparentes Akustikschlauch-\u00dcberwachungs-Headset. Es erm\u00f6glicht Ihnen, einfach und diskret zu kommunizieren, wenn Sie Ihr Zwei-Wege-Funkger\u00e4t verwenden. Es ist ideal f\u00fcr die \u00dcberwachung von Walkie-Talkie-Eins\u00e4tzen und erm\u00f6glicht eine diskrete und effektive Kommunikation, ohne unn\u00f6tige Aufmerksamkeit zu erregen. Die EM-4438 Walkie-Talkie-H\u00f6rmuschel verf\u00fcgt \u00fcber ein Mikrofon mit Push-to-Talk (PTT) und einen klaren akustischen Schlauch mit Gummiohrst\u00f6psel f\u00fcr bequemes Tragen \u00fcber l\u00e4ngere Zeitr\u00e4ume.<\/p>","protected":false},"featured_media":4622,"template":"","meta":[],"product_brand":[],"product_cat":[214,215,306],"product_tag":[],"class_list":{"0":"post-4624","1":"product","2":"type-product","3":"status-publish","4":"has-post-thumbnail","6":"product_cat-two-way-radio-accessories","7":"product_cat-earpieces","8":"product_cat-1-wire-earpiece","10":"first","11":"instock","12":"shipping-taxable","13":"purchasable","14":"product-type-simple"},"_links":{"self":[{"href":"https:\/\/raytalkcomms.com\/de\/wp-json\/wp\/v2\/product\/4624","targetHints":{"allow":["GET"]}}],"collection":[{"href":"https:\/\/raytalkcomms.com\/de\/wp-json\/wp\/v2\/product"}],"about":[{"href":"https:\/\/raytalkcomms.com\/de\/wp-json\/wp\/v2\/types\/product"}],"wp:featuredmedia":[{"embeddable":true,"href":"https:\/\/raytalkcomms.com\/de\/wp-json\/wp\/v2\/media\/4622"}],"wp:attachment":[{"href":"https:\/\/raytalkcomms.com\/de\/wp-json\/wp\/v2\/media?parent=4624"}],"wp:term":[{"taxonomy":"product_brand","embeddable":true,"href":"https:\/\/raytalkcomms.com\/de\/wp-json\/wp\/v2\/product_brand?post=4624"},{"taxonomy":"product_cat","embeddable":true,"href":"https:\/\/raytalkcomms.com\/de\/wp-json\/wp\/v2\/product_cat?post=4624"},{"taxonomy":"product_tag","embeddable":true,"href":"https:\/\/raytalkcomms.com\/de\/wp-json\/wp\/v2\/product_tag?post=4624"}],"curies":[{"name":"wp","href":"https:\/\/api.w.org\/{rel}","templated":true}]}}