{"id":4613,"date":"2025-11-11T09:59:00","date_gmt":"2025-11-11T09:59:00","guid":{"rendered":"https:\/\/raytalkcomms.com\/?post_type=product&#038;p=4613"},"modified":"2025-12-19T11:21:25","modified_gmt":"2025-12-19T11:21:25","slug":"em-3327a-walkie-talkie-police-earpiece-with-mic","status":"publish","type":"product","link":"https:\/\/raytalkcomms.com\/de\/produkt\/em-3327a-walkie-talkie-police-earpiece-with-mic\/","title":{"rendered":"EM-3327A Walkie Talkie Polizei-Ohrh\u00f6rer mit Mikrofon"},"content":{"rendered":"<h3>Merkmale:<\/h3>\n<ul>\n<li>C-Ring-Drehb\u00fcgel f\u00fcr linkes oder rechtes Ohr<\/li>\n<li>Leichtes, komfortables Design f\u00fcr langes Tragen<\/li>\n<li>Ansteckmikrofon f\u00fcr klare, nat\u00fcrliche Stimme<\/li>\n<li>PTT mit Kabelausg\u00e4ngen oben und unten f\u00fcr einfachen Daumendruck<\/li>\n<li>Langlebiges Kabel und Zugentlastung<\/li>\n<li>Niedriges Profil f\u00fcr diskretes Tragen<\/li>\n<\/ul>","protected":false},"excerpt":{"rendered":"<p>Der EM-3327A Walkie-Talkie-Ohrh\u00f6rer ist ein 1-Draht-Polizeiohrh\u00f6rer mit Mikrofon und PTT. Dieser C-Ring schwenkbare Ohrh\u00f6rer sitzt sanft \u00fcber dem Ohr und funktioniert auf beiden Seiten. Die kompakte, leichte Bauweise eignet sich f\u00fcr den ganzt\u00e4gigen Einsatz. Das Ansteckmikrofon nimmt Sprache klar und deutlich auf, und das Kabel verl\u00e4uft oberhalb und unterhalb der Sprechtaste, so dass der Daumen zum Sprechen mit einer nat\u00fcrlichen Handbewegung gedr\u00fcckt werden kann, ohne das Funkger\u00e4t anzuheben. Es l\u00e4sst sich diskret unter der Jacke tragen, und die robuste Bauweise eignet sich f\u00fcr den t\u00e4glichen Einsatz im Sicherheitsbereich, im Einzelhandel und bei Veranstaltungen.<\/p>","protected":false},"featured_media":4614,"template":"","meta":[],"product_brand":[],"product_cat":[214,215,306],"product_tag":[],"class_list":{"0":"post-4613","1":"product","2":"type-product","3":"status-publish","4":"has-post-thumbnail","6":"product_cat-two-way-radio-accessories","7":"product_cat-earpieces","8":"product_cat-1-wire-earpiece","10":"first","11":"instock","12":"shipping-taxable","13":"purchasable","14":"product-type-simple"},"_links":{"self":[{"href":"https:\/\/raytalkcomms.com\/de\/wp-json\/wp\/v2\/product\/4613","targetHints":{"allow":["GET"]}}],"collection":[{"href":"https:\/\/raytalkcomms.com\/de\/wp-json\/wp\/v2\/product"}],"about":[{"href":"https:\/\/raytalkcomms.com\/de\/wp-json\/wp\/v2\/types\/product"}],"wp:featuredmedia":[{"embeddable":true,"href":"https:\/\/raytalkcomms.com\/de\/wp-json\/wp\/v2\/media\/4614"}],"wp:attachment":[{"href":"https:\/\/raytalkcomms.com\/de\/wp-json\/wp\/v2\/media?parent=4613"}],"wp:term":[{"taxonomy":"product_brand","embeddable":true,"href":"https:\/\/raytalkcomms.com\/de\/wp-json\/wp\/v2\/product_brand?post=4613"},{"taxonomy":"product_cat","embeddable":true,"href":"https:\/\/raytalkcomms.com\/de\/wp-json\/wp\/v2\/product_cat?post=4613"},{"taxonomy":"product_tag","embeddable":true,"href":"https:\/\/raytalkcomms.com\/de\/wp-json\/wp\/v2\/product_tag?post=4613"}],"curies":[{"name":"wp","href":"https:\/\/api.w.org\/{rel}","templated":true}]}}