{"id":4585,"date":"2025-11-11T02:04:52","date_gmt":"2025-11-11T02:04:52","guid":{"rendered":"https:\/\/raytalkcomms.com\/?post_type=product&#038;p=4585"},"modified":"2025-12-31T10:37:12","modified_gmt":"2025-12-31T10:37:12","slug":"em-320140-3-wire-adjustable-d-ring-earpiece-with-barrel-ptt-and-micro-lapel-mic","status":"publish","type":"product","link":"https:\/\/raytalkcomms.com\/de\/produkt\/em-320140-3-wire-adjustable-d-ring-earpiece-with-barrel-ptt-and-micro-lapel-mic\/","title":{"rendered":"EM-320140 Verstellbarer 3-Draht D-Ring-Ohrh\u00f6rer mit Trommel-PTT und Mikro-Ansteckmikrofon"},"content":{"rendered":"<h3>Merkmale:<\/h3>\n<ul>\n<li>D Ring Ohrhaken<\/li>\n<li>Trommel-PTT-Taste passt f\u00fcr einfache \u00dcbertragung<\/li>\n<li>Getrenntes Ansteckmikrofon<\/li>\n<li>Starkes, aber flexibles Kabel mit Kevlar-Verst\u00e4rkung<\/li>\n<li>Zugentlastung an PTT und Stecker<\/li>\n<li>Anpassbare Steckeroptionen f\u00fcr verschiedene Radiomodelle verf\u00fcgbar<\/li>\n<\/ul>","protected":false},"excerpt":{"rendered":"<p>Der EM-320140 Ohrh\u00f6rer ist ein einstellbarer 3-Draht-Gummi-D-Ring-Ohrh\u00f6rer f\u00fcr 2-Wege-Funkger\u00e4te. Die verstellbare Gummiohrschlaufe funktioniert am rechten oder linken Ohr. Er hat ein hochwertiges Markenmikrofon. Der EM-320140 ist ein Ohrh\u00f6rer f\u00fcr den professionellen Einsatz. Er wird von Hunderten von Polizeibeamten und Sicherheitspersonal weltweit verwendet. Er ist die ultimative Kommunikationsl\u00f6sung f\u00fcr den professionellen Anwender.<\/p>\n<p>Da verschiedene Teams und Arbeitsumgebungen unterschiedliche Kommunikationsbed\u00fcrfnisse haben, bietet RayTalk drei Arten von Ohrh\u00f6rern f\u00fcr Walkie-Talkies an - 1-Draht-, 2-Draht- und 3-Draht-Modelle.<br \/>\n1-Draht-Ohrh\u00f6rer: Einfach und praktisch, ideal f\u00fcr Benutzer, die eine schnelle Einrichtung und einen einfachen t\u00e4glichen Gebrauch ben\u00f6tigen, wie z. B. Mitarbeiter im Einzelhandel oder im Gastgewerbe.<br \/>\n2-Draht-Ohrh\u00f6rer: Die Trennung von Mikrofon und H\u00f6rer sorgt f\u00fcr mehr Flexibilit\u00e4t und eignet sich perfekt f\u00fcr Sicherheits- oder Polizeibeamte, die diskret kommunizieren m\u00fcssen.<br \/>\n3-Draht-Ohrh\u00f6rer: Bietet ein H\u00f6chstma\u00df an Tarnung und Kontrolle und wird h\u00e4ufig von verdeckten Ermittlern oder professionellen \u00dcberwachungsteams verwendet.<\/p>\n<p>Mit diesen Optionen k\u00f6nnen Ihre Teams das f\u00fcr ihren Arbeitsstil und ihre Umgebung am besten geeignete Design w\u00e4hlen.<\/p>","protected":false},"featured_media":4563,"template":"","meta":[],"product_brand":[],"product_cat":[214,215,309],"product_tag":[],"class_list":{"0":"post-4585","1":"product","2":"type-product","3":"status-publish","4":"has-post-thumbnail","6":"product_cat-two-way-radio-accessories","7":"product_cat-earpieces","8":"product_cat-3-wire-earpiece","10":"first","11":"instock","12":"shipping-taxable","13":"purchasable","14":"product-type-simple"},"_links":{"self":[{"href":"https:\/\/raytalkcomms.com\/de\/wp-json\/wp\/v2\/product\/4585","targetHints":{"allow":["GET"]}}],"collection":[{"href":"https:\/\/raytalkcomms.com\/de\/wp-json\/wp\/v2\/product"}],"about":[{"href":"https:\/\/raytalkcomms.com\/de\/wp-json\/wp\/v2\/types\/product"}],"wp:featuredmedia":[{"embeddable":true,"href":"https:\/\/raytalkcomms.com\/de\/wp-json\/wp\/v2\/media\/4563"}],"wp:attachment":[{"href":"https:\/\/raytalkcomms.com\/de\/wp-json\/wp\/v2\/media?parent=4585"}],"wp:term":[{"taxonomy":"product_brand","embeddable":true,"href":"https:\/\/raytalkcomms.com\/de\/wp-json\/wp\/v2\/product_brand?post=4585"},{"taxonomy":"product_cat","embeddable":true,"href":"https:\/\/raytalkcomms.com\/de\/wp-json\/wp\/v2\/product_cat?post=4585"},{"taxonomy":"product_tag","embeddable":true,"href":"https:\/\/raytalkcomms.com\/de\/wp-json\/wp\/v2\/product_tag?post=4585"}],"curies":[{"name":"wp","href":"https:\/\/api.w.org\/{rel}","templated":true}]}}