{"id":4578,"date":"2025-11-10T13:48:51","date_gmt":"2025-11-10T13:48:51","guid":{"rendered":"https:\/\/raytalkcomms.com\/?post_type=product&#038;p=4578"},"modified":"2025-12-19T11:21:25","modified_gmt":"2025-12-19T11:21:25","slug":"em-3239-1-wire-surveillance-kit-earpiece-for-hytrea","status":"publish","type":"product","link":"https:\/\/raytalkcomms.com\/de\/produkt\/em-3239-1-wire-surveillance-kit-earpiece-for-hytrea\/","title":{"rendered":"EM-3239 1-Draht-\u00dcberwachungsset H\u00f6rmuschel f\u00fcr Hytrea"},"content":{"rendered":"<h3>Merkmale:<\/h3>\n<ul>\n<li>Gro\u00dfe D-f\u00f6rmige Ohrmuschel<\/li>\n<li>PTT am Revers mit Metallclip f\u00fcr einfache Kommunikation<\/li>\n<li>Kevlar-Verst\u00e4rkungskabel<\/li>\n<li>Mikrofon liefert satten und klaren Klang<\/li>\n<\/ul>\n<div id=\"gtx-trans\" style=\"position: absolute; left: -83px; top: 1.2px;\">\n<div class=\"gtx-trans-icon\"><\/div>\n<\/div>","protected":false},"excerpt":{"rendered":"<p>Der EM-3239 Zwei-Wege-H\u00f6rer ist ein 1-Draht-\u00dcberwachungskit. Sein D-Ring-Ohrb\u00fcgel passt sicher auf das linke oder rechte Ohr. Im Gegensatz zu typischen In-Ear-H\u00f6rern enth\u00e4lt der Ohrb\u00fcgel ein Mikrofon, das \u00fcber dem Ohr positioniert ist und eine klare \u00dcbertragung jedes Wortes erm\u00f6glicht.<br \/>\nDie gro\u00dfe PTT ist leicht zu halten und erm\u00f6glicht die sofortige Kommunikation mit Ihrem Team auf Knopfdruck. Der Metallclip der PTT wird am Halsband befestigt, so dass Sicherheits- oder Restaurantmitarbeiter schnell kommunizieren k\u00f6nnen, indem sie einfach das Halsband anheben, was einen stabilen und zuverl\u00e4ssigen Betrieb gew\u00e4hrleistet.<\/p>","protected":false},"featured_media":4579,"template":"","meta":[],"product_brand":[],"product_cat":[214,215,306],"product_tag":[],"class_list":{"0":"post-4578","1":"product","2":"type-product","3":"status-publish","4":"has-post-thumbnail","6":"product_cat-two-way-radio-accessories","7":"product_cat-earpieces","8":"product_cat-1-wire-earpiece","10":"first","11":"instock","12":"shipping-taxable","13":"purchasable","14":"product-type-simple"},"_links":{"self":[{"href":"https:\/\/raytalkcomms.com\/de\/wp-json\/wp\/v2\/product\/4578","targetHints":{"allow":["GET"]}}],"collection":[{"href":"https:\/\/raytalkcomms.com\/de\/wp-json\/wp\/v2\/product"}],"about":[{"href":"https:\/\/raytalkcomms.com\/de\/wp-json\/wp\/v2\/types\/product"}],"wp:featuredmedia":[{"embeddable":true,"href":"https:\/\/raytalkcomms.com\/de\/wp-json\/wp\/v2\/media\/4579"}],"wp:attachment":[{"href":"https:\/\/raytalkcomms.com\/de\/wp-json\/wp\/v2\/media?parent=4578"}],"wp:term":[{"taxonomy":"product_brand","embeddable":true,"href":"https:\/\/raytalkcomms.com\/de\/wp-json\/wp\/v2\/product_brand?post=4578"},{"taxonomy":"product_cat","embeddable":true,"href":"https:\/\/raytalkcomms.com\/de\/wp-json\/wp\/v2\/product_cat?post=4578"},{"taxonomy":"product_tag","embeddable":true,"href":"https:\/\/raytalkcomms.com\/de\/wp-json\/wp\/v2\/product_tag?post=4578"}],"curies":[{"name":"wp","href":"https:\/\/api.w.org\/{rel}","templated":true}]}}