{"id":4560,"date":"2025-11-10T13:06:46","date_gmt":"2025-11-10T13:06:46","guid":{"rendered":"https:\/\/raytalkcomms.com\/?post_type=product&#038;p=4560"},"modified":"2025-12-19T11:37:15","modified_gmt":"2025-12-19T11:37:15","slug":"em-3242v-d-shape-earpiece-headset-with-vox-for-walkie-talkie-2-way-radio","status":"publish","type":"product","link":"https:\/\/raytalkcomms.com\/de\/produkt\/em-3242v-d-shape-earpiece-headset-with-vox-for-walkie-talkie-2-way-radio\/","title":{"rendered":"EM-3242V D-f\u00f6rmiges Headset mit VOX f\u00fcr Walkie Talkie 2 Way Radio"},"content":{"rendered":"<h3>Merkmale:<\/h3>\n<ul>\n<li>Gummi\u00fcberzug Ohrh\u00f6rer<\/li>\n<li>Slip PTT\/VOX-Schalter<\/li>\n<li>Zugentlastung an PTT und Stecker<\/li>\n<\/ul>\n<h3>Optionale Anpassungen:<\/h3>\n<ul>\n<li>Unterst\u00fctzt Motorola, Sepura, Vertex und andere wichtige Funkger\u00e4te<\/li>\n<\/ul>","protected":false},"excerpt":{"rendered":"<p>Der EM-3242V D-Shape Ohrh\u00f6rer kann mit der Sprechtaste (PTT) am Inline-Mikrofon oder als sprachaktivierte Einheit (VOX) verwendet werden. Wenn die sprachaktivierte \u00dcbertragung (VOX) aktiviert ist, kann der Benutzer im Freisprechmodus arbeiten, ohne die PTT-Taste bet\u00e4tigen zu m\u00fcssen. Um die VOX-Funktion zu deaktivieren, stellt der Benutzer den Wahlschalter einfach wieder auf PTT.<br \/>\nDer EM-3242V VOX-Ohrh\u00f6rer ist ausgezeichnet und funktioniert unter verschiedenen Bedingungen gut. Das Mikrofon-\/PTT-Geh\u00e4use l\u00e4sst sich sicher an der Weste befestigen und liegt flach, so dass es nicht leicht verrutscht und von vorne gedr\u00fcckt werden kann, ohne dass man das Ger\u00e4t festhalten muss.<\/p>","protected":false},"featured_media":4583,"template":"","meta":[],"product_brand":[],"product_cat":[214,215,310],"product_tag":[],"class_list":{"0":"post-4560","1":"product","2":"type-product","3":"status-publish","4":"has-post-thumbnail","6":"product_cat-two-way-radio-accessories","7":"product_cat-earpieces","8":"product_cat-vox-earpiece","10":"first","11":"instock","12":"shipping-taxable","13":"purchasable","14":"product-type-simple"},"_links":{"self":[{"href":"https:\/\/raytalkcomms.com\/de\/wp-json\/wp\/v2\/product\/4560","targetHints":{"allow":["GET"]}}],"collection":[{"href":"https:\/\/raytalkcomms.com\/de\/wp-json\/wp\/v2\/product"}],"about":[{"href":"https:\/\/raytalkcomms.com\/de\/wp-json\/wp\/v2\/types\/product"}],"wp:featuredmedia":[{"embeddable":true,"href":"https:\/\/raytalkcomms.com\/de\/wp-json\/wp\/v2\/media\/4583"}],"wp:attachment":[{"href":"https:\/\/raytalkcomms.com\/de\/wp-json\/wp\/v2\/media?parent=4560"}],"wp:term":[{"taxonomy":"product_brand","embeddable":true,"href":"https:\/\/raytalkcomms.com\/de\/wp-json\/wp\/v2\/product_brand?post=4560"},{"taxonomy":"product_cat","embeddable":true,"href":"https:\/\/raytalkcomms.com\/de\/wp-json\/wp\/v2\/product_cat?post=4560"},{"taxonomy":"product_tag","embeddable":true,"href":"https:\/\/raytalkcomms.com\/de\/wp-json\/wp\/v2\/product_tag?post=4560"}],"curies":[{"name":"wp","href":"https:\/\/api.w.org\/{rel}","templated":true}]}}