{"id":4557,"date":"2025-11-11T09:02:15","date_gmt":"2025-11-11T09:02:15","guid":{"rendered":"https:\/\/raytalkcomms.com\/?post_type=product&#038;p=4557"},"modified":"2025-12-19T11:38:35","modified_gmt":"2025-12-19T11:38:35","slug":"em-4238n-bodyguard-braided-cable-ear-tube-earpiece-for-intercom-radio","status":"publish","type":"product","link":"https:\/\/raytalkcomms.com\/de\/produkt\/em-4238n-bodyguard-braided-cable-ear-tube-earpiece-for-intercom-radio\/","title":{"rendered":"EM-4238N Bodyguard Ohrst\u00f6psel mit geflochtenem Kabel f\u00fcr Intercom Funk"},"content":{"rendered":"<h3>Merkmale:<\/h3>\n<ul>\n<li>C-f\u00f6rmiger Ohrhaken<\/li>\n<li>Geflochtenes Nylonkabel<\/li>\n<li>Push-to-talk-Schalter<\/li>\n<li>Zugentlastung an PTT und Stecker<\/li>\n<li>Robuste Materialien<\/li>\n<\/ul>\n<h3>Optionale Anpassungen:<\/h3>\n<ul>\n<li>Kompatible Stecker f\u00fcr verschiedene Radiomodelle erh\u00e4ltlich<\/li>\n<\/ul>","protected":false},"excerpt":{"rendered":"<p>Der Bodyguard-Ohrh\u00f6rer EM-4238N ist Teil der Braided Fiber Serie, die als akustischer Schlauchkopfh\u00f6rer konzipiert ist. Das geflochtene Nylonkabel verhindert ein Verheddern und Knicken und bietet ein langlebiges und problemloses Erlebnis.<br \/>\nDie geflochtenen Fasern sind dreimal st\u00e4rker als herk\u00f6mmliche Harzleitungen und gew\u00e4hrleisten eine lange Lebensdauer. Die Metallclips an der H\u00f6rmuschel und der PTT sorgen f\u00fcr eine sichere Befestigung am Benutzer und erm\u00f6glichen eine stabilere und zuverl\u00e4ssigere Funkkommunikation.<br \/>\nSicherheitsteams, Beh\u00f6rden und Sicherheitsorganisationen bevorzugen den EM-4238N Ohrh\u00f6rer mit geflochtenem Nylonkabel. Er ist sowohl f\u00fcr die intensiven Bewegungen in Notfallsituationen als auch f\u00fcr die t\u00e4glichen Anforderungen von Routinepatrouillen geeignet.<\/p>\n<div id=\"gtx-trans\" style=\"position: absolute; left: 115px; top: -8.8px;\">\n<div class=\"gtx-trans-icon\"><\/div>\n<\/div>","protected":false},"featured_media":4607,"template":"","meta":[],"product_brand":[],"product_cat":[215,214,311],"product_tag":[],"class_list":{"0":"post-4557","1":"product","2":"type-product","3":"status-publish","4":"has-post-thumbnail","6":"product_cat-earpieces","7":"product_cat-two-way-radio-accessories","8":"product_cat-braided-fiber-earpiece","10":"first","11":"instock","12":"shipping-taxable","13":"purchasable","14":"product-type-simple"},"_links":{"self":[{"href":"https:\/\/raytalkcomms.com\/de\/wp-json\/wp\/v2\/product\/4557","targetHints":{"allow":["GET"]}}],"collection":[{"href":"https:\/\/raytalkcomms.com\/de\/wp-json\/wp\/v2\/product"}],"about":[{"href":"https:\/\/raytalkcomms.com\/de\/wp-json\/wp\/v2\/types\/product"}],"wp:featuredmedia":[{"embeddable":true,"href":"https:\/\/raytalkcomms.com\/de\/wp-json\/wp\/v2\/media\/4607"}],"wp:attachment":[{"href":"https:\/\/raytalkcomms.com\/de\/wp-json\/wp\/v2\/media?parent=4557"}],"wp:term":[{"taxonomy":"product_brand","embeddable":true,"href":"https:\/\/raytalkcomms.com\/de\/wp-json\/wp\/v2\/product_brand?post=4557"},{"taxonomy":"product_cat","embeddable":true,"href":"https:\/\/raytalkcomms.com\/de\/wp-json\/wp\/v2\/product_cat?post=4557"},{"taxonomy":"product_tag","embeddable":true,"href":"https:\/\/raytalkcomms.com\/de\/wp-json\/wp\/v2\/product_tag?post=4557"}],"curies":[{"name":"wp","href":"https:\/\/api.w.org\/{rel}","templated":true}]}}