{"id":4556,"date":"2025-11-11T01:31:19","date_gmt":"2025-11-11T01:31:19","guid":{"rendered":"https:\/\/raytalkcomms.com\/?post_type=product&#038;p=4556"},"modified":"2025-12-19T11:38:35","modified_gmt":"2025-12-19T11:38:35","slug":"em-2022n-braided-fiber-cloth-g-shape-ear-hook-headset-w-ptt-noise-cancelling-mic","status":"publish","type":"product","link":"https:\/\/raytalkcomms.com\/de\/produkt\/em-2022n-braided-fiber-cloth-g-shape-ear-hook-headset-w-ptt-noise-cancelling-mic\/","title":{"rendered":"EM-2022N Ohrb\u00fcgel-Headset aus geflochtenem Fasermaterial in G-Form mit PTT-Mikrofon zur Ger\u00e4uschunterdr\u00fcckung"},"content":{"rendered":"<h3>Merkmale:<\/h3>\n<ul>\n<li>G-sahped ear hook<\/li>\n<li>Geflochtenes Faserkabel<\/li>\n<li>PTT switches<\/li>\n<li>Zugentlastung an PTT und Stecker<\/li>\n<\/ul>\n<h3>Optionale Anpassungen:<\/h3>\n<ul>\n<li>Molded connector available for Motorola, Hytera, Kenwood and most radios<\/li>\n<\/ul>\n<div id=\"gtx-trans\" style=\"position: absolute; left: -132px; top: 1.2px;\">\n<div class=\"gtx-trans-icon\"><\/div>\n<\/div>","protected":false},"excerpt":{"rendered":"<p>The EM-2027N Ear Hook with braided fiber cloth and 1 wire features a straight-through in-line PTT microphone. It is more wear-resistant and helps reduce cable tangling. The microphone has added shielding for clearer communication.<br \/>\nIt provides a solution to the discomfort associated with wearing any earpiece over a long period of time by allowing the user to wear the Ear Hook on either ear. Our high quality microphone ensures crystal clear communications.<br \/>\nPortable radio users rely on dependable, easy to use, and cost effective solutions for their audio accessories. We offer a variety of options to meet your individual needs.<\/p>","protected":false},"featured_media":4580,"template":"","meta":[],"product_brand":[],"product_cat":[214,215,311],"product_tag":[],"class_list":{"0":"post-4556","1":"product","2":"type-product","3":"status-publish","4":"has-post-thumbnail","6":"product_cat-two-way-radio-accessories","7":"product_cat-earpieces","8":"product_cat-braided-fiber-earpiece","10":"first","11":"instock","12":"shipping-taxable","13":"purchasable","14":"product-type-simple"},"_links":{"self":[{"href":"https:\/\/raytalkcomms.com\/de\/wp-json\/wp\/v2\/product\/4556","targetHints":{"allow":["GET"]}}],"collection":[{"href":"https:\/\/raytalkcomms.com\/de\/wp-json\/wp\/v2\/product"}],"about":[{"href":"https:\/\/raytalkcomms.com\/de\/wp-json\/wp\/v2\/types\/product"}],"wp:featuredmedia":[{"embeddable":true,"href":"https:\/\/raytalkcomms.com\/de\/wp-json\/wp\/v2\/media\/4580"}],"wp:attachment":[{"href":"https:\/\/raytalkcomms.com\/de\/wp-json\/wp\/v2\/media?parent=4556"}],"wp:term":[{"taxonomy":"product_brand","embeddable":true,"href":"https:\/\/raytalkcomms.com\/de\/wp-json\/wp\/v2\/product_brand?post=4556"},{"taxonomy":"product_cat","embeddable":true,"href":"https:\/\/raytalkcomms.com\/de\/wp-json\/wp\/v2\/product_cat?post=4556"},{"taxonomy":"product_tag","embeddable":true,"href":"https:\/\/raytalkcomms.com\/de\/wp-json\/wp\/v2\/product_tag?post=4556"}],"curies":[{"name":"wp","href":"https:\/\/api.w.org\/{rel}","templated":true}]}}