{"id":4545,"date":"2025-11-10T12:43:28","date_gmt":"2025-11-10T12:43:28","guid":{"rendered":"https:\/\/raytalkcomms.com\/?post_type=product&#038;p=4545"},"modified":"2025-12-19T11:45:35","modified_gmt":"2025-12-19T11:45:35","slug":"e-32-lok-2-d-shape-earbud-in-ear-radio-earpiece","status":"publish","type":"product","link":"https:\/\/raytalkcomms.com\/de\/produkt\/e-32-lok-2-d-shape-earbud-in-ear-radio-earpiece\/","title":{"rendered":"E-32\/LOK 2 D-f\u00f6rmiger Ohrst\u00f6psel In Ear Radio H\u00f6rer"},"content":{"rendered":"<h3>Merkmale:<\/h3>\n<ul>\n<li>D-Style Ohrhaken<\/li>\n<li>LOK 2 weiblicher Schnapper<\/li>\n<li>Kevlar-verst\u00e4rktes Kabel<\/li>\n<\/ul>","protected":false},"excerpt":{"rendered":"<p>Das E-32\/LOK 2 ist ein Zwei-Wege-Funkger\u00e4t im LOK-Stil mit einem weiblichen Snap-LOK 2-Stecker und einem D-f\u00f6rmigen Weichgummi-Ohrb\u00fcgel. Er erm\u00f6glicht eine schnelle Erkennung und sichere Verbindung. Das E-32\/LOK 2 ist mit ein- und zweidrahtigen Funkger\u00e4ten kompatibel und gew\u00e4hrleistet eine stabile und sichere Kommunikation f\u00fcr den Benutzer.<br \/>\nDer D-f\u00f6rmige Ohrb\u00fcgel liegt eng am Ohr an und sorgt f\u00fcr einen sicheren und bequemen Sitz. Er sorgt daf\u00fcr, dass der H\u00f6rer f\u00fcr Mitarbeiter, die sich h\u00e4ufig bewegen, wie z. B. Restaurant- und Hotelteams, stabil bleibt, ohne dass sie sich Sorgen machen m\u00fcssen, dass er abf\u00e4llt. Das Design mit Schnellverschluss passt zu ihrem schnellen Arbeitsstil und sorgt f\u00fcr bessere Hygiene und Sicherheit.<\/p>","protected":false},"featured_media":4550,"template":"","meta":[],"product_brand":[],"product_cat":[214,215,312],"product_tag":[],"class_list":{"0":"post-4545","1":"product","2":"type-product","3":"status-publish","4":"has-post-thumbnail","6":"product_cat-two-way-radio-accessories","7":"product_cat-earpieces","8":"product_cat-lok-earpiece","10":"first","11":"instock","12":"shipping-taxable","13":"purchasable","14":"product-type-simple"},"_links":{"self":[{"href":"https:\/\/raytalkcomms.com\/de\/wp-json\/wp\/v2\/product\/4545","targetHints":{"allow":["GET"]}}],"collection":[{"href":"https:\/\/raytalkcomms.com\/de\/wp-json\/wp\/v2\/product"}],"about":[{"href":"https:\/\/raytalkcomms.com\/de\/wp-json\/wp\/v2\/types\/product"}],"wp:featuredmedia":[{"embeddable":true,"href":"https:\/\/raytalkcomms.com\/de\/wp-json\/wp\/v2\/media\/4550"}],"wp:attachment":[{"href":"https:\/\/raytalkcomms.com\/de\/wp-json\/wp\/v2\/media?parent=4545"}],"wp:term":[{"taxonomy":"product_brand","embeddable":true,"href":"https:\/\/raytalkcomms.com\/de\/wp-json\/wp\/v2\/product_brand?post=4545"},{"taxonomy":"product_cat","embeddable":true,"href":"https:\/\/raytalkcomms.com\/de\/wp-json\/wp\/v2\/product_cat?post=4545"},{"taxonomy":"product_tag","embeddable":true,"href":"https:\/\/raytalkcomms.com\/de\/wp-json\/wp\/v2\/product_tag?post=4545"}],"curies":[{"name":"wp","href":"https:\/\/api.w.org\/{rel}","templated":true}]}}