{"id":4537,"date":"2025-11-10T12:01:24","date_gmt":"2025-11-10T12:01:24","guid":{"rendered":"https:\/\/raytalkcomms.com\/?post_type=product&#038;p=4537"},"modified":"2025-12-19T11:45:35","modified_gmt":"2025-12-19T11:45:35","slug":"e-33-lok-1-two-way-radio-c-shaped-swivel-earpiece","status":"publish","type":"product","link":"https:\/\/raytalkcomms.com\/de\/produkt\/e-33-lok-1-two-way-radio-c-shaped-swivel-earpiece\/","title":{"rendered":"E-33\/LOK 1 C-f\u00f6rmiger, schwenkbarer H\u00f6rer f\u00fcr Zweiweg-Funkger\u00e4te"},"content":{"rendered":"<h3>Merkmale:<\/h3>\n<ul>\n<li>C-f\u00f6rmiger drehbarer Ohrhaken<\/li>\n<li>LOK 1 weiblicher Schnapper<\/li>\n<li>Kevlar-verst\u00e4rktes Kabel<\/li>\n<\/ul>","protected":false},"excerpt":{"rendered":"<p>Das E-33\/LOK 1 ist ein LOK-Style Ohrst\u00fcck, das mit Zwei- und Ein-Draht-\u00dcberwachungsh\u00f6rern verwendet wird. Der E-33\/LOK 1 verf\u00fcgt \u00fcber einen weiblichen Snap-Lok 1, einen verstellbaren C-Stil, kann an beiden Ohren getragen werden und l\u00e4sst sich leicht in das Haupt-Set mit einem oder zwei Dr\u00e4hten einrasten.<br \/>\nBei professionellen Funkteams, wie z. B. Eventmanagement- und Freiwilligengruppen, werden gemietete Funkger\u00e4te und Zubeh\u00f6r oft von vielen Benutzern gemeinsam genutzt oder innerhalb des Teams weitergegeben. Warum nicht eine kosteng\u00fcnstigere und hygienischere L\u00f6sung w\u00e4hlen? RayTalk bietet den E 33 LOK 1 C-f\u00f6rmigen, schwenkbaren H\u00f6rer f\u00fcr Funkger\u00e4te mit Schnellverschluss an, der professionellen Nutzern eine saubere und bequeme M\u00f6glichkeit bietet, sich zu verbinden und zu gehen.<br \/>\nDer E-33\/LOK 1 Ohrh\u00f6rer wird nur mit dem C-f\u00f6rmigen Ohrb\u00fcgel geliefert. Um dieses hygienische Funkger\u00e4t in vollem Umfang nutzen zu k\u00f6nnen, m\u00fcssen Sie den Kabelsatz separat erwerben, z. B. den M-27AC\/LOK 1 Zweipol-Kabelsatz mit einem Kabel oder den M-27AC\/LOK 1 Zweipol-Kabelsatz mit zwei Kabeln.<\/p>","protected":false},"featured_media":4531,"template":"","meta":[],"product_brand":[],"product_cat":[214,215,312],"product_tag":[],"class_list":{"0":"post-4537","1":"product","2":"type-product","3":"status-publish","4":"has-post-thumbnail","6":"product_cat-two-way-radio-accessories","7":"product_cat-earpieces","8":"product_cat-lok-earpiece","10":"first","11":"instock","12":"shipping-taxable","13":"purchasable","14":"product-type-simple"},"_links":{"self":[{"href":"https:\/\/raytalkcomms.com\/de\/wp-json\/wp\/v2\/product\/4537","targetHints":{"allow":["GET"]}}],"collection":[{"href":"https:\/\/raytalkcomms.com\/de\/wp-json\/wp\/v2\/product"}],"about":[{"href":"https:\/\/raytalkcomms.com\/de\/wp-json\/wp\/v2\/types\/product"}],"wp:featuredmedia":[{"embeddable":true,"href":"https:\/\/raytalkcomms.com\/de\/wp-json\/wp\/v2\/media\/4531"}],"wp:attachment":[{"href":"https:\/\/raytalkcomms.com\/de\/wp-json\/wp\/v2\/media?parent=4537"}],"wp:term":[{"taxonomy":"product_brand","embeddable":true,"href":"https:\/\/raytalkcomms.com\/de\/wp-json\/wp\/v2\/product_brand?post=4537"},{"taxonomy":"product_cat","embeddable":true,"href":"https:\/\/raytalkcomms.com\/de\/wp-json\/wp\/v2\/product_cat?post=4537"},{"taxonomy":"product_tag","embeddable":true,"href":"https:\/\/raytalkcomms.com\/de\/wp-json\/wp\/v2\/product_tag?post=4537"}],"curies":[{"name":"wp","href":"https:\/\/api.w.org\/{rel}","templated":true}]}}