{"id":4516,"date":"2025-11-08T13:55:23","date_gmt":"2025-11-08T13:55:23","guid":{"rendered":"https:\/\/raytalkcomms.com\/?post_type=product&#038;p=4516"},"modified":"2025-12-03T10:22:39","modified_gmt":"2025-12-03T10:22:39","slug":"asp-15-faux-leather-head-pad","status":"publish","type":"product","link":"https:\/\/raytalkcomms.com\/de\/produkt\/asp-15-faux-leather-head-pad\/","title":{"rendered":"ASP-15 Kunstleder-Kopfpolster"},"content":{"rendered":"<h3>Merkmale:<\/h3>\n<ul>\n<li>Kopfpolster aus Kunstleder<\/li>\n<li>Klettverschlussbefestigung f\u00fcr einfachen Austausch<\/li>\n<\/ul>\n<div id=\"gtx-trans\" style=\"position: absolute; left: -94px; top: 1.2px;\">\n<div class=\"gtx-trans-icon\"><\/div>\n<\/div>","protected":false},"excerpt":{"rendered":"<p>Dies ist ein Ersatz-Kopfpolster f\u00fcr das PH-600A-Headset und die meisten Flugzeug-Headsets. Erfrischen Sie Ihre Flugzeug-Headsets mit diesem Ersatz-Kopfpolster aus Proteinleder. Das konturierte Design sorgt daf\u00fcr, dass Ihr Headset bequem an seinem Platz bleibt, w\u00e4hrend die Luft zirkulieren kann, um Ihren Kopf k\u00fchl zu halten. Das ASP-15 Kunstleder-Kopfpolster ist mit einem Klettverschluss versehen, so dass es sich leicht an Ihrem Headset befestigen l\u00e4sst. Wenn Sie es ersetzen m\u00fcssen, ziehen Sie es einfach ab und setzen Sie ein neues ein.<\/p>","protected":false},"featured_media":4519,"template":"","meta":[],"product_brand":[],"product_cat":[208,246],"product_tag":[],"class_list":{"0":"post-4516","1":"product","2":"type-product","3":"status-publish","4":"has-post-thumbnail","6":"product_cat-aviation","7":"product_cat-headset-accessories","9":"first","10":"instock","11":"shipping-taxable","12":"purchasable","13":"product-type-simple"},"_links":{"self":[{"href":"https:\/\/raytalkcomms.com\/de\/wp-json\/wp\/v2\/product\/4516","targetHints":{"allow":["GET"]}}],"collection":[{"href":"https:\/\/raytalkcomms.com\/de\/wp-json\/wp\/v2\/product"}],"about":[{"href":"https:\/\/raytalkcomms.com\/de\/wp-json\/wp\/v2\/types\/product"}],"wp:featuredmedia":[{"embeddable":true,"href":"https:\/\/raytalkcomms.com\/de\/wp-json\/wp\/v2\/media\/4519"}],"wp:attachment":[{"href":"https:\/\/raytalkcomms.com\/de\/wp-json\/wp\/v2\/media?parent=4516"}],"wp:term":[{"taxonomy":"product_brand","embeddable":true,"href":"https:\/\/raytalkcomms.com\/de\/wp-json\/wp\/v2\/product_brand?post=4516"},{"taxonomy":"product_cat","embeddable":true,"href":"https:\/\/raytalkcomms.com\/de\/wp-json\/wp\/v2\/product_cat?post=4516"},{"taxonomy":"product_tag","embeddable":true,"href":"https:\/\/raytalkcomms.com\/de\/wp-json\/wp\/v2\/product_tag?post=4516"}],"curies":[{"name":"wp","href":"https:\/\/api.w.org\/{rel}","templated":true}]}}