{"id":4506,"date":"2025-11-08T13:14:44","date_gmt":"2025-11-08T13:14:44","guid":{"rendered":"https:\/\/raytalkcomms.com\/?post_type=product&#038;p=4506"},"modified":"2025-12-19T14:24:12","modified_gmt":"2025-12-19T14:24:12","slug":"remb-0127-g-shape-earpiece-with-boom-mic-for-2-way-radios","status":"publish","type":"product","link":"https:\/\/raytalkcomms.com\/de\/produkt\/remb-0127-g-shape-earpiece-with-boom-mic-for-2-way-radios\/","title":{"rendered":"REMB-0127 G-f\u00f6rmiger H\u00f6rer mit Boom-Mikrofon f\u00fcr 2-Wege-Funkger\u00e4te"},"content":{"rendered":"<h3>Merkmale:<\/h3>\n<ul>\n<li>Der verstellbare G-f\u00f6rmige Ohrb\u00fcgel passt bequem auf das linke oder rechte Ohr.<\/li>\n<li>Flexibles Galgenmikrofon mit austauschbarem Windschutz f\u00fcr lange Haltbarkeit.<\/li>\n<li>PTT-Taste mit Metallclip<\/li>\n<li>Kompatibel mit M1 und anderen Funksteckern<\/li>\n<\/ul>","protected":false},"excerpt":{"rendered":"<p>Das REMB-0127 G Shape Earpiece ist mit einem externen Mikrofon ausgestattet und damit ideal f\u00fcr Schiedsrichter, Sporttrainer und Veranstaltungsteams. Er sorgt f\u00fcr Echtzeitkommunikation und reibungslosen Informationsaustausch zwischen Schiedsrichtern, Trainern und Dritten bei Veranstaltungen.<br \/>\nEs verf\u00fcgt \u00fcber eine PTT-Taste, die die Kommunikation m\u00fchelos macht. Fachleute k\u00f6nnen die H\u00f6rmuschel je nach Bedarf nach links oder rechts drehen, um einen bequemen Sitz zu gew\u00e4hrleisten.<br \/>\nDas umweltfreundliche PU-Kabel ist robust und langlebig. Kann von verschiedenen Arten von 2-Wege-Funkger\u00e4ten verwendet werden.<\/p>","protected":false},"featured_media":4508,"template":"","meta":[],"product_brand":[],"product_cat":[214,215,322],"product_tag":[],"class_list":{"0":"post-4506","1":"product","2":"type-product","3":"status-publish","4":"has-post-thumbnail","6":"product_cat-two-way-radio-accessories","7":"product_cat-earpieces","8":"product_cat-boom-microphone","10":"first","11":"instock","12":"shipping-taxable","13":"purchasable","14":"product-type-simple"},"_links":{"self":[{"href":"https:\/\/raytalkcomms.com\/de\/wp-json\/wp\/v2\/product\/4506","targetHints":{"allow":["GET"]}}],"collection":[{"href":"https:\/\/raytalkcomms.com\/de\/wp-json\/wp\/v2\/product"}],"about":[{"href":"https:\/\/raytalkcomms.com\/de\/wp-json\/wp\/v2\/types\/product"}],"wp:featuredmedia":[{"embeddable":true,"href":"https:\/\/raytalkcomms.com\/de\/wp-json\/wp\/v2\/media\/4508"}],"wp:attachment":[{"href":"https:\/\/raytalkcomms.com\/de\/wp-json\/wp\/v2\/media?parent=4506"}],"wp:term":[{"taxonomy":"product_brand","embeddable":true,"href":"https:\/\/raytalkcomms.com\/de\/wp-json\/wp\/v2\/product_brand?post=4506"},{"taxonomy":"product_cat","embeddable":true,"href":"https:\/\/raytalkcomms.com\/de\/wp-json\/wp\/v2\/product_cat?post=4506"},{"taxonomy":"product_tag","embeddable":true,"href":"https:\/\/raytalkcomms.com\/de\/wp-json\/wp\/v2\/product_tag?post=4506"}],"curies":[{"name":"wp","href":"https:\/\/api.w.org\/{rel}","templated":true}]}}