{"id":4505,"date":"2025-11-08T12:58:30","date_gmt":"2025-11-08T12:58:30","guid":{"rendered":"https:\/\/raytalkcomms.com\/?post_type=product&#038;p=4505"},"modified":"2025-12-19T11:40:08","modified_gmt":"2025-12-19T11:40:08","slug":"e-45c-clear-covert-in-ear-earpiece-with-mini-armature-speaker-for-walkie-talkies","status":"publish","type":"product","link":"https:\/\/raytalkcomms.com\/de\/produkt\/e-45c-clear-covert-in-ear-earpiece-with-mini-armature-speaker-for-walkie-talkies\/","title":{"rendered":"E-45C Klarer, verdeckter In-Ear-H\u00f6rer mit Mini-Armaturlautsprecher f\u00fcr Walkie Talkies"},"content":{"rendered":"<h3>Merkmale:<\/h3>\n<ul>\n<li>Klares Rohr eartube<\/li>\n<li>Nur Ohrh\u00f6rer empfangen<\/li>\n<li>2,5 mm oder 3,5 mm Klinke verf\u00fcgbar<\/li>\n<li>Mini-Armatur-Lautsprecher f\u00fcr super laute und klare Sprachqualit\u00e4t<\/li>\n<li>Kabell\u00e4nge kann individuell angepasst werden<\/li>\n<li>Wahlweise mit gewelltem oder geradem Kabel<\/li>\n<li>Einfacher Anschluss des Schallschlauches f\u00fcr Hygiene und mehrere Benutzer<\/li>\n<li>Akustikschlauch mit Schnellkupplung f\u00fcr das linke oder rechte Ohr<\/li>\n<\/ul>\n<div id=\"gtx-trans\" style=\"position: absolute; left: -207px; top: 1.2px;\">\n<div class=\"gtx-trans-icon\"><\/div>\n<\/div>","protected":false},"excerpt":{"rendered":"<p>Das E-45C ist ein hochwertiges Kommunikationszubeh\u00f6r mit einem durchsichtigen Schallschlauch und einer Steckverbindung. Der transparente Schlauch und die Ohrmuschel sorgen f\u00fcr eine diskrete Kommunikation. Der hochwertige Mini-Armaturen-Lautsprecher liefert kristallklaren Ton, damit Sie auch in Notf\u00e4llen kein Wort verpassen.<br \/>\nDas mit 2,5-mm- oder 3,5-mm-Steckern erh\u00e4ltliche E-45 ist mit vielen Funkger\u00e4temarken kompatibel und bietet Vielseitigkeit und zuverl\u00e4ssige Leistung f\u00fcr professionelle Anwender.<\/p>","protected":false},"featured_media":4487,"template":"","meta":[],"product_brand":[],"product_cat":[214,215,313],"product_tag":[],"class_list":{"0":"post-4505","1":"product","2":"type-product","3":"status-publish","4":"has-post-thumbnail","6":"product_cat-two-way-radio-accessories","7":"product_cat-earpieces","8":"product_cat-listen-only-earpiece","10":"first","11":"instock","12":"shipping-taxable","13":"purchasable","14":"product-type-simple"},"_links":{"self":[{"href":"https:\/\/raytalkcomms.com\/de\/wp-json\/wp\/v2\/product\/4505","targetHints":{"allow":["GET"]}}],"collection":[{"href":"https:\/\/raytalkcomms.com\/de\/wp-json\/wp\/v2\/product"}],"about":[{"href":"https:\/\/raytalkcomms.com\/de\/wp-json\/wp\/v2\/types\/product"}],"wp:featuredmedia":[{"embeddable":true,"href":"https:\/\/raytalkcomms.com\/de\/wp-json\/wp\/v2\/media\/4487"}],"wp:attachment":[{"href":"https:\/\/raytalkcomms.com\/de\/wp-json\/wp\/v2\/media?parent=4505"}],"wp:term":[{"taxonomy":"product_brand","embeddable":true,"href":"https:\/\/raytalkcomms.com\/de\/wp-json\/wp\/v2\/product_brand?post=4505"},{"taxonomy":"product_cat","embeddable":true,"href":"https:\/\/raytalkcomms.com\/de\/wp-json\/wp\/v2\/product_cat?post=4505"},{"taxonomy":"product_tag","embeddable":true,"href":"https:\/\/raytalkcomms.com\/de\/wp-json\/wp\/v2\/product_tag?post=4505"}],"curies":[{"name":"wp","href":"https:\/\/api.w.org\/{rel}","templated":true}]}}