{"id":4500,"date":"2025-11-08T12:49:22","date_gmt":"2025-11-08T12:49:22","guid":{"rendered":"https:\/\/raytalkcomms.com\/?post_type=product&#038;p=4500"},"modified":"2025-12-19T11:40:08","modified_gmt":"2025-12-19T11:40:08","slug":"e-43c-in-ear-clear-acoustic-tube-earpiece","status":"publish","type":"product","link":"https:\/\/raytalkcomms.com\/de\/produkt\/e-43c-in-ear-clear-acoustic-tube-earpiece\/","title":{"rendered":"E-43C In-Ear-Ohrh\u00f6rer mit klarem Schallschlauch"},"content":{"rendered":"<h3>Merkmale:<\/h3>\n<ul>\n<li>Klarer Schlauch-Ohrst\u00f6psel mit Metallclip<\/li>\n<li>Nur Ohrh\u00f6rer empfangen<\/li>\n<li>2,5 mm oder 3,5 mm Klinke verf\u00fcgbar<\/li>\n<li>Kabell\u00e4nge kann individuell angepasst werden<\/li>\n<li>Wahlweise mit gewelltem oder geradem Kabel<\/li>\n<li>Einfacher Anschluss des Schallschlauches f\u00fcr Hygiene und mehrere Benutzer<\/li>\n<li>Akustikschlauch mit Schnellkupplung f\u00fcr das linke oder rechte Ohr<\/li>\n<\/ul>","protected":false},"excerpt":{"rendered":"<p>Der E-43C Listen-Only-Ohrh\u00f6rer ist verdeckbar und leicht. Situationsbewusstsein ist f\u00fcr Polizisten in einer gef\u00e4hrlichen Situation von entscheidender Bedeutung. Mit einer H\u00f6rmuschel k\u00f6nnen Beamte die Kommunikation klar und deutlich h\u00f6ren und verhindern, dass B\u00f6sewichte etwas h\u00f6ren, was die Situation gegen sie wenden k\u00f6nnte. Der kristallklare Ton wird nur an Ihr Ohr geleitet, so dass Sie ihn h\u00f6ren k\u00f6nnen, aber die b\u00f6sen Jungs k\u00f6nnen ihn nicht h\u00f6ren.<br \/>\nErh\u00e4ltlich f\u00fcr 2,5-mm-, 3,5-mm- und 3,5-mm-Audiobuchsen mit Gewinde.<br \/>\n\u00dcberpr\u00fcfen Sie Ihr Radiomodell, damit Sie die richtige Gr\u00f6\u00dfe der Audiobuchse f\u00fcr Ihre Bestellung ausw\u00e4hlen k\u00f6nnen.<\/p>","protected":false},"featured_media":4485,"template":"","meta":[],"product_brand":[],"product_cat":[214,215,313],"product_tag":[],"class_list":{"0":"post-4500","1":"product","2":"type-product","3":"status-publish","4":"has-post-thumbnail","6":"product_cat-two-way-radio-accessories","7":"product_cat-earpieces","8":"product_cat-listen-only-earpiece","10":"first","11":"instock","12":"shipping-taxable","13":"purchasable","14":"product-type-simple"},"_links":{"self":[{"href":"https:\/\/raytalkcomms.com\/de\/wp-json\/wp\/v2\/product\/4500","targetHints":{"allow":["GET"]}}],"collection":[{"href":"https:\/\/raytalkcomms.com\/de\/wp-json\/wp\/v2\/product"}],"about":[{"href":"https:\/\/raytalkcomms.com\/de\/wp-json\/wp\/v2\/types\/product"}],"wp:featuredmedia":[{"embeddable":true,"href":"https:\/\/raytalkcomms.com\/de\/wp-json\/wp\/v2\/media\/4485"}],"wp:attachment":[{"href":"https:\/\/raytalkcomms.com\/de\/wp-json\/wp\/v2\/media?parent=4500"}],"wp:term":[{"taxonomy":"product_brand","embeddable":true,"href":"https:\/\/raytalkcomms.com\/de\/wp-json\/wp\/v2\/product_brand?post=4500"},{"taxonomy":"product_cat","embeddable":true,"href":"https:\/\/raytalkcomms.com\/de\/wp-json\/wp\/v2\/product_cat?post=4500"},{"taxonomy":"product_tag","embeddable":true,"href":"https:\/\/raytalkcomms.com\/de\/wp-json\/wp\/v2\/product_tag?post=4500"}],"curies":[{"name":"wp","href":"https:\/\/api.w.org\/{rel}","templated":true}]}}