{"id":4471,"date":"2025-11-08T12:20:33","date_gmt":"2025-11-08T12:20:33","guid":{"rendered":"https:\/\/raytalkcomms.com\/?post_type=product&#038;p=4471"},"modified":"2025-12-19T11:42:15","modified_gmt":"2025-12-19T11:42:15","slug":"e-30c-receive-only-earpiece-with-changeable-ear-tips","status":"publish","type":"product","link":"https:\/\/raytalkcomms.com\/de\/produkt\/e-30c-receive-only-earpiece-with-changeable-ear-tips\/","title":{"rendered":"E-30C Nur-Empfangs-Ohrh\u00f6rer mit austauschbaren Ohrst\u00f6pseln"},"content":{"rendered":"<h3>Merkmale:<\/h3>\n<ul>\n<li>C ring ear hook with changeable eartips<\/li>\n<li>Nur Ohrh\u00f6rer empfangen<\/li>\n<li>Passend f\u00fcr linkes oder rechtes Ohr<\/li>\n<li>2,5 mm oder 3,5 mm Klinke verf\u00fcgbar<\/li>\n<li>Kabell\u00e4nge kann individuell angepasst werden<\/li>\n<li>Wahlweise mit gewelltem oder geradem Kabel<\/li>\n<\/ul>","protected":false},"excerpt":{"rendered":"<p>E-30C is a C-ring ear hook with eartips listen only earpiece for two way radios.<br \/>\nWorks on the right or left ear. Provide high clarity audio and additional hearing protection necessary for consistent, clear communication in extreme noise environments.<br \/>\nErh\u00e4ltlich f\u00fcr 2,5-mm-, 3,5-mm- und 3,5-mm-Audiobuchsen mit Gewinde.<br \/>\nBitte pr\u00fcfen Sie Ihr Funkger\u00e4t sorgf\u00e4ltig, um bei der Bestellung die richtige Gr\u00f6\u00dfe der Audiobuchse auszuw\u00e4hlen.<\/p>","protected":false},"featured_media":4460,"template":"","meta":[],"product_brand":[],"product_cat":[214,215,313],"product_tag":[],"class_list":{"0":"post-4471","1":"product","2":"type-product","3":"status-publish","4":"has-post-thumbnail","6":"product_cat-two-way-radio-accessories","7":"product_cat-earpieces","8":"product_cat-listen-only-earpiece","10":"first","11":"instock","12":"shipping-taxable","13":"purchasable","14":"product-type-simple"},"_links":{"self":[{"href":"https:\/\/raytalkcomms.com\/de\/wp-json\/wp\/v2\/product\/4471","targetHints":{"allow":["GET"]}}],"collection":[{"href":"https:\/\/raytalkcomms.com\/de\/wp-json\/wp\/v2\/product"}],"about":[{"href":"https:\/\/raytalkcomms.com\/de\/wp-json\/wp\/v2\/types\/product"}],"wp:featuredmedia":[{"embeddable":true,"href":"https:\/\/raytalkcomms.com\/de\/wp-json\/wp\/v2\/media\/4460"}],"wp:attachment":[{"href":"https:\/\/raytalkcomms.com\/de\/wp-json\/wp\/v2\/media?parent=4471"}],"wp:term":[{"taxonomy":"product_brand","embeddable":true,"href":"https:\/\/raytalkcomms.com\/de\/wp-json\/wp\/v2\/product_brand?post=4471"},{"taxonomy":"product_cat","embeddable":true,"href":"https:\/\/raytalkcomms.com\/de\/wp-json\/wp\/v2\/product_cat?post=4471"},{"taxonomy":"product_tag","embeddable":true,"href":"https:\/\/raytalkcomms.com\/de\/wp-json\/wp\/v2\/product_tag?post=4471"}],"curies":[{"name":"wp","href":"https:\/\/api.w.org\/{rel}","templated":true}]}}