{"id":4444,"date":"2025-11-08T07:18:56","date_gmt":"2025-11-08T07:18:56","guid":{"rendered":"https:\/\/raytalkcomms.com\/?post_type=product&#038;p=4444"},"modified":"2025-12-19T14:10:23","modified_gmt":"2025-12-19T14:10:23","slug":"u172u-helmet-mic-extension-cable-with-strain-relief","status":"publish","type":"product","link":"https:\/\/raytalkcomms.com\/de\/produkt\/u172u-helmet-mic-extension-cable-with-strain-relief\/","title":{"rendered":"U172U Helmmikrofon-Verl\u00e4ngerungskabel mit Zugentlastung"},"content":{"rendered":"<h3>Merkmale:<\/h3>\n<ul>\n<li>U172\/U-Buchse mit integrierter Zugentlastung<\/li>\n<li>Pigtail f\u00fcr das Splei\u00dfen an das interne Mikrofonkabel<\/li>\n<li>Gr\u00f6\u00dfe: 27 \u00d7 13,3 \u00d7 8 mm f\u00fcr kompakte Montage<\/li>\n<li>Reduziert das Ziehen an der Helmverkabelung und erh\u00f6ht die Zuverl\u00e4ssigkeit<\/li>\n<li>Strapazierf\u00e4hige Jacke f\u00fcr den Einsatz in der Luftfahrt und h\u00e4ufige Handhabung<\/li>\n<\/ul>","protected":false},"excerpt":{"rendered":"<p>Das Helmmikrofon-Verl\u00e4ngerungskabel U172U wurde f\u00fcr die Kommunikation von Hubschrauberpiloten in der Luftfahrt entwickelt. Wenn es mit einem Flughelm getragen wird, erm\u00f6glicht es eine bessere Positionierung des Mikrofons f\u00fcr eine klarere Audio\u00fcbertragung und verbesserte Leistung.<\/p>\n<p>Die Buchse U172\/U wurde f\u00fcr Hubschrauberhelme entwickelt, bei denen das Mikrofonkabel innerhalb der Helmschale verlegt ist, und bringt diese interne Mikrofonleitung zu einem zug\u00e4nglichen Anschlusspunkt. Die Verwendung des U172\/U Verl\u00e4ngerungskabels f\u00fcr Helmmikrofone l\u00f6st das Problem der kurzen, schwer anzuschlie\u00dfenden internen Mikrofonkabel und macht Helikopterverbindungen einfach und zuverl\u00e4ssig.<\/p>\n<p>Ein Ende endet in blanken Dr\u00e4hten zum Splei\u00dfen mit dem Mikrofonkabel des Helms; das andere Ende bietet eine U172\/U-Buchse mit integrierter Zugentlastung (27 \u00d7 13,3 \u00d7 8 mm). Kombinieren Sie es mit einem U173S-Stecker, um die Verbindung schnell zu trennen, die Wartung zu erleichtern und die Belastung des Kabels w\u00e4hrend des Betriebs zu reduzieren.<br \/>\nAls Anbieter von Kommunikationsl\u00f6sungen aus einer Hand mit mehr als 15 Jahren Erfahrung hat sich RayTalk das Vertrauen und die Anerkennung von Kunden auf der ganzen Welt verdient. Wir haben uns dem Ziel verschrieben, qualitativ hochwertige und kosteng\u00fcnstige Flugzeug-Headsets und Headset-Adapter f\u00fcr Fachleute \u00fcberall anzubieten.<\/p>","protected":false},"featured_media":4445,"template":"","meta":[],"product_brand":[],"product_cat":[208,267],"product_tag":[],"class_list":{"0":"post-4444","1":"product","2":"type-product","3":"status-publish","4":"has-post-thumbnail","6":"product_cat-aviation","7":"product_cat-adapter-cable-aviation","9":"first","10":"instock","11":"shipping-taxable","12":"purchasable","13":"product-type-simple"},"_links":{"self":[{"href":"https:\/\/raytalkcomms.com\/de\/wp-json\/wp\/v2\/product\/4444","targetHints":{"allow":["GET"]}}],"collection":[{"href":"https:\/\/raytalkcomms.com\/de\/wp-json\/wp\/v2\/product"}],"about":[{"href":"https:\/\/raytalkcomms.com\/de\/wp-json\/wp\/v2\/types\/product"}],"wp:featuredmedia":[{"embeddable":true,"href":"https:\/\/raytalkcomms.com\/de\/wp-json\/wp\/v2\/media\/4445"}],"wp:attachment":[{"href":"https:\/\/raytalkcomms.com\/de\/wp-json\/wp\/v2\/media?parent=4444"}],"wp:term":[{"taxonomy":"product_brand","embeddable":true,"href":"https:\/\/raytalkcomms.com\/de\/wp-json\/wp\/v2\/product_brand?post=4444"},{"taxonomy":"product_cat","embeddable":true,"href":"https:\/\/raytalkcomms.com\/de\/wp-json\/wp\/v2\/product_cat?post=4444"},{"taxonomy":"product_tag","embeddable":true,"href":"https:\/\/raytalkcomms.com\/de\/wp-json\/wp\/v2\/product_tag?post=4444"}],"curies":[{"name":"wp","href":"https:\/\/api.w.org\/{rel}","templated":true}]}}