{"id":4443,"date":"2025-11-08T06:16:15","date_gmt":"2025-11-08T06:16:15","guid":{"rendered":"https:\/\/raytalkcomms.com\/?post_type=product&#038;p=4443"},"modified":"2025-12-19T14:10:23","modified_gmt":"2025-12-19T14:10:23","slug":"cb-27-adapter-lemo-6-pin-female-cable-to-3-5mm-and-2-5mm","status":"publish","type":"product","link":"https:\/\/raytalkcomms.com\/de\/produkt\/cb-27-adapter-lemo-6-pin-female-cable-to-3-5mm-and-2-5mm\/","title":{"rendered":"CB-27 Adapter Lemo 6 Pin Female Kabel auf 3.5mm und 2.5mm"},"content":{"rendered":"<h3>Merkmale:<\/h3>\n<ul>\n<li>Nahtloser Wechsel zwischen Luftfahrt- und Audiosystemen<\/li>\n<li>Deutlicheres Audio f\u00fcr Unterricht und Nachbesprechung<\/li>\n<li>Schnelle Plug-and-Play-Einrichtung, keine Neukonfiguration<\/li>\n<li>Ideal f\u00fcr Flugprotokolle, Trainingsaufzeichnungen und Medienerfassung<\/li>\n<\/ul>\n<div id=\"gtx-trans\" style=\"position: absolute; left: 20px; top: 145.312px;\">\n<div class=\"gtx-trans-icon\"><\/div>\n<\/div>","protected":false},"excerpt":{"rendered":"<p>Das CB-27-Adapterkabel verbindet LEMO-6-Pin-Luftfahrt-Headsets mit externen Audioger\u00e4ten und erm\u00f6glicht den Anschluss von Bose- und David-Clark-ANR-Headsets an Tablets, Telefone und andere 3,5 mm- oder 2,5 mm-Ger\u00e4te. Das eine Ende ist eine 6-polige LEMO-Buchse f\u00fcr Headsetsysteme mit festen Tragfl\u00e4chen, das andere Ende bietet zwei Minibuchsen. Fachleute w\u00e4hlen das CB-27, um zwischen verschiedenen Ger\u00e4ten zu wechseln, ohne das Headset austauschen zu m\u00fcssen. Im Vergleich zum CB-26 wird das CB-27-Adapterkabel von professionellen Anwendern in verschiedenen Anwendungsbereichen h\u00e4ufiger eingesetzt.<\/p>","protected":false},"featured_media":4442,"template":"","meta":[],"product_brand":[],"product_cat":[208,267],"product_tag":[],"class_list":{"0":"post-4443","1":"product","2":"type-product","3":"status-publish","4":"has-post-thumbnail","6":"product_cat-aviation","7":"product_cat-adapter-cable-aviation","9":"first","10":"instock","11":"shipping-taxable","12":"purchasable","13":"product-type-simple"},"_links":{"self":[{"href":"https:\/\/raytalkcomms.com\/de\/wp-json\/wp\/v2\/product\/4443","targetHints":{"allow":["GET"]}}],"collection":[{"href":"https:\/\/raytalkcomms.com\/de\/wp-json\/wp\/v2\/product"}],"about":[{"href":"https:\/\/raytalkcomms.com\/de\/wp-json\/wp\/v2\/types\/product"}],"wp:featuredmedia":[{"embeddable":true,"href":"https:\/\/raytalkcomms.com\/de\/wp-json\/wp\/v2\/media\/4442"}],"wp:attachment":[{"href":"https:\/\/raytalkcomms.com\/de\/wp-json\/wp\/v2\/media?parent=4443"}],"wp:term":[{"taxonomy":"product_brand","embeddable":true,"href":"https:\/\/raytalkcomms.com\/de\/wp-json\/wp\/v2\/product_brand?post=4443"},{"taxonomy":"product_cat","embeddable":true,"href":"https:\/\/raytalkcomms.com\/de\/wp-json\/wp\/v2\/product_cat?post=4443"},{"taxonomy":"product_tag","embeddable":true,"href":"https:\/\/raytalkcomms.com\/de\/wp-json\/wp\/v2\/product_tag?post=4443"}],"curies":[{"name":"wp","href":"https:\/\/api.w.org\/{rel}","templated":true}]}}