{"id":4432,"date":"2025-11-08T02:27:36","date_gmt":"2025-11-08T02:27:36","guid":{"rendered":"https:\/\/raytalkcomms.com\/?post_type=product&#038;p=4432"},"modified":"2025-12-30T07:09:31","modified_gmt":"2025-12-30T07:09:31","slug":"rhel-08-open-face-helmet-mic","status":"publish","type":"product","link":"https:\/\/raytalkcomms.com\/de\/produkt\/rhel-08-open-face-helmet-mic\/","title":{"rendered":"RHEL-08 Offenes Helmmikrofon"},"content":{"rendered":"<p>Das Helmmikrofon RHEL-08 mit eingebauten Lautsprechern f\u00fcr Motorradfahrer mit offenem Helm sorgt f\u00fcr klare, freih\u00e4ndige Kommunikation auf der Stra\u00dfe. Es wurde f\u00fcr Motorradfahrer und Verkehrspolizisten entwickelt und reduziert Wind- und Motorger\u00e4usche, so dass Nachrichten auch bei hohen Geschwindigkeiten oder in lauten Umgebungen klar und zuverl\u00e4ssig bleiben.<\/p>\n<h3>Merkmale:<\/h3>\n<ul>\n<li>Modularer Aufbau<\/li>\n<li>Zwei am Helm befestigte Mikrofone<\/li>\n<li>Fingerring PTT<\/li>\n<li>Abnehmbare Lautsprecher<\/li>\n<\/ul>\n<h3>Optionale Anpassungen:<\/h3>\n<ul>\n<li>Kompatibel mit mehreren Funkger\u00e4ten<\/li>\n<\/ul>\n<h3>Vorteile:<\/h3>\n<p>Als professionelles offenes Helmmikrofon genie\u00dfen die RHEL-08-Lautsprecher f\u00fcr Motorradhelme das Vertrauen von Fuhrparks und Beh\u00f6rden weltweit. RayTalk bietet OEM\/ODM-Services und Gro\u00dfmengenlieferungen an, was es zu einer kosteng\u00fcnstigen Wahl f\u00fcr die Beschaffung in gro\u00dfem Umfang macht.<\/p>","protected":false},"excerpt":{"rendered":"<p>RHEL-08 ist ein mittelschweres Helmmikrofon, das f\u00fcr die Verwendung mit offenen Helmen entwickelt wurde. Das Helm-Headset-Kit umfasst hochwertige Ohrh\u00f6rer und Mikrofone sowie zwei Lautsprecher, die im Helm befestigt werden k\u00f6nnen, doppelseitig f\u00fcr besseren Klang und Klarheit. Boom-Mikrofon passt gut in den Helm, Ptt-Schalter wickelt auf Lenker f\u00fcr schnellen und einfachen Zugriff, ohne f\u00fcr Ihren Helm zu erreichen, F\u00fcr Open-Face-Helm.<\/p>","protected":false},"featured_media":4433,"template":"","meta":[],"product_brand":[],"product_cat":[209,268],"product_tag":[],"class_list":{"0":"post-4432","1":"product","2":"type-product","3":"status-publish","4":"has-post-thumbnail","6":"product_cat-racing","7":"product_cat-headset-racing","9":"first","10":"instock","11":"shipping-taxable","12":"purchasable","13":"product-type-simple"},"_links":{"self":[{"href":"https:\/\/raytalkcomms.com\/de\/wp-json\/wp\/v2\/product\/4432","targetHints":{"allow":["GET"]}}],"collection":[{"href":"https:\/\/raytalkcomms.com\/de\/wp-json\/wp\/v2\/product"}],"about":[{"href":"https:\/\/raytalkcomms.com\/de\/wp-json\/wp\/v2\/types\/product"}],"wp:featuredmedia":[{"embeddable":true,"href":"https:\/\/raytalkcomms.com\/de\/wp-json\/wp\/v2\/media\/4433"}],"wp:attachment":[{"href":"https:\/\/raytalkcomms.com\/de\/wp-json\/wp\/v2\/media?parent=4432"}],"wp:term":[{"taxonomy":"product_brand","embeddable":true,"href":"https:\/\/raytalkcomms.com\/de\/wp-json\/wp\/v2\/product_brand?post=4432"},{"taxonomy":"product_cat","embeddable":true,"href":"https:\/\/raytalkcomms.com\/de\/wp-json\/wp\/v2\/product_cat?post=4432"},{"taxonomy":"product_tag","embeddable":true,"href":"https:\/\/raytalkcomms.com\/de\/wp-json\/wp\/v2\/product_tag?post=4432"}],"curies":[{"name":"wp","href":"https:\/\/api.w.org\/{rel}","templated":true}]}}