{"id":4429,"date":"2025-11-08T02:01:47","date_gmt":"2025-11-08T02:01:47","guid":{"rendered":"https:\/\/raytalkcomms.com\/?post_type=product&#038;p=4429"},"modified":"2025-12-03T07:18:13","modified_gmt":"2025-12-03T07:18:13","slug":"asp-05-black-o-ring-for-mic-protector","status":"publish","type":"product","link":"https:\/\/raytalkcomms.com\/de\/produkt\/asp-05-black-o-ring-for-mic-protector\/","title":{"rendered":"ASP-05 Schwarzer O-Ring f\u00fcr Mic-Protector"},"content":{"rendered":"<h3>Merkmale:<\/h3>\n<ul>\n<li>Elastischer schwarzer O-Ring zur Befestigung des Mikrofonschutzes an Aviation-Headsets<\/li>\n<li>Einfach zu installieren und bequem zu bedienen<\/li>\n<li>Langlebiges Elastomer widersteht Dehnung und Rissbildung<\/li>\n<li>Passt auf die meisten Elektret- und dynamischen Mikrofonkapseln an Metall- oder flexiblen Auslegern<\/li>\n<li>Kosteng\u00fcnstiger Ersatz f\u00fcr Flugschulen, Wartungsteams und Vereine<\/li>\n<\/ul>","protected":false},"excerpt":{"rendered":"<p>Der schwarze O-Ring sorgt daf\u00fcr, dass der Mikrofonschutz sicher am Mikrofon befestigt bleibt. Bei kritischen Flugvorg\u00e4ngen wird er nicht verrutschen oder den Piloten ablenken, so dass das Aviation-Headset eine klare und scharfe Sprach\u00fcbertragung erm\u00f6glicht. Es ist mit den meisten Luftfahrtmikrofonen und Mikrofonschutzvorrichtungen kompatibel.<\/p>","protected":false},"featured_media":4428,"template":"","meta":[],"product_brand":[],"product_cat":[208,246],"product_tag":[],"class_list":{"0":"post-4429","1":"product","2":"type-product","3":"status-publish","4":"has-post-thumbnail","6":"product_cat-aviation","7":"product_cat-headset-accessories","9":"first","10":"instock","11":"shipping-taxable","12":"purchasable","13":"product-type-simple"},"_links":{"self":[{"href":"https:\/\/raytalkcomms.com\/de\/wp-json\/wp\/v2\/product\/4429","targetHints":{"allow":["GET"]}}],"collection":[{"href":"https:\/\/raytalkcomms.com\/de\/wp-json\/wp\/v2\/product"}],"about":[{"href":"https:\/\/raytalkcomms.com\/de\/wp-json\/wp\/v2\/types\/product"}],"wp:featuredmedia":[{"embeddable":true,"href":"https:\/\/raytalkcomms.com\/de\/wp-json\/wp\/v2\/media\/4428"}],"wp:attachment":[{"href":"https:\/\/raytalkcomms.com\/de\/wp-json\/wp\/v2\/media?parent=4429"}],"wp:term":[{"taxonomy":"product_brand","embeddable":true,"href":"https:\/\/raytalkcomms.com\/de\/wp-json\/wp\/v2\/product_brand?post=4429"},{"taxonomy":"product_cat","embeddable":true,"href":"https:\/\/raytalkcomms.com\/de\/wp-json\/wp\/v2\/product_cat?post=4429"},{"taxonomy":"product_tag","embeddable":true,"href":"https:\/\/raytalkcomms.com\/de\/wp-json\/wp\/v2\/product_tag?post=4429"}],"curies":[{"name":"wp","href":"https:\/\/api.w.org\/{rel}","templated":true}]}}