{"id":4422,"date":"2025-11-07T12:34:00","date_gmt":"2025-11-07T12:34:00","guid":{"rendered":"https:\/\/raytalkcomms.com\/?post_type=product&#038;p=4422"},"modified":"2025-12-19T14:10:23","modified_gmt":"2025-12-19T14:10:23","slug":"cb-24-ground-support-headset-extension-cord","status":"publish","type":"product","link":"https:\/\/raytalkcomms.com\/de\/produkt\/cb-24-ground-support-headset-extension-cord\/","title":{"rendered":"CB-24 Ground Support Headset-Verl\u00e4ngerungskabel"},"content":{"rendered":"<h3>Merkmale:<\/h3>\n<ul>\n<li>Headset-Buchse f\u00fcr das Bodenpersonal<\/li>\n<li>Erh\u00e4ltlich mit rechtwinkligen und geraden Steckeroptionen<\/li>\n<li>Kundenspezifische Optionen f\u00fcr gerade oder gewendelte Kabel verf\u00fcgbar<\/li>\n<\/ul>","protected":false},"excerpt":{"rendered":"<p>Das CB-24 Headset-Verl\u00e4ngerungskabel ist speziell f\u00fcr das Bodenpersonal von Flugh\u00e4fen konzipiert. Es ist mit rechtwinkligen und geraden Steckern erh\u00e4ltlich. Das Headset-Verl\u00e4ngerungskabel erm\u00f6glicht einen einfachen und bequemen Anschluss an das Audiosystem. Das Verl\u00e4ngerungskabel bietet zus\u00e4tzliche L\u00e4nge und gew\u00e4hrleistet Flexibilit\u00e4t und Bewegungsfreiheit bei gleichzeitiger Aufrechterhaltung einer klaren und ununterbrochenen Kommunikation.<br \/>\nDas CB-24 Headset-Verl\u00e4ngerungskabel passt perfekt zu unserem PH-200A Headset f\u00fcr die Bodenunterst\u00fctzung und ist auch mit anderen Headsets f\u00fcr die Bodenkommunikation kompatibel. Es tr\u00e4gt dazu bei, das Risiko zwischen dem Bodenpersonal, gro\u00dfen Flugzeugen und der Ausr\u00fcstung zu verringern und sorgt so f\u00fcr einen sichereren Bodenbetrieb.<\/p>","protected":false},"featured_media":4424,"template":"","meta":[],"product_brand":[],"product_cat":[208,267],"product_tag":[],"class_list":{"0":"post-4422","1":"product","2":"type-product","3":"status-publish","4":"has-post-thumbnail","6":"product_cat-aviation","7":"product_cat-adapter-cable-aviation","9":"first","10":"instock","11":"shipping-taxable","12":"purchasable","13":"product-type-simple"},"_links":{"self":[{"href":"https:\/\/raytalkcomms.com\/de\/wp-json\/wp\/v2\/product\/4422","targetHints":{"allow":["GET"]}}],"collection":[{"href":"https:\/\/raytalkcomms.com\/de\/wp-json\/wp\/v2\/product"}],"about":[{"href":"https:\/\/raytalkcomms.com\/de\/wp-json\/wp\/v2\/types\/product"}],"wp:featuredmedia":[{"embeddable":true,"href":"https:\/\/raytalkcomms.com\/de\/wp-json\/wp\/v2\/media\/4424"}],"wp:attachment":[{"href":"https:\/\/raytalkcomms.com\/de\/wp-json\/wp\/v2\/media?parent=4422"}],"wp:term":[{"taxonomy":"product_brand","embeddable":true,"href":"https:\/\/raytalkcomms.com\/de\/wp-json\/wp\/v2\/product_brand?post=4422"},{"taxonomy":"product_cat","embeddable":true,"href":"https:\/\/raytalkcomms.com\/de\/wp-json\/wp\/v2\/product_cat?post=4422"},{"taxonomy":"product_tag","embeddable":true,"href":"https:\/\/raytalkcomms.com\/de\/wp-json\/wp\/v2\/product_tag?post=4422"}],"curies":[{"name":"wp","href":"https:\/\/api.w.org\/{rel}","templated":true}]}}