{"id":4408,"date":"2025-11-07T10:15:35","date_gmt":"2025-11-07T10:15:35","guid":{"rendered":"https:\/\/raytalkcomms.com\/?post_type=product&#038;p=4408"},"modified":"2025-12-19T14:10:23","modified_gmt":"2025-12-19T14:10:23","slug":"cb-16-mini-5-pin-xlr-female-to-6-3mm-connector-cable-adapter","status":"publish","type":"product","link":"https:\/\/raytalkcomms.com\/de\/produkt\/cb-16-mini-5-pin-xlr-female-to-6-3mm-connector-cable-adapter\/","title":{"rendered":"CB-16 MINI 5 Pin XLR Buchse auf 6.3mm Stecker Kabeladapter"},"content":{"rendered":"<h3>Merkmale:<\/h3>\n<ul>\n<li>Mini 5 pin XLR Buchse auf 6.3mm Stecker<\/li>\n<li>Gerades Ersatzkabel<\/li>\n<li>4,0 mm Kabeldurchmesser f\u00fcr ausgewogene Flexibilit\u00e4t und Haltbarkeit<\/li>\n<li>Die Standardkabell\u00e4nge betr\u00e4gt 1000 mm<\/li>\n<\/ul>","protected":false},"excerpt":{"rendered":"<p>Der CB-16 Anschlusskabeladapter wurde entwickelt, um die MINI 5 Pin XLR-Buchse in einen 6,3mm-Stecker umzuwandeln. Er bietet Kompatibilit\u00e4t zwischen Ger\u00e4ten mit unterschiedlichen Audioanschl\u00fcssen und erm\u00f6glicht einen einfachen Anschluss und Gebrauch. Dieser Kabeladapter sorgt f\u00fcr eine stabile und hochwertige Audiosignal\u00fcbertragung und eignet sich daher f\u00fcr verschiedene professionelle Audioanwendungen.<br \/>\nAls Hersteller und professioneller Anbieter von Headset-Adaptern f\u00fcr Flugzeuge widmet sich RayTalk seit \u00fcber 15 Jahren der Entwicklung von Kommunikationsprodukten.<\/p>","protected":false},"featured_media":4409,"template":"","meta":[],"product_brand":[],"product_cat":[208,267],"product_tag":[],"class_list":{"0":"post-4408","1":"product","2":"type-product","3":"status-publish","4":"has-post-thumbnail","6":"product_cat-aviation","7":"product_cat-adapter-cable-aviation","9":"first","10":"instock","11":"shipping-taxable","12":"purchasable","13":"product-type-simple"},"_links":{"self":[{"href":"https:\/\/raytalkcomms.com\/de\/wp-json\/wp\/v2\/product\/4408","targetHints":{"allow":["GET"]}}],"collection":[{"href":"https:\/\/raytalkcomms.com\/de\/wp-json\/wp\/v2\/product"}],"about":[{"href":"https:\/\/raytalkcomms.com\/de\/wp-json\/wp\/v2\/types\/product"}],"wp:featuredmedia":[{"embeddable":true,"href":"https:\/\/raytalkcomms.com\/de\/wp-json\/wp\/v2\/media\/4409"}],"wp:attachment":[{"href":"https:\/\/raytalkcomms.com\/de\/wp-json\/wp\/v2\/media?parent=4408"}],"wp:term":[{"taxonomy":"product_brand","embeddable":true,"href":"https:\/\/raytalkcomms.com\/de\/wp-json\/wp\/v2\/product_brand?post=4408"},{"taxonomy":"product_cat","embeddable":true,"href":"https:\/\/raytalkcomms.com\/de\/wp-json\/wp\/v2\/product_cat?post=4408"},{"taxonomy":"product_tag","embeddable":true,"href":"https:\/\/raytalkcomms.com\/de\/wp-json\/wp\/v2\/product_tag?post=4408"}],"curies":[{"name":"wp","href":"https:\/\/api.w.org\/{rel}","templated":true}]}}