{"id":4403,"date":"2025-11-07T10:13:13","date_gmt":"2025-11-07T10:13:13","guid":{"rendered":"https:\/\/raytalkcomms.com\/?post_type=product&#038;p=4403"},"modified":"2025-12-19T14:10:23","modified_gmt":"2025-12-19T14:10:23","slug":"cb-15-replace-helicopter-headset-coiled-cord","status":"publish","type":"product","link":"https:\/\/raytalkcomms.com\/de\/produkt\/cb-15-replace-helicopter-headset-coiled-cord\/","title":{"rendered":"CB-15 Ersatz-Helikopter-Headset Spulenkabel"},"content":{"rendered":"<h3>Merkmale:<\/h3>\n<ul>\n<li>Ersatzkabel mit Spiralkabel<\/li>\n<li>4,5 mm Kabeldurchmesser f\u00fcr ausgewogene Flexibilit\u00e4t und Haltbarkeit<\/li>\n<li>L\u00e4nge anpassbar an Ihre betrieblichen Anforderungen<\/li>\n<\/ul>","protected":false},"excerpt":{"rendered":"<p>Das CB-15 Spiralkabel ist speziell als Ersatz f\u00fcr Hubschrauber-Headsets konzipiert. Es zeichnet sich durch eine robuste und flexible Spulenform aus, die ein einfaches Ein- und Ausziehen erm\u00f6glicht. Dieses Kabel sorgt f\u00fcr eine sichere und zuverl\u00e4ssige Verbindung zwischen dem Headset und dem Audiosystem des Hubschraubers und gew\u00e4hrleistet eine hervorragende Klangqualit\u00e4t w\u00e4hrend des Fluges.<br \/>\nAls Hersteller und professioneller Anbieter von Headset-Adaptern f\u00fcr Flugzeuge widmet sich RayTalk seit \u00fcber 15 Jahren der Entwicklung von Kommunikationsprodukten.<\/p>","protected":false},"featured_media":4405,"template":"","meta":[],"product_brand":[],"product_cat":[208,267],"product_tag":[],"class_list":{"0":"post-4403","1":"product","2":"type-product","3":"status-publish","4":"has-post-thumbnail","6":"product_cat-aviation","7":"product_cat-adapter-cable-aviation","9":"first","10":"instock","11":"shipping-taxable","12":"purchasable","13":"product-type-simple"},"_links":{"self":[{"href":"https:\/\/raytalkcomms.com\/de\/wp-json\/wp\/v2\/product\/4403","targetHints":{"allow":["GET"]}}],"collection":[{"href":"https:\/\/raytalkcomms.com\/de\/wp-json\/wp\/v2\/product"}],"about":[{"href":"https:\/\/raytalkcomms.com\/de\/wp-json\/wp\/v2\/types\/product"}],"wp:featuredmedia":[{"embeddable":true,"href":"https:\/\/raytalkcomms.com\/de\/wp-json\/wp\/v2\/media\/4405"}],"wp:attachment":[{"href":"https:\/\/raytalkcomms.com\/de\/wp-json\/wp\/v2\/media?parent=4403"}],"wp:term":[{"taxonomy":"product_brand","embeddable":true,"href":"https:\/\/raytalkcomms.com\/de\/wp-json\/wp\/v2\/product_brand?post=4403"},{"taxonomy":"product_cat","embeddable":true,"href":"https:\/\/raytalkcomms.com\/de\/wp-json\/wp\/v2\/product_cat?post=4403"},{"taxonomy":"product_tag","embeddable":true,"href":"https:\/\/raytalkcomms.com\/de\/wp-json\/wp\/v2\/product_tag?post=4403"}],"curies":[{"name":"wp","href":"https:\/\/api.w.org\/{rel}","templated":true}]}}