{"id":4397,"date":"2025-11-07T10:08:21","date_gmt":"2025-11-07T10:08:21","guid":{"rendered":"https:\/\/raytalkcomms.com\/?post_type=product&#038;p=4397"},"modified":"2025-12-19T14:10:23","modified_gmt":"2025-12-19T14:10:23","slug":"cb-14n-ga-dual-plugs-replacement-headset-cable-with-control-module","status":"publish","type":"product","link":"https:\/\/raytalkcomms.com\/de\/produkt\/cb-14n-ga-dual-plugs-replacement-headset-cable-with-control-module\/","title":{"rendered":"CB-14N GA Dual Plugs Ersatz-Headsetkabel mit Steuermodul"},"content":{"rendered":"<h3>Merkmale:<\/h3>\n<ul>\n<li>Ersatzkabel mit GA-Doppelsteckern<\/li>\n<li>Optionaler Steuerkasten<\/li>\n<\/ul>","protected":false},"excerpt":{"rendered":"<p>Das CB-14N Headsetkabel wurde entwickelt, um das bestehende Kabel von Luftfahrt-Headsets mit GA-Doppelsteckern zu ersetzen. Es verf\u00fcgt \u00fcber ein Steuermodul f\u00fcr optionale Funktionen.<br \/>\nDieses Kabel gew\u00e4hrleistet eine klare und zuverl\u00e4ssige Kommunikation zwischen dem Headset und dem Audiosystem des Flugzeugs und bietet den Piloten ein nahtloses Flugerlebnis.<br \/>\nAls Hersteller und professioneller Lieferant von Headset-Adaptern f\u00fcr Flugzeuge entwickelt RayTalk seit \u00fcber 15 Jahren Kommunikationsprodukte.<\/p>","protected":false},"featured_media":4398,"template":"","meta":[],"product_brand":[],"product_cat":[208,267],"product_tag":[],"class_list":{"0":"post-4397","1":"product","2":"type-product","3":"status-publish","4":"has-post-thumbnail","6":"product_cat-aviation","7":"product_cat-adapter-cable-aviation","9":"first","10":"instock","11":"shipping-taxable","12":"purchasable","13":"product-type-simple"},"_links":{"self":[{"href":"https:\/\/raytalkcomms.com\/de\/wp-json\/wp\/v2\/product\/4397","targetHints":{"allow":["GET"]}}],"collection":[{"href":"https:\/\/raytalkcomms.com\/de\/wp-json\/wp\/v2\/product"}],"about":[{"href":"https:\/\/raytalkcomms.com\/de\/wp-json\/wp\/v2\/types\/product"}],"wp:featuredmedia":[{"embeddable":true,"href":"https:\/\/raytalkcomms.com\/de\/wp-json\/wp\/v2\/media\/4398"}],"wp:attachment":[{"href":"https:\/\/raytalkcomms.com\/de\/wp-json\/wp\/v2\/media?parent=4397"}],"wp:term":[{"taxonomy":"product_brand","embeddable":true,"href":"https:\/\/raytalkcomms.com\/de\/wp-json\/wp\/v2\/product_brand?post=4397"},{"taxonomy":"product_cat","embeddable":true,"href":"https:\/\/raytalkcomms.com\/de\/wp-json\/wp\/v2\/product_cat?post=4397"},{"taxonomy":"product_tag","embeddable":true,"href":"https:\/\/raytalkcomms.com\/de\/wp-json\/wp\/v2\/product_tag?post=4397"}],"curies":[{"name":"wp","href":"https:\/\/api.w.org\/{rel}","templated":true}]}}