{"id":4394,"date":"2025-11-07T10:00:21","date_gmt":"2025-11-07T10:00:21","guid":{"rendered":"https:\/\/raytalkcomms.com\/?post_type=product&#038;p=4394"},"modified":"2025-12-19T14:10:23","modified_gmt":"2025-12-19T14:10:23","slug":"cb-14-replaceable-dual-plug-cable-for-general-aviation","status":"publish","type":"product","link":"https:\/\/raytalkcomms.com\/de\/produkt\/cb-14-replaceable-dual-plug-cable-for-general-aviation\/","title":{"rendered":"CB-14 Auswechselbares Kabel mit zwei Steckern f\u00fcr die allgemeine Luftfahrt"},"content":{"rendered":"<h3>Merkmale:<\/h3>\n<ul>\n<li>Ersatzkabel mit GA-Doppelsteckern<\/li>\n<li>Optionale Abzweigdose<\/li>\n<\/ul>","protected":false},"excerpt":{"rendered":"<p>Das CB-14 Headset-Ersatzkabel wird von Piloten h\u00e4ufig f\u00fcr die routinem\u00e4\u00dfige Wartung von Headsets in der allgemeinen Luftfahrt verwendet, und wir bieten ma\u00dfgeschneiderte Optionen, die auf realen Arbeitsabl\u00e4ufen von Piloten basieren. Das CB-14 Headset-Ersatzkabel ist mit einer optionalen Anschlussdose erh\u00e4ltlich.<br \/>\nVor Ort austauschbares Kabel mit Standard-GA-Doppelsteckern f\u00fcr schnelle, zuverl\u00e4ssige Headset-Flugzeug-Verbindungen. Mit verst\u00e4rkter Zugentlastung und einer abriebfesten Ummantelung f\u00fcr den t\u00e4glichen Gebrauch. Kompatibel mit den meisten Headsets und Audiopanels der allgemeinen Luftfahrt. Ideal f\u00fcr Wartungsarbeiten und gemischte Flotten, bei denen schneller Austausch und Betriebszeit wichtig sind.<\/p>","protected":false},"featured_media":4395,"template":"","meta":[],"product_brand":[],"product_cat":[208,267],"product_tag":[],"class_list":{"0":"post-4394","1":"product","2":"type-product","3":"status-publish","4":"has-post-thumbnail","6":"product_cat-aviation","7":"product_cat-adapter-cable-aviation","9":"first","10":"instock","11":"shipping-taxable","12":"purchasable","13":"product-type-simple"},"_links":{"self":[{"href":"https:\/\/raytalkcomms.com\/de\/wp-json\/wp\/v2\/product\/4394","targetHints":{"allow":["GET"]}}],"collection":[{"href":"https:\/\/raytalkcomms.com\/de\/wp-json\/wp\/v2\/product"}],"about":[{"href":"https:\/\/raytalkcomms.com\/de\/wp-json\/wp\/v2\/types\/product"}],"wp:featuredmedia":[{"embeddable":true,"href":"https:\/\/raytalkcomms.com\/de\/wp-json\/wp\/v2\/media\/4395"}],"wp:attachment":[{"href":"https:\/\/raytalkcomms.com\/de\/wp-json\/wp\/v2\/media?parent=4394"}],"wp:term":[{"taxonomy":"product_brand","embeddable":true,"href":"https:\/\/raytalkcomms.com\/de\/wp-json\/wp\/v2\/product_brand?post=4394"},{"taxonomy":"product_cat","embeddable":true,"href":"https:\/\/raytalkcomms.com\/de\/wp-json\/wp\/v2\/product_cat?post=4394"},{"taxonomy":"product_tag","embeddable":true,"href":"https:\/\/raytalkcomms.com\/de\/wp-json\/wp\/v2\/product_tag?post=4394"}],"curies":[{"name":"wp","href":"https:\/\/api.w.org\/{rel}","templated":true}]}}