{"id":4393,"date":"2025-11-07T09:42:32","date_gmt":"2025-11-07T09:42:32","guid":{"rendered":"https:\/\/raytalkcomms.com\/?post_type=product&#038;p=4393"},"modified":"2025-12-19T14:10:23","modified_gmt":"2025-12-19T14:10:23","slug":"cb-13-flying-headsets-portable-ptt","status":"publish","type":"product","link":"https:\/\/raytalkcomms.com\/de\/produkt\/cb-13-flying-headsets-portable-ptt\/","title":{"rendered":"CB-13 Fliegende Headsets Tragbare PTT"},"content":{"rendered":"<h3>Merkmale:<\/h3>\n<ul>\n<li>Direkte Push-to-Talk-Kommunikation ohne Ber\u00fchrung des Funkbedienfelds<\/li>\n<li>Gr\u00f6\u00dfere Mobilit\u00e4t, kompatibel mit mehreren Funkger\u00e4ten und Headsetsystemen in gemischten Flottenumgebungen<\/li>\n<li>Einfach zu transportieren und zu installieren mit flexiblen Befestigungsm\u00f6glichkeiten<\/li>\n<\/ul>","protected":false},"excerpt":{"rendered":"<p>CB-13 Portable PTT erm\u00f6glicht sofortiges Push-to-Talk f\u00fcr fliegende Headsets, kein Funkger\u00e4tpanel erforderlich, leicht und kompatibel mit mehreren Funkger\u00e4ten. Headsets f\u00fcr die Luftfahrt sind normalerweise nicht mit integrierten Push-to-Talk-Tasten ausgestattet. Dies liegt daran, dass die meisten modernen Flugzeuge Push-to-Talk-Tasten in den Steuerb\u00fcgel eingebaut haben.<br \/>\n\u201cIn der \u201dVor-Headset-\u00c4ra\u201c gab es diese praktische Funktion nicht. Die L\u00f6sung besteht darin, eine tragbare PTT-Taste (Push-to-Talk) mit Steckanschl\u00fcssen zu verwenden, die am Gurt befestigt werden kann. Diese k\u00f6nnen sehr schnell von einem Flugzeug zum anderen mitgenommen werden und sind daher ideal f\u00fcr Mieter.<br \/>\nAls Hersteller und professioneller Anbieter von Headset-Adaptern f\u00fcr Flugzeuge widmet sich RayTalk seit \u00fcber 15 Jahren der Entwicklung von Kommunikationsprodukten.<\/p>","protected":false},"featured_media":4392,"template":"","meta":[],"product_brand":[],"product_cat":[208,267],"product_tag":[],"class_list":{"0":"post-4393","1":"product","2":"type-product","3":"status-publish","4":"has-post-thumbnail","6":"product_cat-aviation","7":"product_cat-adapter-cable-aviation","9":"first","10":"instock","11":"shipping-taxable","12":"purchasable","13":"product-type-simple"},"_links":{"self":[{"href":"https:\/\/raytalkcomms.com\/de\/wp-json\/wp\/v2\/product\/4393","targetHints":{"allow":["GET"]}}],"collection":[{"href":"https:\/\/raytalkcomms.com\/de\/wp-json\/wp\/v2\/product"}],"about":[{"href":"https:\/\/raytalkcomms.com\/de\/wp-json\/wp\/v2\/types\/product"}],"wp:featuredmedia":[{"embeddable":true,"href":"https:\/\/raytalkcomms.com\/de\/wp-json\/wp\/v2\/media\/4392"}],"wp:attachment":[{"href":"https:\/\/raytalkcomms.com\/de\/wp-json\/wp\/v2\/media?parent=4393"}],"wp:term":[{"taxonomy":"product_brand","embeddable":true,"href":"https:\/\/raytalkcomms.com\/de\/wp-json\/wp\/v2\/product_brand?post=4393"},{"taxonomy":"product_cat","embeddable":true,"href":"https:\/\/raytalkcomms.com\/de\/wp-json\/wp\/v2\/product_cat?post=4393"},{"taxonomy":"product_tag","embeddable":true,"href":"https:\/\/raytalkcomms.com\/de\/wp-json\/wp\/v2\/product_tag?post=4393"}],"curies":[{"name":"wp","href":"https:\/\/api.w.org\/{rel}","templated":true}]}}