{"id":4378,"date":"2025-11-07T07:46:47","date_gmt":"2025-11-07T07:46:47","guid":{"rendered":"https:\/\/raytalkcomms.com\/?post_type=product&#038;p=4378"},"modified":"2025-12-19T14:10:22","modified_gmt":"2025-12-19T14:10:22","slug":"cb-10-airbus-headset-to-ga-dual-plugs-headset-cable","status":"publish","type":"product","link":"https:\/\/raytalkcomms.com\/de\/produkt\/cb-10-airbus-headset-to-ga-dual-plugs-headset-cable\/","title":{"rendered":"CB-10 Airbus Headset zu GA Dual Plugs Headset Kabel"},"content":{"rendered":"<h3>Merkmale:<\/h3>\n<ul>\n<li>Wandelt das Airbus-Headset in einen GA-Doppelstecker um.<\/li>\n<li>Reduziert Wartungs- und Austauschkosten durch \u00dcberbr\u00fcckung von nicht aufeinander abgestimmten Flugzeug-Audiosystemen und Headset-Anschl\u00fcssen.<\/li>\n<li>Liefert klaren, zuverl\u00e4ssigen Ton f\u00fcr konsistente Kommunikation im Cockpit.<\/li>\n<li>RayTalk bietet Flugzeug-Headset-Adapter zu wettbewerbsf\u00e4higen Preisen an, damit Sie eine schnelle, klare und zuverl\u00e4ssige Kommunikation in der Luftfahrt erreichen k\u00f6nnen.<\/li>\n<\/ul>","protected":false},"excerpt":{"rendered":"<p>Dieser Headsetkabel-Adapter CB-10 konvertiert Ihr Airbus-Headset in das GA-Intercom\/Funksystem. Nimmt Standard XLR-5 PIN\/DIN Airbus-Stecker auf. Passt zu PJ-055 und PJ-068 Steckern.<\/p>\n<p>Sichere Anschl\u00fcsse, zugentlastete Verbindungen und eine abriebfeste Ummantelung sorgen f\u00fcr zuverl\u00e4ssigen Klang und geringere Ausfallzeiten. So k\u00f6nnen Sie Ihr bevorzugtes Headset weiterhin nahtlos mit mehreren Flugzeugen verwenden.<\/p>","protected":false},"featured_media":4379,"template":"","meta":[],"product_brand":[],"product_cat":[208,267],"product_tag":[],"class_list":{"0":"post-4378","1":"product","2":"type-product","3":"status-publish","4":"has-post-thumbnail","6":"product_cat-aviation","7":"product_cat-adapter-cable-aviation","9":"first","10":"instock","11":"shipping-taxable","12":"purchasable","13":"product-type-simple"},"_links":{"self":[{"href":"https:\/\/raytalkcomms.com\/de\/wp-json\/wp\/v2\/product\/4378","targetHints":{"allow":["GET"]}}],"collection":[{"href":"https:\/\/raytalkcomms.com\/de\/wp-json\/wp\/v2\/product"}],"about":[{"href":"https:\/\/raytalkcomms.com\/de\/wp-json\/wp\/v2\/types\/product"}],"wp:featuredmedia":[{"embeddable":true,"href":"https:\/\/raytalkcomms.com\/de\/wp-json\/wp\/v2\/media\/4379"}],"wp:attachment":[{"href":"https:\/\/raytalkcomms.com\/de\/wp-json\/wp\/v2\/media?parent=4378"}],"wp:term":[{"taxonomy":"product_brand","embeddable":true,"href":"https:\/\/raytalkcomms.com\/de\/wp-json\/wp\/v2\/product_brand?post=4378"},{"taxonomy":"product_cat","embeddable":true,"href":"https:\/\/raytalkcomms.com\/de\/wp-json\/wp\/v2\/product_cat?post=4378"},{"taxonomy":"product_tag","embeddable":true,"href":"https:\/\/raytalkcomms.com\/de\/wp-json\/wp\/v2\/product_tag?post=4378"}],"curies":[{"name":"wp","href":"https:\/\/api.w.org\/{rel}","templated":true}]}}