{"id":4374,"date":"2025-11-07T07:32:40","date_gmt":"2025-11-07T07:32:40","guid":{"rendered":"https:\/\/raytalkcomms.com\/?post_type=product&#038;p=4374"},"modified":"2025-12-19T14:10:22","modified_gmt":"2025-12-19T14:10:22","slug":"cb-09-helicopter-headset-to-6-pin-lemo-adapter-connector-cable","status":"publish","type":"product","link":"https:\/\/raytalkcomms.com\/de\/produkt\/cb-09-helicopter-headset-to-6-pin-lemo-adapter-connector-cable\/","title":{"rendered":"CB-09 Helikopter-Headset auf 6-poligen LEMO-Adapter-Anschlusskabel"},"content":{"rendered":"<h3>Merkmale:<\/h3>\n<ul>\n<li>Zum direkten Anschluss von Hubschrauber-Headsets an 6-polige LEMO-Einbaubuchsen.<\/li>\n<li>Mehr Flexibilit\u00e4t bei der Umstellung von Hubschraubersystemen auf 6-polige Flugzeug-Intercom-Systeme.<\/li>\n<li>Sorgt f\u00fcr klare Kommunikation zwischen Piloten und Flugsicherungsteams.<\/li>\n<\/ul>","protected":false},"excerpt":{"rendered":"<p>Mit dem CB-09 Adapterkabel k\u00f6nnen Piloten einen Hubschrauber-Headset-Stecker in Sekundenschnelle an 6-polige LEMO-Panel-Power-Intercoms anschlie\u00dfen, ohne dass eine Neuverkabelung oder ein neues Headset erforderlich ist. Mit dem CB-09 kann die Besatzung m\u00fchelos zwischen verschiedenen Flugzeugen und Audiopanels wechseln und so ihr bevorzugtes Headset auch in gemischten Flotten einsetzen. Abgeschirmte Leiter, sichere Verriegelungsschnittstellen und eine verst\u00e4rkte Zugentlastung sorgen f\u00fcr einen klaren Klang und eine lange Lebensdauer, wodurch Ausfallzeiten und Kompatibilit\u00e4tsprobleme reduziert werden.<\/p>\n<p>RayTalk bietet Flugzeug-Headset-Adapter im Gro\u00dfhandel zu wettbewerbsf\u00e4higen Preisen an, die vielseitigere, hochwertige Werkzeuge f\u00fcr eine schnelle, einfache und effektive Kommunikation bieten.<\/p>","protected":false},"featured_media":4375,"template":"","meta":[],"product_brand":[],"product_cat":[208,267],"product_tag":[],"class_list":{"0":"post-4374","1":"product","2":"type-product","3":"status-publish","4":"has-post-thumbnail","6":"product_cat-aviation","7":"product_cat-adapter-cable-aviation","9":"first","10":"instock","11":"shipping-taxable","12":"purchasable","13":"product-type-simple"},"_links":{"self":[{"href":"https:\/\/raytalkcomms.com\/de\/wp-json\/wp\/v2\/product\/4374","targetHints":{"allow":["GET"]}}],"collection":[{"href":"https:\/\/raytalkcomms.com\/de\/wp-json\/wp\/v2\/product"}],"about":[{"href":"https:\/\/raytalkcomms.com\/de\/wp-json\/wp\/v2\/types\/product"}],"wp:featuredmedia":[{"embeddable":true,"href":"https:\/\/raytalkcomms.com\/de\/wp-json\/wp\/v2\/media\/4375"}],"wp:attachment":[{"href":"https:\/\/raytalkcomms.com\/de\/wp-json\/wp\/v2\/media?parent=4374"}],"wp:term":[{"taxonomy":"product_brand","embeddable":true,"href":"https:\/\/raytalkcomms.com\/de\/wp-json\/wp\/v2\/product_brand?post=4374"},{"taxonomy":"product_cat","embeddable":true,"href":"https:\/\/raytalkcomms.com\/de\/wp-json\/wp\/v2\/product_cat?post=4374"},{"taxonomy":"product_tag","embeddable":true,"href":"https:\/\/raytalkcomms.com\/de\/wp-json\/wp\/v2\/product_tag?post=4374"}],"curies":[{"name":"wp","href":"https:\/\/api.w.org\/{rel}","templated":true}]}}