{"id":4365,"date":"2025-11-07T07:10:24","date_gmt":"2025-11-07T07:10:24","guid":{"rendered":"https:\/\/raytalkcomms.com\/?post_type=product&#038;p=4365"},"modified":"2025-12-19T14:10:22","modified_gmt":"2025-12-19T14:10:22","slug":"cb-07-6-pin-lemo-bose-a20-headset-to-airbus-headset-connector","status":"publish","type":"product","link":"https:\/\/raytalkcomms.com\/de\/produkt\/cb-07-6-pin-lemo-bose-a20-headset-to-airbus-headset-connector\/","title":{"rendered":"CB-07 6 Pin LEMO Bose A20 Headset auf Airbus Headset Stecker"},"content":{"rendered":"<h3>Merkmale:<\/h3>\n<ul>\n<li>Erm\u00f6glicht nahtlose Kompatibilit\u00e4t zwischen Bose und Airbus f\u00fcr die Cockpit-Kommunikation.<\/li>\n<li>Bietet eine direkte, zuverl\u00e4ssige Schnittstelle, die keine zus\u00e4tzliche Konfiguration erfordert.<\/li>\n<li>Sorgt f\u00fcr einen klaren Mikrofon- und Kopfh\u00f6rerton \u00fcber die Gegensprechanlage und Funkger\u00e4te.<\/li>\n<li>Robuste Kabel und Stecker, die f\u00fcr anspruchsvolle Cockpit-Umgebungen entwickelt wurden.<\/li>\n<li>Ideal f\u00fcr Piloten und Bediener, die BOSE A20 Headsets auf Airbus Flugdecks verwenden.<\/li>\n<\/ul>","protected":false},"excerpt":{"rendered":"<p>Das CB-07 Adapterkabel verbindet Ihr Bose-Headset direkt mit den Intercom-Systemen von Airbus. Schlie\u00dfen Sie einfach Ihren 6-poligen LEMO-Stecker von Bose an das CB-07-Adapterkabel an, um Ihr Headset nahtlos mit Airbus-Systemen zu verwenden. Dies gibt Ihrem Team mehr Flexibilit\u00e4t, ohne dass Sie sich neu ausr\u00fcsten oder spezielle Airbus-Headsets kaufen m\u00fcssen.<br \/>\nRayTalk haben Luftfahrt-Headset-Adapter Gro\u00dfhandel zu wettbewerbsf\u00e4higen Preisen, die vielseitigere, qualitativ hochwertige Werkzeuge f\u00fcr eine schnelle, einfache und effektive Kommunikation bieten.<\/p>","protected":false},"featured_media":4366,"template":"","meta":[],"product_brand":[],"product_cat":[208,267],"product_tag":[],"class_list":{"0":"post-4365","1":"product","2":"type-product","3":"status-publish","4":"has-post-thumbnail","6":"product_cat-aviation","7":"product_cat-adapter-cable-aviation","9":"first","10":"instock","11":"shipping-taxable","12":"purchasable","13":"product-type-simple"},"_links":{"self":[{"href":"https:\/\/raytalkcomms.com\/de\/wp-json\/wp\/v2\/product\/4365","targetHints":{"allow":["GET"]}}],"collection":[{"href":"https:\/\/raytalkcomms.com\/de\/wp-json\/wp\/v2\/product"}],"about":[{"href":"https:\/\/raytalkcomms.com\/de\/wp-json\/wp\/v2\/types\/product"}],"wp:featuredmedia":[{"embeddable":true,"href":"https:\/\/raytalkcomms.com\/de\/wp-json\/wp\/v2\/media\/4366"}],"wp:attachment":[{"href":"https:\/\/raytalkcomms.com\/de\/wp-json\/wp\/v2\/media?parent=4365"}],"wp:term":[{"taxonomy":"product_brand","embeddable":true,"href":"https:\/\/raytalkcomms.com\/de\/wp-json\/wp\/v2\/product_brand?post=4365"},{"taxonomy":"product_cat","embeddable":true,"href":"https:\/\/raytalkcomms.com\/de\/wp-json\/wp\/v2\/product_cat?post=4365"},{"taxonomy":"product_tag","embeddable":true,"href":"https:\/\/raytalkcomms.com\/de\/wp-json\/wp\/v2\/product_tag?post=4365"}],"curies":[{"name":"wp","href":"https:\/\/api.w.org\/{rel}","templated":true}]}}