{"id":4361,"date":"2025-11-07T06:54:04","date_gmt":"2025-11-07T06:54:04","guid":{"rendered":"https:\/\/raytalkcomms.com\/?post_type=product&#038;p=4361"},"modified":"2025-12-19T14:10:22","modified_gmt":"2025-12-19T14:10:22","slug":"cb-06-bose-6-pin-lemo-headset-to-ga-dual-plug-adapter","status":"publish","type":"product","link":"https:\/\/raytalkcomms.com\/de\/produkt\/cb-06-bose-6-pin-lemo-headset-to-ga-dual-plug-adapter\/","title":{"rendered":"CB-06 BOSE 6 Pin LEMO Headset auf GA Dual Plug Adapter"},"content":{"rendered":"<h3>Merkmale:<\/h3>\n<ul>\n<li>Erm\u00f6glicht den Anschluss von BOSE 6-Pin-LEMO-Headsets an GA-Doppelsteckerbuchsen.<\/li>\n<li>Kompatibel mit den g\u00e4ngigen BOSE ANR Aviation Headsets.<\/li>\n<li>Sorgt f\u00fcr eine klare Mikrofon- und Stereo-Audioleistung.<\/li>\n<li>Robuster Adapter und Kabel f\u00fcr den t\u00e4glichen Einsatz im Cockpit.<\/li>\n<li>Ideal f\u00fcr Piloten und Betreiber von LEMO- und GA-Panels.<\/li>\n<\/ul>","protected":false},"excerpt":{"rendered":"<p>Wandelt einen 6-poligen Stecker in einen dualen GA-Stecker um und bietet so flexible Anschlussm\u00f6glichkeiten f\u00fcr verschiedene Flugzeugsysteme. Erm\u00f6glicht die Verwendung eines Bose A20 Panel Powered Headsets in einem Starrfl\u00fcgelflugzeug, das nicht speziell mit einem 6-poligen LEMO-Stecker verkabelt ist. Stecken Sie einfach Ihren 6-poligen LEOM-Stecker des Bose A20 in diesen Bluetooth-Adapter f\u00fcr Luftfahrt-Headsets und schon haben Sie zwei Stecker, die in fast allen Starrfl\u00fcglern verwendet werden k\u00f6nnen.<\/p>","protected":false},"featured_media":4362,"template":"","meta":[],"product_brand":[],"product_cat":[208,267],"product_tag":[],"class_list":{"0":"post-4361","1":"product","2":"type-product","3":"status-publish","4":"has-post-thumbnail","6":"product_cat-aviation","7":"product_cat-adapter-cable-aviation","9":"first","10":"instock","11":"shipping-taxable","12":"purchasable","13":"product-type-simple"},"_links":{"self":[{"href":"https:\/\/raytalkcomms.com\/de\/wp-json\/wp\/v2\/product\/4361","targetHints":{"allow":["GET"]}}],"collection":[{"href":"https:\/\/raytalkcomms.com\/de\/wp-json\/wp\/v2\/product"}],"about":[{"href":"https:\/\/raytalkcomms.com\/de\/wp-json\/wp\/v2\/types\/product"}],"wp:featuredmedia":[{"embeddable":true,"href":"https:\/\/raytalkcomms.com\/de\/wp-json\/wp\/v2\/media\/4362"}],"wp:attachment":[{"href":"https:\/\/raytalkcomms.com\/de\/wp-json\/wp\/v2\/media?parent=4361"}],"wp:term":[{"taxonomy":"product_brand","embeddable":true,"href":"https:\/\/raytalkcomms.com\/de\/wp-json\/wp\/v2\/product_brand?post=4361"},{"taxonomy":"product_cat","embeddable":true,"href":"https:\/\/raytalkcomms.com\/de\/wp-json\/wp\/v2\/product_cat?post=4361"},{"taxonomy":"product_tag","embeddable":true,"href":"https:\/\/raytalkcomms.com\/de\/wp-json\/wp\/v2\/product_tag?post=4361"}],"curies":[{"name":"wp","href":"https:\/\/api.w.org\/{rel}","templated":true}]}}