{"id":4347,"date":"2025-11-07T05:03:46","date_gmt":"2025-11-07T05:03:46","guid":{"rendered":"https:\/\/raytalkcomms.com\/?post_type=product&#038;p=4347"},"modified":"2025-12-19T14:10:22","modified_gmt":"2025-12-19T14:10:22","slug":"cb-03-airbus-headset-to-helicopter-cable-adapter","status":"publish","type":"product","link":"https:\/\/raytalkcomms.com\/de\/produkt\/cb-03-airbus-headset-to-helicopter-cable-adapter\/","title":{"rendered":"CB-03 Airbus Headset auf Helikopter Kabel Adapter"},"content":{"rendered":"<h3>Merkmale:<\/h3>\n<ul>\n<li>Passt Airbus-Headsets f\u00fcr die Verwendung mit Hubschrauber-Audiosystemen an.<\/li>\n<li>Sorgt f\u00fcr klaren Sende- und Empfangston \u00fcber die Gegensprechanlage und die Funkger\u00e4te.<\/li>\n<li>Robuste Kabel und Stecker f\u00fcr anspruchsvolle Cockpit-Umgebungen.<\/li>\n<li>Ideal f\u00fcr Piloten, Besatzungen und Betreiber, die gemischte Airbus- und Hubschrauberflotten fliegen.<\/li>\n<\/ul>","protected":false},"excerpt":{"rendered":"<p>Das CB-03 ist ein Adapterkabel f\u00fcr Headsets in der Luftfahrt, das eine nahtlose Verbindung zwischen verschiedenen Kommunikationssystemen in der Luftfahrt erm\u00f6glicht. Dieses CB-03 Adapterkabel erm\u00f6glicht es Ihnen, Ihr Airbus-Headset mit einem Helikopter-Intercom-Kommunikationssystem zu verwenden. Dies funktioniert auch auf verschiedenen ATR-Flugzeugen, die den XLR-Anschluss verwenden.<\/p>","protected":false},"featured_media":4349,"template":"","meta":[],"product_brand":[],"product_cat":[208,267],"product_tag":[],"class_list":{"0":"post-4347","1":"product","2":"type-product","3":"status-publish","4":"has-post-thumbnail","6":"product_cat-aviation","7":"product_cat-adapter-cable-aviation","9":"first","10":"instock","11":"shipping-taxable","12":"purchasable","13":"product-type-simple"},"_links":{"self":[{"href":"https:\/\/raytalkcomms.com\/de\/wp-json\/wp\/v2\/product\/4347","targetHints":{"allow":["GET"]}}],"collection":[{"href":"https:\/\/raytalkcomms.com\/de\/wp-json\/wp\/v2\/product"}],"about":[{"href":"https:\/\/raytalkcomms.com\/de\/wp-json\/wp\/v2\/types\/product"}],"wp:featuredmedia":[{"embeddable":true,"href":"https:\/\/raytalkcomms.com\/de\/wp-json\/wp\/v2\/media\/4349"}],"wp:attachment":[{"href":"https:\/\/raytalkcomms.com\/de\/wp-json\/wp\/v2\/media?parent=4347"}],"wp:term":[{"taxonomy":"product_brand","embeddable":true,"href":"https:\/\/raytalkcomms.com\/de\/wp-json\/wp\/v2\/product_brand?post=4347"},{"taxonomy":"product_cat","embeddable":true,"href":"https:\/\/raytalkcomms.com\/de\/wp-json\/wp\/v2\/product_cat?post=4347"},{"taxonomy":"product_tag","embeddable":true,"href":"https:\/\/raytalkcomms.com\/de\/wp-json\/wp\/v2\/product_tag?post=4347"}],"curies":[{"name":"wp","href":"https:\/\/api.w.org\/{rel}","templated":true}]}}