{"id":4339,"date":"2025-11-07T03:36:54","date_gmt":"2025-11-07T03:36:54","guid":{"rendered":"https:\/\/raytalkcomms.com\/?post_type=product&#038;p=4339"},"modified":"2025-12-19T14:10:22","modified_gmt":"2025-12-19T14:10:22","slug":"cb-01-aviation-headset-adapter-cable-ga-headset-to-helicopter","status":"publish","type":"product","link":"https:\/\/raytalkcomms.com\/de\/produkt\/cb-01-aviation-headset-adapter-cable-ga-headset-to-helicopter\/","title":{"rendered":"CB-01 Aviation Headset Adapterkabel GA Headset zu Helikopter"},"content":{"rendered":"<h3>Merkmale:<\/h3>\n<ul>\n<li>Das Adapterkabel wandelt den Doppelstecker eines GA-Headsets in einen Einzelstecker f\u00fcr Hubschrauber um.<\/li>\n<li>Erm\u00f6glicht eine direkte Verbindung, ohne dass eine zus\u00e4tzliche Konfiguration erforderlich ist.<\/li>\n<li>Liefert klare Mikrofon- und Kopfh\u00f6rert\u00f6ne \u00fcber Gegensprechanlagen und Funkger\u00e4te.<\/li>\n<li>Langlebige Kabel und Stecker f\u00fcr den h\u00e4ufigen Einsatz im Cockpit.<\/li>\n<li>Ideal f\u00fcr Piloten, Besatzungen und Flugschulen mit gemischten Flotten.<\/li>\n<\/ul>","protected":false},"excerpt":{"rendered":"<p>Das CB-01 ist ein Headsetkabel f\u00fcr die Luftfahrt, das als Adapter fungiert und den nahtlosen Anschluss von GA-Headsets an Hubschrauber-Intercom-Systeme erm\u00f6glicht.<br \/>\nMit diesem Adapterkabel k\u00f6nnen Sie Ihr Dual-GA-Stecker-Headset auf Helikopterstecker umstellen.<br \/>\nUmr\u00fcstung der Stecker f\u00fcr die allgemeine Luftfahrt PJ-068 und PJ-055B oder gleichwertiger Stecker auf U-174\/U oder gleichwertigen Hubschrauberstecker<br \/>\nEinfach zu bedienen, keine Notwendigkeit, einzurichten, Plug and Play. Nimmt hohe Qualit\u00e4t Material, Studie und langlebig.<br \/>\nTragbare und kompakte Gr\u00f6\u00dfe, leicht \u00fcberall und jederzeit zu tragen.<\/p>\n<p>RayTalk hat Flugzeug-Headset-Adapter Gro\u00dfhandel zu wettbewerbsf\u00e4higen Preisen, die vielseitigere, qualitativ hochwertige Werkzeuge f\u00fcr schnelle, einfache und effektive Kommunikation bieten.<\/p>","protected":false},"featured_media":4341,"template":"","meta":[],"product_brand":[],"product_cat":[208,267],"product_tag":[],"class_list":{"0":"post-4339","1":"product","2":"type-product","3":"status-publish","4":"has-post-thumbnail","6":"product_cat-aviation","7":"product_cat-adapter-cable-aviation","9":"first","10":"instock","11":"shipping-taxable","12":"purchasable","13":"product-type-simple"},"_links":{"self":[{"href":"https:\/\/raytalkcomms.com\/de\/wp-json\/wp\/v2\/product\/4339","targetHints":{"allow":["GET"]}}],"collection":[{"href":"https:\/\/raytalkcomms.com\/de\/wp-json\/wp\/v2\/product"}],"about":[{"href":"https:\/\/raytalkcomms.com\/de\/wp-json\/wp\/v2\/types\/product"}],"wp:featuredmedia":[{"embeddable":true,"href":"https:\/\/raytalkcomms.com\/de\/wp-json\/wp\/v2\/media\/4341"}],"wp:attachment":[{"href":"https:\/\/raytalkcomms.com\/de\/wp-json\/wp\/v2\/media?parent=4339"}],"wp:term":[{"taxonomy":"product_brand","embeddable":true,"href":"https:\/\/raytalkcomms.com\/de\/wp-json\/wp\/v2\/product_brand?post=4339"},{"taxonomy":"product_cat","embeddable":true,"href":"https:\/\/raytalkcomms.com\/de\/wp-json\/wp\/v2\/product_cat?post=4339"},{"taxonomy":"product_tag","embeddable":true,"href":"https:\/\/raytalkcomms.com\/de\/wp-json\/wp\/v2\/product_tag?post=4339"}],"curies":[{"name":"wp","href":"https:\/\/api.w.org\/{rel}","templated":true}]}}