{"id":4333,"date":"2025-11-06T12:22:17","date_gmt":"2025-11-06T12:22:17","guid":{"rendered":"https:\/\/raytalkcomms.com\/?post_type=product&#038;p=4333"},"modified":"2025-12-25T07:44:08","modified_gmt":"2025-12-25T07:44:08","slug":"epac-10e-faux-leather-ear-cushions-for-ph-600a","status":"publish","type":"product","link":"https:\/\/raytalkcomms.com\/de\/produkt\/epac-10e-faux-leather-ear-cushions-for-ph-600a\/","title":{"rendered":"EPAC-10E Kunstleder-Ohrpassst\u00fccke f\u00fcr PH-600A"},"content":{"rendered":"<h3>W\u00e4hlen Sie die Ohrpolster, die zu Ihrem Betrieb passen:<\/h3>\n<ul>\n<li>Kunstleder-Kissen<\/li>\n<li>100 \u00d7 80 \u00d7 20 mm<\/li>\n<\/ul>","protected":false},"excerpt":{"rendered":"<p>EPAC-10E bietet eine leichte, komfortable Dichtung mit starker akustischer Isolierung und langer Lebensdauer. Die glatte Kunstlederoberfl\u00e4che l\u00e4sst sich leicht abwischen und bleibt auch bei kalten oder hei\u00dfen Temperaturen geschmeidig, sodass sich die Besatzung zu jeder Jahreszeit wohl f\u00fchlt. Diese Polster geh\u00f6ren zur Standardausstattung unseres PH 600A Bluetooth ANR Aviation Headsets und passen auch auf die meisten anderen Aviation Headsets. Die Installation ist schnell und einfach und sch\u00fctzt die Ohrmuscheln, verbessert die Abdichtung und erh\u00f6ht die Kommunikationsklarheit bei Schulungen und kommerziellen Eins\u00e4tzen.<br \/>\nAls professioneller Hersteller und Lieferant von Flugzeug-Headset-Zubeh\u00f6r widmet sich RayTalk seit \u00fcber 15 Jahren der Entwicklung von Kommunikationsprodukten f\u00fcr die Luftfahrt. Wir bieten hochwertige Headset-Ohrpolster zu wettbewerbsf\u00e4higen Preisen f\u00fcr den Gro\u00dfhandel und bieten vielseitiges Zubeh\u00f6r, das eine effiziente und zuverl\u00e4ssige Kommunikation f\u00fcr Piloten und Luftfahrtunternehmen gew\u00e4hrleistet.<\/p>","protected":false},"featured_media":4327,"template":"","meta":[],"product_brand":[],"product_cat":[208,246],"product_tag":[],"class_list":{"0":"post-4333","1":"product","2":"type-product","3":"status-publish","4":"has-post-thumbnail","6":"product_cat-aviation","7":"product_cat-headset-accessories","9":"first","10":"instock","11":"shipping-taxable","12":"purchasable","13":"product-type-simple"},"_links":{"self":[{"href":"https:\/\/raytalkcomms.com\/de\/wp-json\/wp\/v2\/product\/4333","targetHints":{"allow":["GET"]}}],"collection":[{"href":"https:\/\/raytalkcomms.com\/de\/wp-json\/wp\/v2\/product"}],"about":[{"href":"https:\/\/raytalkcomms.com\/de\/wp-json\/wp\/v2\/types\/product"}],"wp:featuredmedia":[{"embeddable":true,"href":"https:\/\/raytalkcomms.com\/de\/wp-json\/wp\/v2\/media\/4327"}],"wp:attachment":[{"href":"https:\/\/raytalkcomms.com\/de\/wp-json\/wp\/v2\/media?parent=4333"}],"wp:term":[{"taxonomy":"product_brand","embeddable":true,"href":"https:\/\/raytalkcomms.com\/de\/wp-json\/wp\/v2\/product_brand?post=4333"},{"taxonomy":"product_cat","embeddable":true,"href":"https:\/\/raytalkcomms.com\/de\/wp-json\/wp\/v2\/product_cat?post=4333"},{"taxonomy":"product_tag","embeddable":true,"href":"https:\/\/raytalkcomms.com\/de\/wp-json\/wp\/v2\/product_tag?post=4333"}],"curies":[{"name":"wp","href":"https:\/\/api.w.org\/{rel}","templated":true}]}}